{"id":82094,"date":"2025-11-08T17:19:46","date_gmt":"2025-11-08T16:19:46","guid":{"rendered":"https:\/\/jjcustomworks.se\/product\/snake-eye-tactical-samurai-reverse-jintachi-sword-se-676lb\/"},"modified":"2026-04-19T06:57:21","modified_gmt":"2026-04-19T04:57:21","slug":"c-900s-epee-medievale-45-5-pouces-longue","status":"publish","type":"product","link":"https:\/\/jjcustomworks.se\/fr\/produit\/c-900s-epee-medievale-45-5-pouces-longue\/","title":{"rendered":"C-900S \u00c9p\u00e9e M\u00e9di\u00e9vale 45.5\" Longue | Blades USA"},"content":{"rendered":"<h1>C-900S \u00c9p\u00e9e M\u00e9di\u00e9vale 45.5\" Longue<\/h1><p>D\u00e9couvrez l'impressionnante <a href=\"https:\/\/jjcustomworks.se\/fr\/categorie-de-produit\/autres_produits\/swords\/swords-europe\/\">\u00e9p\u00e9e m\u00e9di\u00e9vale<\/a> C-900S de Blades USA, une r\u00e9plique magnifiquement con\u00e7ue qui capture l'essence d'une \u00e9poque r\u00e9volue. Cette \u00e9p\u00e9e est plus qu'une simple d\u00e9coration; c'est une \u0153uvre d'art qui ornera toute collection ou int\u00e9rieur. Son design saisissant et ses d\u00e9tails m\u00e9ticuleux en font un excellent sujet de conversation et une pi\u00e8ce intemporelle.<\/p><h2><span class=\"ez-toc-section\" id=\"Conception_et_Materiaux\"><\/span>Conception et mat\u00e9riaux<span class=\"ez-toc-section-end\"><\/span><\/h2><p>L'\u00e9p\u00e9e C-900S est con\u00e7ue avec pr\u00e9cision pour offrir \u00e0 la fois esth\u00e9tique et durabilit\u00e9. Avec une <a href=\"https:\/\/jjcustomworks.se\/fr\/magasin\/\">longueur totale<\/a> de 45.5 pouces (environ 115.5 cm), cette \u00e9p\u00e9e procure une sensation authentique et une impression majestueuse, parfaite pour ceux qui appr\u00e9cient l'artisanat m\u00e9di\u00e9val. La lame est fabriqu\u00e9e en acier inoxydable, garantissant qu'elle conserve son \u00e9clat et r\u00e9siste \u00e0 la corrosion pour une beaut\u00e9 durable.<\/p><h3><span class=\"ez-toc-section\" id=\"Details_Uniques\"><\/span>D\u00e9tails Uniques<span class=\"ez-toc-section-end\"><\/span><\/h3><ul><li><strong>Lame Grav\u00e9e au Laser:<\/strong> L'\u00e9p\u00e9e Silver Excalibur pr\u00e9sente une lame unique grav\u00e9e au laser qui ajoute une touche de myst\u00e8re et de d\u00e9tails complexes, rendant chaque \u00e9p\u00e9e unique.<\/li><li><strong>Finition Argent\u00e9e:<\/strong> Le pommeau et la garde sont \u00e9l\u00e9gamment finis en argent, compl\u00e9tant l'apparence de la lame et offrant une sensation luxueuse.<\/li><li><strong>Plaque de Pr\u00e9sentation en Bois:<\/strong> Pour vous permettre de pr\u00e9senter imm\u00e9diatement votre nouvelle \u00e9p\u00e9e, une plaque de pr\u00e9sentation robuste en bois est incluse. Cette plaque facilite le montage de l'\u00e9p\u00e9e au mur, la transformant en un \u00e9l\u00e9ment d\u00e9coratif sophistiqu\u00e9 qui attire v\u00e9ritablement le regard. Parcourez d'autres articles sur notre <a href=\"https:\/\/jjcustomworks.se\/fr\/\">page d&#039;accueil<\/a>.<\/li><\/ul>","protected":false},"excerpt":{"rendered":"<p>C-900S \u00c9p\u00e9e M\u00e9di\u00e9vale 45.5&#8243; LongueD\u00e9couvrez l&#8217;impressionnante \u00e9p\u00e9e m\u00e9di\u00e9vale C-900S de Blades USA, une r\u00e9plique magnifiquement con\u00e7ue qui capture l&#8217;essence d&#8217;une \u00e9poque r\u00e9volue. Cette \u00e9p\u00e9e est plus qu&#8217;une simple d\u00e9coration; c&#8217;est une \u0153uvre d&#8217;art qui ornera toute collection ou int\u00e9rieur. Son design saisissant et ses d\u00e9tails m\u00e9ticuleux en font un excellent sujet de conversation et une [&#8230;]\n","protected":false},"featured_media":82093,"template":"","meta":[],"product_brand":[],"product_cat":[1275],"product_tag":[],"class_list":{"0":"post-82094","1":"product","2":"type-product","3":"status-publish","4":"has-post-thumbnail","6":"product_cat-swords-europe","8":"first","9":"onbackorder","10":"taxable","11":"shipping-taxable","12":"purchasable","13":"product-type-simple"},"_links":{"self":[{"href":"https:\/\/jjcustomworks.se\/fr\/wp-json\/wp\/v2\/product\/82094","targetHints":{"allow":["GET"]}}],"collection":[{"href":"https:\/\/jjcustomworks.se\/fr\/wp-json\/wp\/v2\/product"}],"about":[{"href":"https:\/\/jjcustomworks.se\/fr\/wp-json\/wp\/v2\/types\/product"}],"wp:featuredmedia":[{"embeddable":true,"href":"https:\/\/jjcustomworks.se\/fr\/wp-json\/wp\/v2\/media\/82093"}],"wp:attachment":[{"href":"https:\/\/jjcustomworks.se\/fr\/wp-json\/wp\/v2\/media?parent=82094"}],"wp:term":[{"taxonomy":"product_brand","embeddable":true,"href":"https:\/\/jjcustomworks.se\/fr\/wp-json\/wp\/v2\/product_brand?post=82094"},{"taxonomy":"product_cat","embeddable":true,"href":"https:\/\/jjcustomworks.se\/fr\/wp-json\/wp\/v2\/product_cat?post=82094"},{"taxonomy":"product_tag","embeddable":true,"href":"https:\/\/jjcustomworks.se\/fr\/wp-json\/wp\/v2\/product_tag?post=82094"}],"curies":[{"name":"wp","href":"https:\/\/api.w.org\/{rel}","templated":true}]}}