{"id":81367,"date":"2025-10-17T03:43:35","date_gmt":"2025-10-17T01:43:35","guid":{"rendered":"https:\/\/jjcustomworks.se\/product\/samurai-sword-set-of-3-incl-display-2\/"},"modified":"2026-04-22T00:56:45","modified_gmt":"2026-04-21T22:56:45","slug":"sabre-samourai-ensemble-avec-presentoir","status":"publish","type":"product","link":"https:\/\/jjcustomworks.se\/fr\/produit\/sabre-samourai-ensemble-avec-presentoir\/","title":{"rendered":"Ensemble Sabre Samoura\u00ef avec Pr\u00e9sentoir | Blades USA"},"content":{"rendered":"<h1>Sabre de Samoura\u00ef - Ensemble de 3 avec Pr\u00e9sentoir<\/h1>\n<h2><span class=\"ez-toc-section\" id=\"Ensemble_Elegant_de_Sabres_de_Samourai_avec_Support_dExposition\"><\/span>Ensemble \u00c9l\u00e9gant de Sabres de Samoura\u00ef avec Support d&#8217;Exposition<span class=\"ez-toc-section-end\"><\/span><\/h2>\n<p>Ce magnifique ensemble comprend trois sabres de samoura\u00ef de diff\u00e9rentes tailles, parfaits comme pi\u00e8ce d'exposition dans votre maison ou votre bureau. L'ensemble comprend un support d'exposition et des sabres avec des fourreaux. Les sabres sont fabriqu\u00e9s en acier inoxydable et pr\u00e9sentent un design \u00e9l\u00e9gant avec des d\u00e9tails tels qu'une corde noire enroul\u00e9e autour de la poign\u00e9e.<\/p>\n<h3><span class=\"ez-toc-section\" id=\"Informations_sur_le_Produit\"><\/span>Informations sur le Produit :<span class=\"ez-toc-section-end\"><\/span><\/h3>\n<ul>\n<li><strong>Longueur totale (Katana) :<\/strong> 39,5 pouces<\/li>\n<li><strong>Mat\u00e9riel:<\/strong> Acier inoxydable<\/li>\n<li><strong>Poign\u00e9e:<\/strong> Corde noire enroul\u00e9e autour de la poign\u00e9e<\/li>\n<li><strong>Fourreau :<\/strong> Fourreau en bois bordeaux avec dragon imprim\u00e9<\/li>\n<li><strong>Compris:<\/strong> Support d'exposition pour les sabres<\/li>\n<\/ul>\n<p>Montrez votre passion pour la culture japonaise avec cet ensemble \u00e9l\u00e9gant de sabres de samoura\u00ef. C'est un excellent cadeau pour les collectionneurs et les passionn\u00e9s. Le support d'exposition inclus permet de pr\u00e9senter facilement les sabres de mani\u00e8re \u00e9l\u00e9gante.<\/p>\n<p>Vous recherchez d'autres produits similaires ? Consultez notre gamme de <a href=\"https:\/\/jjcustomworks.se\/fr\/categorie-de-produit\/autres_produits\/swords\/swords-europe\/\">sabres d\u00e9coratifs<\/a>. Pour voir toute notre gamme, visitez <a href=\"https:\/\/jjcustomworks.se\/fr\/\">notre site Web<\/a>. D&#039;autres pourraient \u00e9galement vous int\u00e9resser. <a href=\"https:\/\/jjcustomworks.se\/fr\/magasin\/\">objets de collection uniques<\/a> que nous proposons.<\/p>","protected":false},"excerpt":{"rendered":"<p>Sabre de Samoura\u00ef &#8211; Ensemble de 3 avec Pr\u00e9sentoir Ensemble \u00c9l\u00e9gant de Sabres de Samoura\u00ef avec Support d&#8217;Exposition Ce magnifique ensemble comprend trois sabres de samoura\u00ef de diff\u00e9rentes tailles, parfaits comme pi\u00e8ce d&#8217;exposition dans votre maison ou votre bureau. L&#8217;ensemble comprend un support d&#8217;exposition et des sabres avec des fourreaux. Les sabres sont fabriqu\u00e9s en [&#8230;]\n","protected":false},"featured_media":81366,"template":"","meta":[],"product_brand":[],"product_cat":[1275],"product_tag":[],"class_list":{"0":"post-81367","1":"product","2":"type-product","3":"status-publish","4":"has-post-thumbnail","6":"product_cat-swords-europe","8":"first","9":"onbackorder","10":"taxable","11":"shipping-taxable","12":"purchasable","13":"product-type-simple"},"_links":{"self":[{"href":"https:\/\/jjcustomworks.se\/fr\/wp-json\/wp\/v2\/product\/81367","targetHints":{"allow":["GET"]}}],"collection":[{"href":"https:\/\/jjcustomworks.se\/fr\/wp-json\/wp\/v2\/product"}],"about":[{"href":"https:\/\/jjcustomworks.se\/fr\/wp-json\/wp\/v2\/types\/product"}],"wp:featuredmedia":[{"embeddable":true,"href":"https:\/\/jjcustomworks.se\/fr\/wp-json\/wp\/v2\/media\/81366"}],"wp:attachment":[{"href":"https:\/\/jjcustomworks.se\/fr\/wp-json\/wp\/v2\/media?parent=81367"}],"wp:term":[{"taxonomy":"product_brand","embeddable":true,"href":"https:\/\/jjcustomworks.se\/fr\/wp-json\/wp\/v2\/product_brand?post=81367"},{"taxonomy":"product_cat","embeddable":true,"href":"https:\/\/jjcustomworks.se\/fr\/wp-json\/wp\/v2\/product_cat?post=81367"},{"taxonomy":"product_tag","embeddable":true,"href":"https:\/\/jjcustomworks.se\/fr\/wp-json\/wp\/v2\/product_tag?post=81367"}],"curies":[{"name":"wp","href":"https:\/\/api.w.org\/{rel}","templated":true}]}}