{"id":81358,"date":"2025-10-17T03:42:19","date_gmt":"2025-10-17T01:42:19","guid":{"rendered":"https:\/\/jjcustomworks.se\/product\/ten-ryu-samurai-sword-038\/"},"modified":"2026-04-20T04:56:39","modified_gmt":"2026-04-20T02:56:39","slug":"ten-ryu-samourai-epee-038","status":"publish","type":"product","link":"https:\/\/jjcustomworks.se\/fr\/produit\/ten-ryu-samourai-epee-038\/","title":{"rendered":"\u00c9p\u00e9e de Samoura\u00ef Ten Ryu 038 - Exclusive et D\u00e9taill\u00e9e"},"content":{"rendered":"<h1><span class=\"ez-toc-section\" id=\"Epee_de_Samourai_Ten_Ryu_038_Artisanat_Exclusif_et_Riche_en_Details\"><\/span>\u00c9p\u00e9e de Samoura\u00ef Ten Ryu 038 : Artisanat Exclusif et Riche en D\u00e9tails<span class=\"ez-toc-section-end\"><\/span><\/h1><h2><span class=\"ez-toc-section\" id=\"Faites_lExperience_dune_Beaute_et_dune_Richesse_de_Details_Inouies\"><\/span>Faites l&#8217;Exp\u00e9rience d&#8217;une Beaut\u00e9 et d&#8217;une Richesse de D\u00e9tails Inou\u00efes<span class=\"ez-toc-section-end\"><\/span><\/h2><p>Cette \u00e9p\u00e9e de samoura\u00ef exclusive de Ten Ryu est une pi\u00e8ce extraordinairement belle et richement d\u00e9taill\u00e9e, parfaite pour l'amateur ou le collectionneur exigeant. Chaque aspect de cette \u00e9p\u00e9e, de sa longueur globale impressionnante au manche m\u00e9ticuleusement travaill\u00e9, t\u00e9moigne d'une haute qualit\u00e9 et d'un artisanat traditionnel. En acqu\u00e9rant cette \u00e9p\u00e9e, vous obtenez non seulement une arme, mais une \u0153uvre d'art. D\u00e9couvrez cet artefact fantastique de l'histoire des samoura\u00efs aujourd'hui et compl\u00e9tez votre collection. Pour voir des armes de haute qualit\u00e9 similaires, consultez notre section <a href=\"https:\/\/jjcustomworks.se\/fr\/categorie-de-produit\/autres_produits\/swords\/swords-europe\/\">armement de samoura\u00ef<\/a>.<\/p><h3><span class=\"ez-toc-section\" id=\"Specifications_Detaillees\"><\/span>Sp\u00e9cifications d\u00e9taill\u00e9es<span class=\"ez-toc-section-end\"><\/span><\/h3><p>Cette \u00e9p\u00e9e Ten Ryu est con\u00e7ue en mettant l'accent sur l'\u00e9sth\u00e9tique et l'authenticit\u00e9. La lame, forg\u00e9e en acier au carbone 1045 durable, est aff\u00fbt\u00e9e avec un tranchant uni et comporte un rainure \u00e0 sang (Blood Groove) authentique. Le manche offre une prise s\u00e9curis\u00e9e et traditionnelle pour la maniabilit\u00e9.<\/p><ul><li>Longueur Totale: 42 pouces (OVERALL)<\/li><li>Lame: 30 pouces avec 7 mm d'\u00e9paisseur, fabriqu\u00e9e en acier au carbone 1045<\/li><li>Type de Lame: Lame unie aff\u00fbt\u00e9e avec rainure de sang (Blood Groove)<\/li><li>D\u00e9tails du Manche: Manche envelopp\u00e9 de cordon noir de 12 pouces (Black Cord Wrapped Handle)<\/li><li>Construction du Manche: Manche envelopp\u00e9 de peau de raie artificielle (Artificial Ray Skin Wrapped Handle)<\/li><li>Accessoire Inclus: Fourreau en bois peint en noir (Black Painted Wood Scabbard)<\/li><\/ul><p>Cette \u00e9p\u00e9e est pr\u00eate \u00e0 impressionner. D\u00e9couvrez d'autres \u00e9p\u00e9es uniques et accessoires sur notre page de <a href=\"https:\/\/jjcustomworks.se\/fr\/magasin\/\">produits<\/a>. Pour revenir \u00e0 notre page d'accueil et consulter notre catalogue complet, cliquez ici: <a href=\"https:\/\/jjcustomworks.se\/fr\/\">Maison<\/a>.<\/p>","protected":false},"excerpt":{"rendered":"<p>\u00c9p\u00e9e de Samoura\u00ef Ten Ryu 038 : Artisanat Exclusif et Riche en D\u00e9tailsFaites l&#8217;Exp\u00e9rience d&#8217;une Beaut\u00e9 et d&#8217;une Richesse de D\u00e9tails Inou\u00efesCette \u00e9p\u00e9e de samoura\u00ef exclusive de Ten Ryu est une pi\u00e8ce extraordinairement belle et richement d\u00e9taill\u00e9e, parfaite pour l&#8217;amateur ou le collectionneur exigeant. Chaque aspect de cette \u00e9p\u00e9e, de sa longueur globale impressionnante au [&#8230;]\n","protected":false},"featured_media":81357,"template":"","meta":[],"product_brand":[],"product_cat":[1275],"product_tag":[],"class_list":{"0":"post-81358","1":"product","2":"type-product","3":"status-publish","4":"has-post-thumbnail","6":"product_cat-swords-europe","8":"first","9":"onbackorder","10":"sale","11":"taxable","12":"shipping-taxable","13":"purchasable","14":"product-type-simple"},"_links":{"self":[{"href":"https:\/\/jjcustomworks.se\/fr\/wp-json\/wp\/v2\/product\/81358","targetHints":{"allow":["GET"]}}],"collection":[{"href":"https:\/\/jjcustomworks.se\/fr\/wp-json\/wp\/v2\/product"}],"about":[{"href":"https:\/\/jjcustomworks.se\/fr\/wp-json\/wp\/v2\/types\/product"}],"wp:featuredmedia":[{"embeddable":true,"href":"https:\/\/jjcustomworks.se\/fr\/wp-json\/wp\/v2\/media\/81357"}],"wp:attachment":[{"href":"https:\/\/jjcustomworks.se\/fr\/wp-json\/wp\/v2\/media?parent=81358"}],"wp:term":[{"taxonomy":"product_brand","embeddable":true,"href":"https:\/\/jjcustomworks.se\/fr\/wp-json\/wp\/v2\/product_brand?post=81358"},{"taxonomy":"product_cat","embeddable":true,"href":"https:\/\/jjcustomworks.se\/fr\/wp-json\/wp\/v2\/product_cat?post=81358"},{"taxonomy":"product_tag","embeddable":true,"href":"https:\/\/jjcustomworks.se\/fr\/wp-json\/wp\/v2\/product_tag?post=81358"}],"curies":[{"name":"wp","href":"https:\/\/api.w.org\/{rel}","templated":true}]}}