{"id":81354,"date":"2025-10-17T03:41:41","date_gmt":"2025-10-17T01:41:41","guid":{"rendered":"https:\/\/jjcustomworks.se\/product\/produkt-2\/"},"modified":"2026-05-01T07:56:59","modified_gmt":"2026-05-01T05:56:59","slug":"epee-officier-usmc-acier-inoxydable","status":"publish","type":"product","link":"https:\/\/jjcustomworks.se\/fr\/produit\/epee-officier-usmc-acier-inoxydable\/","title":{"rendered":"\u00c9p\u00e9e d'Officier USMC - Acier Inoxydable"},"content":{"rendered":"<h1><span class=\"ez-toc-section\" id=\"Epee_dOfficier_USMC_sous_Licence\"><\/span>\u00c9p\u00e9e d&#8217;Officier USMC sous Licence<span class=\"ez-toc-section-end\"><\/span><\/h1>\n<h2><span class=\"ez-toc-section\" id=\"Replique_Authentique_dEpee_dOfficier_USMC\"><\/span>R\u00e9plique Authentique d&#8217;\u00c9p\u00e9e d&#8217;Officier USMC<span class=\"ez-toc-section-end\"><\/span><\/h2>\n<p>Cette \u00e9p\u00e9e d'officier USMC sous licence de MTech USA est un incontournable pour les collectionneurs et les passionn\u00e9s. Avec une longueur totale de 39 pouces et une lame en acier inoxydable poli miroir grav\u00e9e de \"UNITED STATES MARINES\", il s'agit d'une r\u00e9plique impressionnante. La poign\u00e9e dor\u00e9e avec un anneau argent\u00e9 et un cordon argent\u00e9 lui conf\u00e8re un aspect distinctif. Un fourreau est inclus pour un rangement et un transport en toute s\u00e9curit\u00e9.<\/p>\n<h3><span class=\"ez-toc-section\" id=\"Specifications\"><\/span>Caract\u00e9ristiques:<span class=\"ez-toc-section-end\"><\/span><\/h3>\n<ul>\n <li>Longueur Totale: 39 pouces<\/li>\n <li>Longueur de la Lame: 39 pouces<\/li>\n <li>Mat\u00e9riau de la Lame: Acier Inoxydable<\/li>\n <li>Finition de la Lame: Polie Miroir avec Gravure<\/li>\n <li>Poign\u00e9e: Dor\u00e9e avec Anneau Argent\u00e9 et Cordon Argent\u00e9<\/li>\n <li>Fourreau: Inclus<\/li>\n<\/ul>\n<p>Obtenez votre <a href=\"https:\/\/jjcustomworks.se\/fr\/magasin\/\">\u00e9p\u00e9e d'officier USMC<\/a> authentique d\u00e8s aujourd'hui ! Explorez notre s\u00e9lection d'<a href=\"https:\/\/jjcustomworks.se\/fr\/categorie-de-produit\/autres_produits\/swords\/swords-europe\/\">objets de collection militaires<\/a> et trouvez le compl\u00e9ment parfait \u00e0 votre collection. Visitez notre <a href=\"https:\/\/jjcustomworks.se\/fr\/\">page d&#039;accueil<\/a> pour voir notre gamme compl\u00e8te.<\/p>","protected":false},"excerpt":{"rendered":"<p>K\u00f6p en licenserad officersv\u00e4rja fr\u00e5n USMC &#8211; det perfekta sv\u00e4rdet f\u00f6r samlare och milit\u00e4rhistoriska entusiaster. Utforska v\u00e5rt sortiment av autentiska v\u00e4rjor och sv\u00e4rd, tillverkade med precision och kvalitet. Handla nu och l\u00e4gg till en imponerande krigshistorisk artefakt till din samling.<\/p>","protected":false},"featured_media":81353,"template":"","meta":[],"product_brand":[],"product_cat":[1275],"product_tag":[],"class_list":{"0":"post-81354","1":"product","2":"type-product","3":"status-publish","4":"has-post-thumbnail","6":"product_cat-swords-europe","8":"first","9":"onbackorder","10":"sale","11":"taxable","12":"shipping-taxable","13":"purchasable","14":"product-type-simple"},"_links":{"self":[{"href":"https:\/\/jjcustomworks.se\/fr\/wp-json\/wp\/v2\/product\/81354","targetHints":{"allow":["GET"]}}],"collection":[{"href":"https:\/\/jjcustomworks.se\/fr\/wp-json\/wp\/v2\/product"}],"about":[{"href":"https:\/\/jjcustomworks.se\/fr\/wp-json\/wp\/v2\/types\/product"}],"wp:featuredmedia":[{"embeddable":true,"href":"https:\/\/jjcustomworks.se\/fr\/wp-json\/wp\/v2\/media\/81353"}],"wp:attachment":[{"href":"https:\/\/jjcustomworks.se\/fr\/wp-json\/wp\/v2\/media?parent=81354"}],"wp:term":[{"taxonomy":"product_brand","embeddable":true,"href":"https:\/\/jjcustomworks.se\/fr\/wp-json\/wp\/v2\/product_brand?post=81354"},{"taxonomy":"product_cat","embeddable":true,"href":"https:\/\/jjcustomworks.se\/fr\/wp-json\/wp\/v2\/product_cat?post=81354"},{"taxonomy":"product_tag","embeddable":true,"href":"https:\/\/jjcustomworks.se\/fr\/wp-json\/wp\/v2\/product_tag?post=81354"}],"curies":[{"name":"wp","href":"https:\/\/api.w.org\/{rel}","templated":true}]}}