{"id":81338,"date":"2025-10-17T03:40:14","date_gmt":"2025-10-17T01:40:14","guid":{"rendered":"https:\/\/jjcustomworks.se\/product\/samurai-sword-swords-set-of-3-pcs-4\/"},"modified":"2026-04-20T04:56:53","modified_gmt":"2026-04-20T02:56:53","slug":"sabre-samourai-lot-de-3-epees-exclusives","status":"publish","type":"product","link":"https:\/\/jjcustomworks.se\/fr\/produit\/sabre-samourai-lot-de-3-epees-exclusives\/","title":{"rendered":"Sabre Samoura\u00ef Lot de 3 | \u00c9p\u00e9es Exclusives"},"content":{"rendered":"<h1>Sabre de Samoura\u00ef Lot de 3 - Exclusif et D\u00e9taill\u00e9<\/h1>\n<h2><span class=\"ez-toc-section\" id=\"Sabres_de_samourai_exclusifs_avec_support_dexposition\"><\/span>Sabres de samoura\u00ef exclusifs avec support d&#8217;exposition<span class=\"ez-toc-section-end\"><\/span><\/h2>\n<p>Cet ensemble exclusif de sabres de samoura\u00ef se compose de trois \u00e9p\u00e9es d\u00e9taill\u00e9es qui rappellent les samoura\u00efs des temps anciens. L'ensemble n'est pas seulement un bel \u00e9l\u00e9ment d'int\u00e9rieur, mais aussi une preuve de savoir-faire. Le support d'exposition inclus facilite la pr\u00e9sentation de ces \u00e9p\u00e9es impressionnantes.<\/p>\n<h3><span class=\"ez-toc-section\" id=\"Specifications_du_produit\"><\/span>Sp\u00e9cifications du produit<span class=\"ez-toc-section-end\"><\/span><\/h3>\n<ul>\n <li><strong>Taper :<\/strong> Sabre de samoura\u00ef \/ Katana<\/li>\n <li><strong>Quantit\u00e9:<\/strong> 3 pi\u00e8ces par ensemble<\/li>\n <li><strong>Longueur totale :<\/strong> 40 pouces<\/li>\n <li><strong>Longueur de la lame :<\/strong> 24,5 pouces<\/li>\n <li><strong>Mat\u00e9riau de la lame :<\/strong> Acier inoxydable<\/li>\n <li><strong>Finition de la lame :<\/strong> Satin<\/li>\n <li><strong>Manche:<\/strong> Enroulement de cordon vert<\/li>\n <li><strong>Fourreau :<\/strong> Noir avec laque de fleur de cerisier dor\u00e9e<\/li>\n <li><strong>Comprend :<\/strong> Support d'exposition<\/li>\n<\/ul>\n<p>Ces sabres de samoura\u00ef sont parfaits pour ceux qui appr\u00e9cient le design et l'artisanat japonais traditionnels. L'acier inoxydable de la lame garantit la durabilit\u00e9, tandis que la finition satin\u00e9e ajoute une touche d'\u00e9l\u00e9gance. Le manche vert, envelopp\u00e9 dans un cordon, offre une prise en main confortable et s\u00fbre. Les \u00e9p\u00e9es sont livr\u00e9es avec un fourreau en laque noire, d\u00e9cor\u00e9 de fleurs de cerisier dor\u00e9es, ce qui renforce encore l'impression d'exclusivit\u00e9. Compl\u00e9tez votre collection d'<a href=\"https:\/\/jjcustomworks.se\/fr\/magasin\/\">\u00e9p\u00e9es authentiques<\/a> avec cet ensemble unique, qui peut \u00e9galement \u00eatre fi\u00e8rement plac\u00e9 dans votre d\u00e9cor <a href=\"https:\/\/jjcustomworks.se\/fr\/categorie-de-produit\/autres_produits\/swords\/swords-europe\/\">d'inspiration samoura\u00ef<\/a>. Visite <a href=\"https:\/\/jjcustomworks.se\/fr\/\">notre site Web<\/a> pour d\u00e9couvrir d&#039;autres produits.<\/p>","protected":false},"excerpt":{"rendered":"<p>Sabre de Samoura\u00ef Lot de 3 &#8211; Exclusif et D\u00e9taill\u00e9 Sabres de samoura\u00ef exclusifs avec support d&#8217;exposition Cet ensemble exclusif de sabres de samoura\u00ef se compose de trois \u00e9p\u00e9es d\u00e9taill\u00e9es qui rappellent les samoura\u00efs des temps anciens. L&#8217;ensemble n&#8217;est pas seulement un bel \u00e9l\u00e9ment d&#8217;int\u00e9rieur, mais aussi une preuve de savoir-faire. Le support d&#8217;exposition inclus [&#8230;]\n","protected":false},"featured_media":81337,"template":"","meta":[],"product_brand":[],"product_cat":[1275],"product_tag":[],"class_list":{"0":"post-81338","1":"product","2":"type-product","3":"status-publish","4":"has-post-thumbnail","6":"product_cat-swords-europe","8":"first","9":"onbackorder","10":"sale","11":"taxable","12":"shipping-taxable","13":"purchasable","14":"product-type-simple"},"_links":{"self":[{"href":"https:\/\/jjcustomworks.se\/fr\/wp-json\/wp\/v2\/product\/81338","targetHints":{"allow":["GET"]}}],"collection":[{"href":"https:\/\/jjcustomworks.se\/fr\/wp-json\/wp\/v2\/product"}],"about":[{"href":"https:\/\/jjcustomworks.se\/fr\/wp-json\/wp\/v2\/types\/product"}],"wp:featuredmedia":[{"embeddable":true,"href":"https:\/\/jjcustomworks.se\/fr\/wp-json\/wp\/v2\/media\/81337"}],"wp:attachment":[{"href":"https:\/\/jjcustomworks.se\/fr\/wp-json\/wp\/v2\/media?parent=81338"}],"wp:term":[{"taxonomy":"product_brand","embeddable":true,"href":"https:\/\/jjcustomworks.se\/fr\/wp-json\/wp\/v2\/product_brand?post=81338"},{"taxonomy":"product_cat","embeddable":true,"href":"https:\/\/jjcustomworks.se\/fr\/wp-json\/wp\/v2\/product_cat?post=81338"},{"taxonomy":"product_tag","embeddable":true,"href":"https:\/\/jjcustomworks.se\/fr\/wp-json\/wp\/v2\/product_tag?post=81338"}],"curies":[{"name":"wp","href":"https:\/\/api.w.org\/{rel}","templated":true}]}}