{"id":81328,"date":"2025-10-17T03:39:49","date_gmt":"2025-10-17T01:39:49","guid":{"rendered":"https:\/\/jjcustomworks.se\/product\/produkt-2\/"},"modified":"2026-04-20T04:56:57","modified_gmt":"2026-04-20T02:56:57","slug":"fantasy-master-668-epee","status":"publish","type":"product","link":"https:\/\/jjcustomworks.se\/fr\/produit\/fantasy-master-668-epee\/","title":{"rendered":"Fantasy Master 668 \u00c9p\u00e9e | Design Fantastique"},"content":{"rendered":"<h1>Fantasy Master 668 - \u00c9p\u00e9e<\/h1>\n<h2><span class=\"ez-toc-section\" id=\"Design_et_Materiaux_Fantastiques\"><\/span>Design et Mat\u00e9riaux Fantastiques<span class=\"ez-toc-section-end\"><\/span><\/h2>\n<p>D\u00e9couvrez le Fantasy Master 668, une \u00e9p\u00e9e fantastique parfaite pour les collectionneurs et les passionn\u00e9s. Avec son design unique et sa fabrication d\u00e9taill\u00e9e, cette \u00e9p\u00e9e est un excellent ajout \u00e0 votre collection. Cette \u00e9p\u00e9e a une longueur totale de 27,5 pouces. Trouvez plus d'\u00e9p\u00e9es chez https:\/\/jjcustomworks.se\/butik\/.<\/p>\n\n<h3><span class=\"ez-toc-section\" id=\"Lame\"><\/span>Boiteux<span class=\"ez-toc-section-end\"><\/span><\/h3>\n<p>La lame de l'\u00e9p\u00e9e est en acier inoxydable, ce qui garantit sa durabilit\u00e9 et sa long\u00e9vit\u00e9. La lame mesure 12,5 pouces de long et 3 mm d'\u00e9paisseur, ce qui lui donne une sensation de robustesse. La couleur noire ajoute une touche suppl\u00e9mentaire de myst\u00e8re et d'\u00e9l\u00e9gance \u00e0 l'\u00e9p\u00e9e.<\/p>\n<ul>\n    <li><strong>Mat\u00e9riel:<\/strong> Acier inoxydable<\/li>\n    <li><strong>Longueur:<\/strong> 12,5 pouces<\/li>\n    <li><strong>\u00c9paisseur:<\/strong> 3 mm<\/li>\n    <li><strong>Couleur:<\/strong> Peinte en Noir<\/li>\n<\/ul>\n\n<h3><span class=\"ez-toc-section\" id=\"Manche\"><\/span>Manche<span class=\"ez-toc-section-end\"><\/span><\/h3>\n<p>Le manche est envelopp\u00e9 de tissu, offrant une prise en main confortable et s\u00fbre. Cela rend l'\u00e9p\u00e9e facile \u00e0 manier et vous donne un contr\u00f4le total sur elle. La surface textur\u00e9e emp\u00eache l'\u00e9p\u00e9e de glisser de votre main, m\u00eame pendant de longues p\u00e9riodes d'utilisation.<\/p>\n\n<h3><span class=\"ez-toc-section\" id=\"Gaine\"><\/span>Gaine<span class=\"ez-toc-section-end\"><\/span><\/h3>\n<p>L'\u00e9p\u00e9e comprend une gaine en nylon 600D, ce qui la rend facile et s\u00fbre \u00e0 ranger et \u00e0 transporter. La gaine prot\u00e8ge la lame des dommages et la maintient en parfait \u00e9tat. Parfait pour le stockage et le transport, visitez notre <a href=\"https:\/\/jjcustomworks.se\/fr\/categorie-de-produit\/autres_produits\/swords\/swords-europe\/\"> page de cat\u00e9gorie <\/a> pour plus d'options. Ne manquez pas la chance d'ajouter cette \u00e9p\u00e9e unique \u00e0 votre collection, <a href=\"https:\/\/jjcustomworks.se\/fr\/\">visitez-nous aujourd'hui<\/a>!<\/p>","protected":false},"excerpt":{"rendered":"<p>Fantasy Master 668 &#8211; \u00c9p\u00e9e Design et Mat\u00e9riaux Fantastiques D\u00e9couvrez le Fantasy Master 668, une \u00e9p\u00e9e fantastique parfaite pour les collectionneurs et les passionn\u00e9s. Avec son design unique et sa fabrication d\u00e9taill\u00e9e, cette \u00e9p\u00e9e est un excellent ajout \u00e0 votre collection. Cette \u00e9p\u00e9e a une longueur totale de 27,5 pouces. Trouvez plus d&#8217;\u00e9p\u00e9es chez https:\/\/jjcustomworks.se\/butik\/. [&#8230;]\n","protected":false},"featured_media":81327,"template":"","meta":[],"product_brand":[],"product_cat":[1275],"product_tag":[],"class_list":{"0":"post-81328","1":"product","2":"type-product","3":"status-publish","4":"has-post-thumbnail","6":"product_cat-swords-europe","8":"first","9":"onbackorder","10":"sale","11":"taxable","12":"shipping-taxable","13":"purchasable","14":"product-type-simple"},"_links":{"self":[{"href":"https:\/\/jjcustomworks.se\/fr\/wp-json\/wp\/v2\/product\/81328","targetHints":{"allow":["GET"]}}],"collection":[{"href":"https:\/\/jjcustomworks.se\/fr\/wp-json\/wp\/v2\/product"}],"about":[{"href":"https:\/\/jjcustomworks.se\/fr\/wp-json\/wp\/v2\/types\/product"}],"wp:featuredmedia":[{"embeddable":true,"href":"https:\/\/jjcustomworks.se\/fr\/wp-json\/wp\/v2\/media\/81327"}],"wp:attachment":[{"href":"https:\/\/jjcustomworks.se\/fr\/wp-json\/wp\/v2\/media?parent=81328"}],"wp:term":[{"taxonomy":"product_brand","embeddable":true,"href":"https:\/\/jjcustomworks.se\/fr\/wp-json\/wp\/v2\/product_brand?post=81328"},{"taxonomy":"product_cat","embeddable":true,"href":"https:\/\/jjcustomworks.se\/fr\/wp-json\/wp\/v2\/product_cat?post=81328"},{"taxonomy":"product_tag","embeddable":true,"href":"https:\/\/jjcustomworks.se\/fr\/wp-json\/wp\/v2\/product_tag?post=81328"}],"curies":[{"name":"wp","href":"https:\/\/api.w.org\/{rel}","templated":true}]}}