{"id":81202,"date":"2025-10-17T03:35:46","date_gmt":"2025-10-17T01:35:46","guid":{"rendered":"https:\/\/jjcustomworks.se\/product\/fantasy-svard-excalibur-kung-arthur\/"},"modified":"2026-01-07T13:58:34","modified_gmt":"2026-01-07T12:58:34","slug":"epee-fantasy-excalibur-roi-arthur-by049-cu","status":"publish","type":"product","link":"https:\/\/jjcustomworks.se\/fr\/produit\/epee-fantasy-excalibur-roi-arthur-by049-cu\/","title":{"rendered":"\u00c9p\u00e9e Fantasy EXCALIBUR - ROI ARTHUR | Hensun"},"content":{"rendered":"<h1>\u00c9p\u00e9e Fantasy EXCALIBUR - ROI ARTHUR<\/h1><h2><span class=\"ez-toc-section\" id=\"Vivez_la_Legende_avec_Votre_Propre_Epee_EXCALIBUR\"><\/span>Vivez la L\u00e9gende avec Votre Propre \u00c9p\u00e9e EXCALIBUR<span class=\"ez-toc-section-end\"><\/span><\/h2><p>Plongez dans le mythe du Roi Arthur avec cette magnifique <strong>\u00e9p\u00e9e fantasy EXCALIBUR<\/strong> de Hensun. Une r\u00e9plique con\u00e7ue pour capturer l'essence de la l\u00e9gende, cette \u00e9p\u00e9e est un objet de collection impressionnant et un symbole de pouvoir et d'honneur. D\u00e9couvrez plus d'objets de collection authentiques sur notre <a href=\"https:\/\/jjcustomworks.se\/fr\/magasin\/\">page boutique<\/a>.<\/p><h3><span class=\"ez-toc-section\" id=\"Design_Authentique_et_Materiaux_de_Haute_Qualite\"><\/span>Design Authentique et Mat\u00e9riaux de Haute Qualit\u00e9<span class=\"ez-toc-section-end\"><\/span><\/h3><p>Cette \u00e9p\u00e9e l\u00e9gendaire EXCALIBUR, num\u00e9ro de mod\u00e8le BY049-CU, est m\u00e9ticuleusement construite pour allier esth\u00e9tique et durabilit\u00e9. Chaque d\u00e9tail, de la lame impressionnante \u00e0 la poign\u00e9e complexe, a \u00e9t\u00e9 fabriqu\u00e9 avec pr\u00e9cision. Explorez notre gamme compl\u00e8te d'\u00e9p\u00e9es fantasy et de r\u00e9pliques sur notre <a href=\"https:\/\/jjcustomworks.se\/fr\/categorie-de-produit\/autres_produits\/swords\/swords-europe\/\">page de cat\u00e9gorie<\/a>.<\/p><ul><li><strong>Num\u00e9ro de mod\u00e8le:<\/strong> BY049-CU<\/li><li><strong>Longueur totale :<\/strong> 1104MM<\/li><li><strong>Longueur de la lame :<\/strong> 910MM<\/li><li><strong>\u00c9paisseur de la lame :<\/strong> 4.0MM<\/li><li><strong>Mat\u00e9riau de la lame :<\/strong> Acier inoxydable 2Cr13<\/li><li><strong>Poign\u00e9e:<\/strong> Plastique<\/li><li><strong>Garde:<\/strong> Zinc Aluminium<\/li><li><strong>Comprend :<\/strong> Fourreau en cuir<\/li><\/ul><h3><span class=\"ez-toc-section\" id=\"Un_Cadeau_Intemporel_et_un_Objet_de_Collection\"><\/span>Un Cadeau Intemporel et un Objet de Collection<span class=\"ez-toc-section-end\"><\/span><\/h3><p>Que vous soyez un collectionneur, un passionn\u00e9 d'histoire ou \u00e0 la recherche du cadeau parfait, l'\u00e9p\u00e9e fantasy EXCALIBUR est un excellent choix. Sa construction robuste avec une lame en acier inoxydable 2Cr13 et une poign\u00e9e en plastique avec une garde en zinc aluminium en fera une pi\u00e8ce pr\u00e9cieuse de toute collection. Cette \u00e9p\u00e9e est livr\u00e9e avec un \u00e9l\u00e9gant fourreau en cuir. Visitez notre <a href=\"https:\/\/jjcustomworks.se\/fr\/\">page d&#039;accueil<\/a> pour plus de produits et d'offres uniques.<\/p>","protected":false},"excerpt":{"rendered":"<p>\u00c9p\u00e9e Fantasy EXCALIBUR &#8211; ROI ARTHURVivez la L\u00e9gende avec Votre Propre \u00c9p\u00e9e EXCALIBURPlongez dans le mythe du Roi Arthur avec cette magnifique \u00e9p\u00e9e fantasy EXCALIBUR de Hensun. Une r\u00e9plique con\u00e7ue pour capturer l&#8217;essence de la l\u00e9gende, cette \u00e9p\u00e9e est un objet de collection impressionnant et un symbole de pouvoir et d&#8217;honneur. D\u00e9couvrez plus d&#8217;objets de [&#8230;]\n","protected":false},"featured_media":81192,"template":"","meta":[],"product_brand":[],"product_cat":[1275],"product_tag":[],"class_list":{"0":"post-81202","1":"product","2":"type-product","3":"status-publish","4":"has-post-thumbnail","6":"product_cat-swords-europe","8":"first","9":"outofstock","10":"sale","11":"taxable","12":"shipping-taxable","13":"purchasable","14":"product-type-simple"},"_links":{"self":[{"href":"https:\/\/jjcustomworks.se\/fr\/wp-json\/wp\/v2\/product\/81202","targetHints":{"allow":["GET"]}}],"collection":[{"href":"https:\/\/jjcustomworks.se\/fr\/wp-json\/wp\/v2\/product"}],"about":[{"href":"https:\/\/jjcustomworks.se\/fr\/wp-json\/wp\/v2\/types\/product"}],"wp:featuredmedia":[{"embeddable":true,"href":"https:\/\/jjcustomworks.se\/fr\/wp-json\/wp\/v2\/media\/81192"}],"wp:attachment":[{"href":"https:\/\/jjcustomworks.se\/fr\/wp-json\/wp\/v2\/media?parent=81202"}],"wp:term":[{"taxonomy":"product_brand","embeddable":true,"href":"https:\/\/jjcustomworks.se\/fr\/wp-json\/wp\/v2\/product_brand?post=81202"},{"taxonomy":"product_cat","embeddable":true,"href":"https:\/\/jjcustomworks.se\/fr\/wp-json\/wp\/v2\/product_cat?post=81202"},{"taxonomy":"product_tag","embeddable":true,"href":"https:\/\/jjcustomworks.se\/fr\/wp-json\/wp\/v2\/product_tag?post=81202"}],"curies":[{"name":"wp","href":"https:\/\/api.w.org\/{rel}","templated":true}]}}