{"id":81185,"date":"2025-10-17T03:35:38","date_gmt":"2025-10-17T01:35:38","guid":{"rendered":"https:\/\/jjcustomworks.se\/product\/fantasy-svard-king-solomons-sword\/"},"modified":"2026-01-07T13:58:40","modified_gmt":"2026-01-07T12:58:40","slug":"epee-fantaisie-epee-roi-salomon-by032a","status":"publish","type":"product","link":"https:\/\/jjcustomworks.se\/fr\/produit\/epee-fantaisie-epee-roi-salomon-by032a\/","title":{"rendered":"\u00c9p\u00e9e Fantaisie - \u00c9p\u00e9e du Roi Salomon"},"content":{"rendered":"<h1>\u00c9p\u00e9e Fantaisie - \u00c9p\u00e9e du Roi Salomon<\/h1><p>D\u00e9couvrez la magie et la splendeur historique avec notre <b>\u00c9p\u00e9e du Roi Salomon<\/b>, une \u00e9p\u00e9e fantaisie impressionnante con\u00e7ue pour les collectionneurs et les passionn\u00e9s. Cette r\u00e9plique est cr\u00e9\u00e9e pour capturer l'essence de la l\u00e9gende avec son design magnifique et sa construction robuste. D\u00e9couvrez plus de produits uniques sur notre https:\/\/jjcustomworks.se\/butik\/ et plongez dans un monde d'armes fantastiques.<\/p><p>Cette \u00e9p\u00e9e majestueuse, avec le num\u00e9ro de mod\u00e8le BY032-A, est un ajout fantastique \u00e0 toute collection. Son savoir-faire d\u00e9taill\u00e9 et son toucher authentique en font une pi\u00e8ce ma\u00eetresse incontestable.<\/p><h2><span class=\"ez-toc-section\" id=\"Caracteristiques_du_produit\"><\/span>Caract\u00e9ristiques du produit<span class=\"ez-toc-section-end\"><\/span><\/h2><ul><li><b>Nom:<\/b> \u00c9p\u00e9e du Roi Salomon<\/li><li><b>Num\u00e9ro de mod\u00e8le:<\/b> BY032-A<\/li><li><b>Longueur totale :<\/b> 1220 MM<\/li><li><b>Longueur de la lame :<\/b> 990 MM<\/li><li><b>\u00c9paisseur de la lame :<\/b> 5.0 MM<\/li><li><b>Mat\u00e9riau de la lame :<\/b> Acier inoxydable 2Cr13<\/li><li><b>Mat\u00e9riau du manche:<\/b> Enveloppe en cuir<\/li><li><b>Mat\u00e9riau de la garde et de la poign\u00e9e:<\/b> Alliage de zinc moul\u00e9 sous pression<\/li><li><b>Accessoires:<\/b> Livr\u00e9e avec une plaque en bois pour un affichage facile et \u00e9l\u00e9gant<\/li><\/ul><p>La lame en acier inoxydable 2Cr13 assure un effet visuel impressionnant, tandis que l'enveloppe en cuir sur la poign\u00e9e offre une prise en main confortable et s\u00fbre, am\u00e9liorant son authenticit\u00e9. Les pi\u00e8ces moul\u00e9es sous pression en alliage de zinc pour la garde et la poign\u00e9e contribuent \u00e0 l'apparence et au toucher historiques de l'\u00e9p\u00e9e. Pour d\u00e9couvrir des produits similaires, visitez notre https:\/\/jjcustomworks.se\/product-category\/other_products\/swords\/swords-europe\/.<\/p><p>Chaque \u00e9p\u00e9e est livr\u00e9e avec une \u00e9l\u00e9gante plaque en bois, parfaite pour exposer cette \u0153uvre d'art dans votre maison ou votre bureau. Pour des nouvelles et mises \u00e0 jour int\u00e9ressantes, consultez notre https:\/\/jjcustomworks.se\/.<\/p>","protected":false},"excerpt":{"rendered":"<p>\u00c9p\u00e9e Fantaisie &#8211; \u00c9p\u00e9e du Roi SalomonD\u00e9couvrez la magie et la splendeur historique avec notre \u00c9p\u00e9e du Roi Salomon, une \u00e9p\u00e9e fantaisie impressionnante con\u00e7ue pour les collectionneurs et les passionn\u00e9s. Cette r\u00e9plique est cr\u00e9\u00e9e pour capturer l&#8217;essence de la l\u00e9gende avec son design magnifique et sa construction robuste. D\u00e9couvrez plus de produits uniques sur notre [&#8230;]\n","protected":false},"featured_media":81177,"template":"","meta":[],"product_brand":[],"product_cat":[1275],"product_tag":[],"class_list":{"0":"post-81185","1":"product","2":"type-product","3":"status-publish","4":"has-post-thumbnail","6":"product_cat-swords-europe","8":"first","9":"outofstock","10":"sale","11":"taxable","12":"shipping-taxable","13":"purchasable","14":"product-type-simple"},"_links":{"self":[{"href":"https:\/\/jjcustomworks.se\/fr\/wp-json\/wp\/v2\/product\/81185","targetHints":{"allow":["GET"]}}],"collection":[{"href":"https:\/\/jjcustomworks.se\/fr\/wp-json\/wp\/v2\/product"}],"about":[{"href":"https:\/\/jjcustomworks.se\/fr\/wp-json\/wp\/v2\/types\/product"}],"wp:featuredmedia":[{"embeddable":true,"href":"https:\/\/jjcustomworks.se\/fr\/wp-json\/wp\/v2\/media\/81177"}],"wp:attachment":[{"href":"https:\/\/jjcustomworks.se\/fr\/wp-json\/wp\/v2\/media?parent=81185"}],"wp:term":[{"taxonomy":"product_brand","embeddable":true,"href":"https:\/\/jjcustomworks.se\/fr\/wp-json\/wp\/v2\/product_brand?post=81185"},{"taxonomy":"product_cat","embeddable":true,"href":"https:\/\/jjcustomworks.se\/fr\/wp-json\/wp\/v2\/product_cat?post=81185"},{"taxonomy":"product_tag","embeddable":true,"href":"https:\/\/jjcustomworks.se\/fr\/wp-json\/wp\/v2\/product_tag?post=81185"}],"curies":[{"name":"wp","href":"https:\/\/api.w.org\/{rel}","templated":true}]}}