{"id":81141,"date":"2025-10-17T03:35:01","date_gmt":"2025-10-17T01:35:01","guid":{"rendered":"https:\/\/jjcustomworks.se\/product\/samurai-sword-19\/"},"modified":"2025-10-17T03:35:01","modified_gmt":"2025-10-17T01:35:01","slug":"samurai-sword-19","status":"publish","type":"product","link":"https:\/\/jjcustomworks.se\/fr\/produit\/samurai-sword-19\/","title":{"rendered":"\u00e9p\u00e9e de samoura\u00ef"},"content":{"rendered":"<div class=\"value\">\n<p><span style=\"font-size: 18px\"><strong>Wild Turkey &#8211; Handmade Karambit Spring Assist Knife &#8211; WT-5018GR<\/strong><\/span><\/p>\n<ul class=\"descrip\">\n<li>Gray &amp; White Marble Color Design Handle .<\/li>\n<li>Gray Blade.<\/li>\n<li>Finger Ring<\/li>\n<li>Liner Lock<\/li>\n<li>5&#8243; Closed<\/li>\n<li>With Pocket Clip.<\/li>\n<\/ul>\n<\/div>\n<p><\/p>\n<table class=\"data table additional-attributes\" id=\"product-attribute-specs-table\">\n<caption class=\"table-caption\">More Information<\/caption>\n<tbody>\n<tr class=\"weight\">\n<th class=\"col label\" scope=\"row\">Weight<\/th>\n<td class=\"col data\" data-th=\"Weight\"> 0.39 lbs<\/td>\n<\/tr>\n<tr class=\"item_type\">\n<th class=\"col label\" scope=\"row\">Type<\/th>\n<td class=\"col data\" data-th=\"Type\"> Spring Assisted<\/td>\n<\/tr>\n<tr class=\"item_style\">\n<th class=\"col label\" scope=\"row\">Style<\/th>\n<td class=\"col data\" data-th=\"Style\"> Karambits, Pocket Knives<\/td>\n<\/tr>\n<tr class=\"item_theme\">\n<th class=\"col label\" scope=\"row\">Theme<\/th>\n<td class=\"col data\" data-th=\"Theme\"> Collectible, Everyday Carry, Tactical<\/td>\n<\/tr>\n<tr class=\"length_closed\">\n<th class=\"col label\" scope=\"row\">Length Closed<\/th>\n<td class=\"col data\" data-th=\"Length Closed\"> 5&#8243;<\/td>\n<\/tr>\n<tr class=\"package_type\">\n<th class=\"col label\" scope=\"row\">Retail Packaging<\/th>\n<td class=\"col data\" data-th=\"Retail Packaging\"> Box<\/td>\n<\/tr>\n<tr class=\"handle_material\">\n<th class=\"col label\" scope=\"row\">Handle Material<\/th>\n<td class=\"col data\" data-th=\"Handle Material\"> Resin<\/td>\n<\/tr>\n<tr class=\"handle_lock_type\">\n<th class=\"col label\" scope=\"row\">Handle Lock Type<\/th>\n<td class=\"col data\" data-th=\"Handle Lock Type\"> Liner Lock<\/td>\n<\/tr>\n<tr class=\"handle_artwork\">\n<th class=\"col label\" scope=\"row\">Handle Artwork<\/th>\n<td class=\"col data\" data-th=\"Handle Artwork\"> Gray &amp; White Marble Color Design Handle With Finger Hole<\/td>\n<\/tr>\n<tr class=\"blade_color\">\n<th class=\"col label\" scope=\"row\">Blade Color<\/th>\n<td class=\"col data\" data-th=\"Blade Color\"> Gray<\/td>\n<\/tr>\n<tr class=\"blade_artwork\">\n<th class=\"col label\" scope=\"row\">Blade Artwork<\/th>\n<td class=\"col data\" data-th=\"Blade Artwork\"> Gray Blade<\/td>\n<\/tr>\n<tr class=\"blade_finish\">\n<th class=\"col label\" scope=\"row\">Blade Finish<\/th>\n<td class=\"col data\" data-th=\"Blade Finish\"> Tinite Coated<\/td>\n<\/tr>\n<tr class=\"blade_material\">\n<th class=\"col label\" scope=\"row\">Blade Material<\/th>\n<td class=\"col data\" data-th=\"Blade Material\"> 3Cr13<\/td>\n<\/tr>\n<tr class=\"blade_edge_type\">\n<th class=\"col label\" scope=\"row\">Blade Edge Type<\/th>\n<td class=\"col data\" data-th=\"Blade Edge Type\"> Fine Edge<\/td>\n<\/tr>\n<tr class=\"blade_shape\">\n<th class=\"col label\" scope=\"row\">Blade Shape<\/th>\n<td class=\"col data\" data-th=\"Blade Shape\"> Drop Point<\/td>\n<\/tr>\n<tr class=\"blade_thickness\">\n<th class=\"col label\" scope=\"row\">Blade Thickness<\/th>\n<td class=\"col data\" data-th=\"Blade Thickness\"> 0<\/td>\n<\/tr>\n<tr class=\"feature_1\">\n<th class=\"col label\" scope=\"row\">Features<\/th>\n<td class=\"col data\" data-th=\"Features\"> Pocket Clip<\/td>\n<\/tr>\n<\/tbody>\n<\/table>","protected":false},"excerpt":{"rendered":"<p>Wild Turkey &#8211; Handmade Karambit Spring Assist Knife &#8211; WT-5018GR Gray &amp; White Marble Color Design Handle . Gray Blade. Finger Ring Liner Lock 5&#8243; Closed With Pocket Clip. More Information Weight 0.39 lbs Type Spring Assisted Style Karambits, Pocket Knives Theme Collectible, Everyday Carry, Tactical Length Closed 5&#8243; Retail Packaging Box Handle Material Resin [&#8230;]\n","protected":false},"featured_media":81138,"template":"","meta":[],"product_brand":[],"product_cat":[1275],"product_tag":[],"class_list":{"0":"post-81141","1":"product","2":"type-product","3":"status-publish","4":"has-post-thumbnail","6":"product_cat-swords-europe","8":"first","9":"outofstock","10":"sale","11":"taxable","12":"shipping-taxable","13":"purchasable","14":"product-type-simple"},"_links":{"self":[{"href":"https:\/\/jjcustomworks.se\/fr\/wp-json\/wp\/v2\/product\/81141","targetHints":{"allow":["GET"]}}],"collection":[{"href":"https:\/\/jjcustomworks.se\/fr\/wp-json\/wp\/v2\/product"}],"about":[{"href":"https:\/\/jjcustomworks.se\/fr\/wp-json\/wp\/v2\/types\/product"}],"wp:featuredmedia":[{"embeddable":true,"href":"https:\/\/jjcustomworks.se\/fr\/wp-json\/wp\/v2\/media\/81138"}],"wp:attachment":[{"href":"https:\/\/jjcustomworks.se\/fr\/wp-json\/wp\/v2\/media?parent=81141"}],"wp:term":[{"taxonomy":"product_brand","embeddable":true,"href":"https:\/\/jjcustomworks.se\/fr\/wp-json\/wp\/v2\/product_brand?post=81141"},{"taxonomy":"product_cat","embeddable":true,"href":"https:\/\/jjcustomworks.se\/fr\/wp-json\/wp\/v2\/product_cat?post=81141"},{"taxonomy":"product_tag","embeddable":true,"href":"https:\/\/jjcustomworks.se\/fr\/wp-json\/wp\/v2\/product_tag?post=81141"}],"curies":[{"name":"wp","href":"https:\/\/api.w.org\/{rel}","templated":true}]}}