{"id":81072,"date":"2025-10-17T03:32:24","date_gmt":"2025-10-17T01:32:24","guid":{"rendered":"https:\/\/jjcustomworks.se\/product\/roman-dagger-shord-sword\/"},"modified":"2026-04-05T14:30:34","modified_gmt":"2026-04-05T12:30:34","slug":"roman-dagger-shord-sword","status":"publish","type":"product","link":"https:\/\/jjcustomworks.se\/fr\/produit\/roman-dagger-shord-sword\/","title":{"rendered":"Roman dagger \/ Shord sword"},"content":{"rendered":"<p>17.5&#8243; Overall<br \/>Acier inoxydable<br \/>Roman short sword\/dagger<br \/>Includes scabbard<\/p>","protected":false},"excerpt":{"rendered":"<p>Hitta den perfekta romerska dolken eller kortsv\u00e4rdet f\u00f6r dina behov hos oss. V\u00e5rt sortiment av h\u00f6gkvalitativa produkter erbjuder b\u00e5de stil och funktionalitet f\u00f6r alla samlare och entusiaster. Utforska v\u00e5rt utbud idag och l\u00e5t oss hj\u00e4lpa dig att hitta det perfekta vapnet f\u00f6r din samling.<\/p>","protected":false},"featured_media":81071,"template":"","meta":[],"product_brand":[],"product_cat":[1275],"product_tag":[],"class_list":{"0":"post-81072","1":"product","2":"type-product","3":"status-publish","4":"has-post-thumbnail","6":"product_cat-swords-europe","8":"first","9":"outofstock","10":"sale","11":"taxable","12":"shipping-taxable","13":"purchasable","14":"product-type-simple"},"_links":{"self":[{"href":"https:\/\/jjcustomworks.se\/fr\/wp-json\/wp\/v2\/product\/81072","targetHints":{"allow":["GET"]}}],"collection":[{"href":"https:\/\/jjcustomworks.se\/fr\/wp-json\/wp\/v2\/product"}],"about":[{"href":"https:\/\/jjcustomworks.se\/fr\/wp-json\/wp\/v2\/types\/product"}],"wp:featuredmedia":[{"embeddable":true,"href":"https:\/\/jjcustomworks.se\/fr\/wp-json\/wp\/v2\/media\/81071"}],"wp:attachment":[{"href":"https:\/\/jjcustomworks.se\/fr\/wp-json\/wp\/v2\/media?parent=81072"}],"wp:term":[{"taxonomy":"product_brand","embeddable":true,"href":"https:\/\/jjcustomworks.se\/fr\/wp-json\/wp\/v2\/product_brand?post=81072"},{"taxonomy":"product_cat","embeddable":true,"href":"https:\/\/jjcustomworks.se\/fr\/wp-json\/wp\/v2\/product_cat?post=81072"},{"taxonomy":"product_tag","embeddable":true,"href":"https:\/\/jjcustomworks.se\/fr\/wp-json\/wp\/v2\/product_tag?post=81072"}],"curies":[{"name":"wp","href":"https:\/\/api.w.org\/{rel}","templated":true}]}}