{"id":81015,"date":"2025-10-17T03:30:57","date_gmt":"2025-10-17T01:30:57","guid":{"rendered":"https:\/\/jjcustomworks.se\/product\/hk-6634-ninja-sword\/"},"modified":"2026-03-01T14:23:45","modified_gmt":"2026-03-01T13:23:45","slug":"hk-6634-ninja-sword","status":"publish","type":"product","link":"https:\/\/jjcustomworks.se\/fr\/produit\/hk-6634-ninja-sword\/","title":{"rendered":"HK-6634 &#8211; Ninjasv\u00e4rd"},"content":{"rendered":"<p>Ninjasv\u00e4rd<\/p>\n<p>27&#8243; L\u00e5ngt<br \/>Rostfritt st\u00e5l<br \/>Svart titanbehandlat ninja sv\u00e4rd<br \/>Full tang svart bindning runt det rostfria st\u00e5l handtaget<br \/>Nylonslida med axelband inkluderas<\/p>","protected":false},"excerpt":{"rendered":"<p>K\u00f6p HK-6634 Ninjasv\u00e4rd &#8211; H\u00f6gkvalitativt och autentiskt sv\u00e4rd f\u00f6r ninjafantaster. Utforska v\u00e5rt sortiment av ninjautrustning och best\u00e4ll ditt eget HK-6634 Ninjasv\u00e4rd idag!<\/p>","protected":false},"featured_media":81014,"template":"","meta":[],"product_brand":[],"product_cat":[1275],"product_tag":[],"class_list":{"0":"post-81015","1":"product","2":"type-product","3":"status-publish","4":"has-post-thumbnail","6":"product_cat-swords-europe","8":"first","9":"outofstock","10":"taxable","11":"shipping-taxable","12":"purchasable","13":"product-type-simple"},"_links":{"self":[{"href":"https:\/\/jjcustomworks.se\/fr\/wp-json\/wp\/v2\/product\/81015","targetHints":{"allow":["GET"]}}],"collection":[{"href":"https:\/\/jjcustomworks.se\/fr\/wp-json\/wp\/v2\/product"}],"about":[{"href":"https:\/\/jjcustomworks.se\/fr\/wp-json\/wp\/v2\/types\/product"}],"wp:featuredmedia":[{"embeddable":true,"href":"https:\/\/jjcustomworks.se\/fr\/wp-json\/wp\/v2\/media\/81014"}],"wp:attachment":[{"href":"https:\/\/jjcustomworks.se\/fr\/wp-json\/wp\/v2\/media?parent=81015"}],"wp:term":[{"taxonomy":"product_brand","embeddable":true,"href":"https:\/\/jjcustomworks.se\/fr\/wp-json\/wp\/v2\/product_brand?post=81015"},{"taxonomy":"product_cat","embeddable":true,"href":"https:\/\/jjcustomworks.se\/fr\/wp-json\/wp\/v2\/product_cat?post=81015"},{"taxonomy":"product_tag","embeddable":true,"href":"https:\/\/jjcustomworks.se\/fr\/wp-json\/wp\/v2\/product_tag?post=81015"}],"curies":[{"name":"wp","href":"https:\/\/api.w.org\/{rel}","templated":true}]}}