{"id":81011,"date":"2025-10-17T03:30:48","date_gmt":"2025-10-17T01:30:48","guid":{"rendered":"https:\/\/jjcustomworks.se\/product\/sw-68lbl4-samurai-sword-set-41\/"},"modified":"2026-04-10T19:26:35","modified_gmt":"2026-04-10T17:26:35","slug":"sw-68lbl4-samurai-sword-set-41","status":"publish","type":"product","link":"https:\/\/jjcustomworks.se\/fr\/produit\/sw-68lbl4-samurai-sword-set-41\/","title":{"rendered":"SW-68LBL4 &#8211; Samurajsv\u00e4rd-set 41&#8243;"},"content":{"rendered":"<p>Samurajsv\u00e4rd-set<br \/>Samurajsv\u00e4rd-set<br \/>41&#8243; L\u00e5ngt<br \/>Kolst\u00e5l<br \/>Svart och bl\u00e5 bindning runt handtaget<br \/>Japansk skript p\u00e5 bl\u00e5a tr\u00e4 slidor och visningsmonter av tr\u00e4 inkluderas<\/p>","protected":false},"excerpt":{"rendered":"<p>K\u00f6p det imponerande SW-68LBL4 Samurajsv\u00e4rd-setet 41&#8243; online &#8211; perfekt f\u00f6r samlare och entusiaster. Utforska v\u00e5r samling av autentiska samurajsv\u00e4rd och hitta ditt favoritset idag!<\/p>","protected":false},"featured_media":81010,"template":"","meta":[],"product_brand":[],"product_cat":[1275],"product_tag":[],"class_list":{"0":"post-81011","1":"product","2":"type-product","3":"status-publish","4":"has-post-thumbnail","6":"product_cat-swords-europe","8":"first","9":"instock","10":"sale","11":"taxable","12":"shipping-taxable","13":"purchasable","14":"product-type-simple"},"_links":{"self":[{"href":"https:\/\/jjcustomworks.se\/fr\/wp-json\/wp\/v2\/product\/81011","targetHints":{"allow":["GET"]}}],"collection":[{"href":"https:\/\/jjcustomworks.se\/fr\/wp-json\/wp\/v2\/product"}],"about":[{"href":"https:\/\/jjcustomworks.se\/fr\/wp-json\/wp\/v2\/types\/product"}],"wp:featuredmedia":[{"embeddable":true,"href":"https:\/\/jjcustomworks.se\/fr\/wp-json\/wp\/v2\/media\/81010"}],"wp:attachment":[{"href":"https:\/\/jjcustomworks.se\/fr\/wp-json\/wp\/v2\/media?parent=81011"}],"wp:term":[{"taxonomy":"product_brand","embeddable":true,"href":"https:\/\/jjcustomworks.se\/fr\/wp-json\/wp\/v2\/product_brand?post=81011"},{"taxonomy":"product_cat","embeddable":true,"href":"https:\/\/jjcustomworks.se\/fr\/wp-json\/wp\/v2\/product_cat?post=81011"},{"taxonomy":"product_tag","embeddable":true,"href":"https:\/\/jjcustomworks.se\/fr\/wp-json\/wp\/v2\/product_tag?post=81011"}],"curies":[{"name":"wp","href":"https:\/\/api.w.org\/{rel}","templated":true}]}}