{"id":80967,"date":"2025-10-17T03:29:03","date_gmt":"2025-10-17T01:29:03","guid":{"rendered":"https:\/\/jjcustomworks.se\/product\/jl-581b-samurai-sword\/"},"modified":"2025-11-08T18:34:07","modified_gmt":"2025-11-08T17:34:07","slug":"jl-581b-samurai-sword","status":"publish","type":"product","link":"https:\/\/jjcustomworks.se\/fr\/produit\/jl-581b-samurai-sword\/","title":{"rendered":"BladesUSA &#8211; Samurai Sword &#8211; JL-581B"},"content":{"rendered":"<div class=\"value\">\n<p>\u00e9p\u00e9e de samoura\u00ef<\/p>\n<p><\/p>\n<ul class=\"descrip\">\n<li>41&#8243; OVERALL<\/li>\n<li>27.5&#8243; BLADE, CARBON STEEL<\/li>\n<li>2 TONE RED AND BLACK BLADE<\/li>\n<li>WHITE, BLACK AND RED HANDLE<\/li>\n<li>INCLUDES BLACK LACQUER SCABBARD CARVED BUDDHIST LITERATURE<\/li>\n<\/ul>\n<\/div>\n<p><\/p>\n<table class=\"data table additional-attributes\" id=\"product-attribute-specs-table\">\n<caption class=\"table-caption\">More Information<\/caption>\n<tbody>\n<tr class=\"weight\">\n<th class=\"col label\" scope=\"row\">Weight<\/th>\n<td class=\"col data\" data-th=\"Weight\"> 3.30 lbs<\/td>\n<\/tr>\n<tr class=\"item_type\">\n<th class=\"col label\" scope=\"row\">Type<\/th>\n<td class=\"col data\" data-th=\"Type\"> Swords<\/td>\n<\/tr>\n<tr class=\"item_style\">\n<th class=\"col label\" scope=\"row\">Style<\/th>\n<td class=\"col data\" data-th=\"Style\"> Oriental Swords<\/td>\n<\/tr>\n<tr class=\"item_theme\">\n<th class=\"col label\" scope=\"row\">Theme<\/th>\n<td class=\"col data\" data-th=\"Theme\"> Historical<\/td>\n<\/tr>\n<tr class=\"length_open\">\n<th class=\"col label\" scope=\"row\">Total Length<\/th>\n<td class=\"col data\" data-th=\"Total Length\"> 37.50&#8243;<\/td>\n<\/tr>\n<tr class=\"length_closed\">\n<th class=\"col label\" scope=\"row\">Length Closed<\/th>\n<td class=\"col data\" data-th=\"Length Closed\"> 0&#8243;<\/td>\n<\/tr>\n<tr class=\"package_type\">\n<th class=\"col label\" scope=\"row\">Retail Packaging<\/th>\n<td class=\"col data\" data-th=\"Retail Packaging\"> Box<\/td>\n<\/tr>\n<tr class=\"handle_material\">\n<th class=\"col label\" scope=\"row\">Handle Material<\/th>\n<td class=\"col data\" data-th=\"Handle Material\"> Wood<\/td>\n<\/tr>\n<tr class=\"blade_size\">\n<th class=\"col label\" scope=\"row\">Blade Length<\/th>\n<td class=\"col data\" data-th=\"Blade Length\"> 26.75&#8243;<\/td>\n<\/tr>\n<tr class=\"blade_material\">\n<th class=\"col label\" scope=\"row\">Blade Material<\/th>\n<td class=\"col data\" data-th=\"Blade Material\"> Q235<\/td>\n<\/tr>\n<tr class=\"blade_thickness\">\n<th class=\"col label\" scope=\"row\">Blade Thickness<\/th>\n<td class=\"col data\" data-th=\"Blade Thickness\"> 0<\/td>\n<\/tr>\n<tr class=\"sheath_material\">\n<th class=\"col label\" scope=\"row\">Sheath Material<\/th>\n<td class=\"col data\" data-th=\"Sheath Material\"> Wood Scabbard<\/td>\n<\/tr>\n<\/tbody>\n<\/table>","protected":false},"excerpt":{"rendered":"<p>Samurai Sword 41&#8243; OVERALL 27.5&#8243; BLADE, CARBON STEEL 2 TONE RED AND BLACK BLADE WHITE, BLACK AND RED HANDLE INCLUDES BLACK LACQUER SCABBARD CARVED BUDDHIST LITERATURE More Information Weight 3.30 lbs Type Swords Style Oriental Swords Theme Historical Total Length 37.50&#8243; Length Closed 0&#8243; Retail Packaging Box Handle Material Wood Blade Length 26.75&#8243; Blade Material [&#8230;]\n","protected":false},"featured_media":80965,"template":"","meta":[],"product_brand":[],"product_cat":[1275],"product_tag":[],"class_list":{"0":"post-80967","1":"product","2":"type-product","3":"status-publish","4":"has-post-thumbnail","6":"product_cat-swords-europe","8":"first","9":"outofstock","10":"taxable","11":"shipping-taxable","12":"purchasable","13":"product-type-simple"},"_links":{"self":[{"href":"https:\/\/jjcustomworks.se\/fr\/wp-json\/wp\/v2\/product\/80967","targetHints":{"allow":["GET"]}}],"collection":[{"href":"https:\/\/jjcustomworks.se\/fr\/wp-json\/wp\/v2\/product"}],"about":[{"href":"https:\/\/jjcustomworks.se\/fr\/wp-json\/wp\/v2\/types\/product"}],"wp:featuredmedia":[{"embeddable":true,"href":"https:\/\/jjcustomworks.se\/fr\/wp-json\/wp\/v2\/media\/80965"}],"wp:attachment":[{"href":"https:\/\/jjcustomworks.se\/fr\/wp-json\/wp\/v2\/media?parent=80967"}],"wp:term":[{"taxonomy":"product_brand","embeddable":true,"href":"https:\/\/jjcustomworks.se\/fr\/wp-json\/wp\/v2\/product_brand?post=80967"},{"taxonomy":"product_cat","embeddable":true,"href":"https:\/\/jjcustomworks.se\/fr\/wp-json\/wp\/v2\/product_cat?post=80967"},{"taxonomy":"product_tag","embeddable":true,"href":"https:\/\/jjcustomworks.se\/fr\/wp-json\/wp\/v2\/product_tag?post=80967"}],"curies":[{"name":"wp","href":"https:\/\/api.w.org\/{rel}","templated":true}]}}