{"id":80963,"date":"2025-10-17T03:28:57","date_gmt":"2025-10-17T01:28:57","guid":{"rendered":"https:\/\/jjcustomworks.se\/product\/yk-58dg-samurai-sword\/"},"modified":"2026-04-14T18:17:34","modified_gmt":"2026-04-14T16:17:34","slug":"yk-58dg-samurai-sword","status":"publish","type":"product","link":"https:\/\/jjcustomworks.se\/fr\/produit\/yk-58dg-samurai-sword\/","title":{"rendered":"YK-58DG  &#8211; Samurajsv\u00e4rd"},"content":{"rendered":"<p>\u00e9p\u00e9e de samoura\u00ef<\/p>\n<p>40&#8243; L\u00e5ng<br \/>24.5&#8243; Blad av rostfritt st\u00e5l<br \/>Satin blad<br \/>Svart bindning runt grepp<br \/>Svart sv\u00e4rdsskida med ristad gr\u00f6n drake inkluderas<\/p>","protected":false},"excerpt":{"rendered":"<p>K\u00f6p YK-58DG Samurajsv\u00e4rd online &#8211; H\u00f6gkvalitativt och autentiskt sv\u00e4rd f\u00f6r samlare och entusiaster. Utforska v\u00e5rt sortiment av samurajsv\u00e4rd och hitta din perfekta samling. Best\u00e4ll nu f\u00f6r snabb leverans och konkurrenskraftiga priser.<\/p>","protected":false},"featured_media":82167,"template":"","meta":[],"product_brand":[],"product_cat":[1275],"product_tag":[],"class_list":{"0":"post-80963","1":"product","2":"type-product","3":"status-publish","4":"has-post-thumbnail","6":"product_cat-swords-europe","8":"first","9":"outofstock","10":"sale","11":"taxable","12":"shipping-taxable","13":"purchasable","14":"product-type-simple"},"_links":{"self":[{"href":"https:\/\/jjcustomworks.se\/fr\/wp-json\/wp\/v2\/product\/80963","targetHints":{"allow":["GET"]}}],"collection":[{"href":"https:\/\/jjcustomworks.se\/fr\/wp-json\/wp\/v2\/product"}],"about":[{"href":"https:\/\/jjcustomworks.se\/fr\/wp-json\/wp\/v2\/types\/product"}],"wp:featuredmedia":[{"embeddable":true,"href":"https:\/\/jjcustomworks.se\/fr\/wp-json\/wp\/v2\/media\/82167"}],"wp:attachment":[{"href":"https:\/\/jjcustomworks.se\/fr\/wp-json\/wp\/v2\/media?parent=80963"}],"wp:term":[{"taxonomy":"product_brand","embeddable":true,"href":"https:\/\/jjcustomworks.se\/fr\/wp-json\/wp\/v2\/product_brand?post=80963"},{"taxonomy":"product_cat","embeddable":true,"href":"https:\/\/jjcustomworks.se\/fr\/wp-json\/wp\/v2\/product_cat?post=80963"},{"taxonomy":"product_tag","embeddable":true,"href":"https:\/\/jjcustomworks.se\/fr\/wp-json\/wp\/v2\/product_tag?post=80963"}],"curies":[{"name":"wp","href":"https:\/\/api.w.org\/{rel}","templated":true}]}}