{"id":80913,"date":"2025-10-17T03:26:06","date_gmt":"2025-10-17T01:26:06","guid":{"rendered":"https:\/\/jjcustomworks.se\/product\/hk-1066s-ninja-sword\/"},"modified":"2025-11-08T18:32:41","modified_gmt":"2025-11-08T17:32:41","slug":"hk-1066s-ninja-sword","status":"publish","type":"product","link":"https:\/\/jjcustomworks.se\/fr\/produit\/hk-1066s-ninja-sword\/","title":{"rendered":"BladesUSA &#8211; Ninja Sword &#8211; HK-1066S"},"content":{"rendered":"<div class=\"value\">\n<p>\u00e9p\u00e9e de samoura\u00ef<\/p>\n<p><\/p>\n<ul class=\"descrip\">\n<li>26&#8243; OVERALL<\/li>\n<li>ACIER INOXYDABLE<\/li>\n<li>SILVER BLADE WITH JAPANESE INSCRIPTION ON BLADE<\/li>\n<li>POIGN\u00c9E ENVELOPP\u00c9E DE CORDON NOIR<\/li>\n<li>INCLUDES 2-IN-1 NYLON SHEATH WITH SHOULDER STRAP<\/li>\n<\/ul>\n<\/div>\n<p><\/p>\n<table class=\"data table additional-attributes\" id=\"product-attribute-specs-table\">\n<caption class=\"table-caption\">More Information<\/caption>\n<tbody>\n<tr class=\"weight\">\n<th class=\"col label\" scope=\"row\">Weight<\/th>\n<td class=\"col data\" data-th=\"Weight\"> 1.10 lbs<\/td>\n<\/tr>\n<tr class=\"item_type\">\n<th class=\"col label\" scope=\"row\">Type<\/th>\n<td class=\"col data\" data-th=\"Type\"> Swords<\/td>\n<\/tr>\n<tr class=\"item_style\">\n<th class=\"col label\" scope=\"row\">Style<\/th>\n<td class=\"col data\" data-th=\"Style\"> Oriental Swords<\/td>\n<\/tr>\n<tr class=\"item_theme\">\n<th class=\"col label\" scope=\"row\">Theme<\/th>\n<td class=\"col data\" data-th=\"Theme\"> Historical<\/td>\n<\/tr>\n<tr class=\"length_open\">\n<th class=\"col label\" scope=\"row\">Total Length<\/th>\n<td class=\"col data\" data-th=\"Total Length\"> 27.00&#8243;<\/td>\n<\/tr>\n<tr class=\"length_closed\">\n<th class=\"col label\" scope=\"row\">Length Closed<\/th>\n<td class=\"col data\" data-th=\"Length Closed\"> 0&#8243;<\/td>\n<\/tr>\n<tr class=\"package_type\">\n<th class=\"col label\" scope=\"row\">Retail Packaging<\/th>\n<td class=\"col data\" data-th=\"Retail Packaging\"> Box<\/td>\n<\/tr>\n<tr class=\"handle_material\">\n<th class=\"col label\" scope=\"row\">Handle Material<\/th>\n<td class=\"col data\" data-th=\"Handle Material\"> Wrapped<\/td>\n<\/tr>\n<tr class=\"blade_size\">\n<th class=\"col label\" scope=\"row\">Blade Length<\/th>\n<td class=\"col data\" data-th=\"Blade Length\"> 18.75&#8243;<\/td>\n<\/tr>\n<tr class=\"blade_material\">\n<th class=\"col label\" scope=\"row\">Blade Material<\/th>\n<td class=\"col data\" data-th=\"Blade Material\"> 2Cr13<\/td>\n<\/tr>\n<tr class=\"blade_thickness\">\n<th class=\"col label\" scope=\"row\">Blade Thickness<\/th>\n<td class=\"col data\" data-th=\"Blade Thickness\"> 0<\/td>\n<\/tr>\n<\/tbody>\n<\/table>","protected":false},"excerpt":{"rendered":"<p>Samurai Sword 26&#8243; OVERALL STAINLESS STEEL SILVER BLADE WITH JAPANESE INSCRIPTION ON BLADE BLACK CORD WRAPPED HANDLE INCLUDES 2-IN-1 NYLON SHEATH WITH SHOULDER STRAP More Information Weight 1.10 lbs Type Swords Style Oriental Swords Theme Historical Total Length 27.00&#8243; Length Closed 0&#8243; Retail Packaging Box Handle Material Wrapped Blade Length 18.75&#8243; Blade Material 2Cr13 Blade [&#8230;]\n","protected":false},"featured_media":80912,"template":"","meta":[],"product_brand":[],"product_cat":[1275],"product_tag":[],"class_list":{"0":"post-80913","1":"product","2":"type-product","3":"status-publish","4":"has-post-thumbnail","6":"product_cat-swords-europe","8":"first","9":"outofstock","10":"sale","11":"taxable","12":"shipping-taxable","13":"purchasable","14":"product-type-simple"},"_links":{"self":[{"href":"https:\/\/jjcustomworks.se\/fr\/wp-json\/wp\/v2\/product\/80913","targetHints":{"allow":["GET"]}}],"collection":[{"href":"https:\/\/jjcustomworks.se\/fr\/wp-json\/wp\/v2\/product"}],"about":[{"href":"https:\/\/jjcustomworks.se\/fr\/wp-json\/wp\/v2\/types\/product"}],"wp:featuredmedia":[{"embeddable":true,"href":"https:\/\/jjcustomworks.se\/fr\/wp-json\/wp\/v2\/media\/80912"}],"wp:attachment":[{"href":"https:\/\/jjcustomworks.se\/fr\/wp-json\/wp\/v2\/media?parent=80913"}],"wp:term":[{"taxonomy":"product_brand","embeddable":true,"href":"https:\/\/jjcustomworks.se\/fr\/wp-json\/wp\/v2\/product_brand?post=80913"},{"taxonomy":"product_cat","embeddable":true,"href":"https:\/\/jjcustomworks.se\/fr\/wp-json\/wp\/v2\/product_cat?post=80913"},{"taxonomy":"product_tag","embeddable":true,"href":"https:\/\/jjcustomworks.se\/fr\/wp-json\/wp\/v2\/product_tag?post=80913"}],"curies":[{"name":"wp","href":"https:\/\/api.w.org\/{rel}","templated":true}]}}