{"id":80773,"date":"2025-10-17T03:03:11","date_gmt":"2025-10-17T01:03:11","guid":{"rendered":"https:\/\/jjcustomworks.se\/product\/cal-45-peacemaker-revolver-replica-12-usa-1873-gray\/"},"modified":"2025-10-17T03:03:11","modified_gmt":"2025-10-17T01:03:11","slug":"cal-45-peacemaker-revolver-replica-12-usa-1873-gray","status":"publish","type":"product","link":"https:\/\/jjcustomworks.se\/fr\/produit\/cal-45-peacemaker-revolver-replica-12-usa-1873-gray\/","title":{"rendered":"CAL.45 Peacemaker revolver replica 12&#8243;, USA 1873 Gray"},"content":{"rendered":"<p>Revolver reproduction 12&#8243; made of metal and wood, with simulated mechanism of charge and firing and rotating drum.<br id=\"isPasted\"><br \/>The Peacemaker revolver, also known as Single Action Army (SAA), was designed by Samuel Colt in 1873 and it was manufactured with different lengths of cannon: the short, 4.75-inch version, the longer versions 5.5- and 7.5-inch, or The imposing 12-inch &#8221;BuntlineSpecial&#8221; used by the legendary Wyatt Earp in service with the Dodge City Peace Commission.<\/p>\n<p>Cette arme a \u00e9t\u00e9 initialement utilis\u00e9e par l&#039;arm\u00e9e am\u00e9ricaine. Cependant, en quelques ann\u00e9es, la plupart des citoyens am\u00e9ricains se sont dot\u00e9s d\u2019un de ces revolvers. Le fait qu&#039;il utilisait des munitions du m\u00eame calibre que le fusil Winchester M1873 a contribu\u00e9 \u00e0 sa popularisation comme arme courte dans le vieil Ouest nord-am\u00e9ricain \u00e0 la fin du XIXe si\u00e8cle.<\/p>\n<p>Curieusement, ce revolver a re\u00e7u de nombreux surnoms. Outre le Peacemaker mentionn\u00e9, il \u00e9tait \u00e9galement connu sous le nom de Frontier ou Widowmaker, en r\u00e9f\u00e9rence \u00e0 la facilit\u00e9 de ce revolver \u00e0 laisser des veuves parmi les \u00e9pouses de l&#039;\u00e9poque.<\/p>\n<p>L\u2019industrie cin\u00e9matographique a mythifi\u00e9 le \u00ab Peacemaker \u00bb dans les westerns des ann\u00e9es 40 et 50, et il a \u00e9t\u00e9 associ\u00e9 \u00e0 des stars du grand \u00e9cran comme John Wayne ou Gary Cooper. Roosevelt en avait \u00e9galement un avec ses initiales grav\u00e9es et George S. Patton en utilisait deux.<\/p>\n<p>Ressentez le r\u00f4le d&#039;un grand western avec la reproduction DENIX de ce revolver !<\/p>\n<p>Dimensions: 46 cm<br id=\"isPasted\">Weight: 1,100 g<\/p>","protected":false},"excerpt":{"rendered":"<p>Revolver reproduction 12&#8243; made of metal and wood, with simulated mechanism of charge and firing and rotating drum.The Peacemaker revolver, also known as Single Action Army (SAA), was designed by Samuel Colt in 1873 and it was manufactured with different lengths of cannon: the short, 4.75-inch version, the longer versions 5.5- and 7.5-inch, or The [&#8230;]\n","protected":false},"featured_media":80754,"template":"","meta":[],"product_brand":[],"product_cat":[826],"product_tag":[],"class_list":{"0":"post-80773","1":"product","2":"type-product","3":"status-publish","4":"has-post-thumbnail","6":"product_cat-replica-western","8":"first","9":"instock","10":"taxable","11":"shipping-taxable","12":"purchasable","13":"product-type-simple"},"_links":{"self":[{"href":"https:\/\/jjcustomworks.se\/fr\/wp-json\/wp\/v2\/product\/80773","targetHints":{"allow":["GET"]}}],"collection":[{"href":"https:\/\/jjcustomworks.se\/fr\/wp-json\/wp\/v2\/product"}],"about":[{"href":"https:\/\/jjcustomworks.se\/fr\/wp-json\/wp\/v2\/types\/product"}],"wp:featuredmedia":[{"embeddable":true,"href":"https:\/\/jjcustomworks.se\/fr\/wp-json\/wp\/v2\/media\/80754"}],"wp:attachment":[{"href":"https:\/\/jjcustomworks.se\/fr\/wp-json\/wp\/v2\/media?parent=80773"}],"wp:term":[{"taxonomy":"product_brand","embeddable":true,"href":"https:\/\/jjcustomworks.se\/fr\/wp-json\/wp\/v2\/product_brand?post=80773"},{"taxonomy":"product_cat","embeddable":true,"href":"https:\/\/jjcustomworks.se\/fr\/wp-json\/wp\/v2\/product_cat?post=80773"},{"taxonomy":"product_tag","embeddable":true,"href":"https:\/\/jjcustomworks.se\/fr\/wp-json\/wp\/v2\/product_tag?post=80773"}],"curies":[{"name":"wp","href":"https:\/\/api.w.org\/{rel}","templated":true}]}}