{"id":80735,"date":"2025-10-17T02:58:46","date_gmt":"2025-10-17T00:58:46","guid":{"rendered":"https:\/\/jjcustomworks.se\/product\/kolser-replica-blunderbuss-2\/"},"modified":"2025-12-17T12:00:31","modified_gmt":"2025-12-17T11:00:31","slug":"kolser-replica-blunderbuss-2","status":"publish","type":"product","link":"https:\/\/jjcustomworks.se\/fr\/produit\/kolser-replica-blunderbuss-2\/","title":{"rendered":"Kolser \u2013 R\u00e9plique \u2013 Tromblon"},"content":{"rendered":"<p>Kolser \u2013 Tromblon<\/p>\n<p>Cette magnifique r\u00e9plique d&#039;un tromblon pirate du XVIIIe si\u00e8cle est r\u00e9alis\u00e9e en r\u00e9sine et en m\u00e9tal pour garantir sa durabilit\u00e9.<\/p>\n<p>Ce type d&#039;arme \u00e9tait \u00e0 chargement par canon et peut \u00eatre consid\u00e9r\u00e9 comme le pr\u00e9d\u00e9cesseur du fusil de chasse.<\/p>\n<p>Contrairement \u00e0 d&#039;autres armes, ce tromblon avait la possibilit\u00e9 de tirer sur plusieurs cibles et pouvait donc \u00eatre charg\u00e9 avec des plombs plus petits et, \u00e0 son tour, tirer plus d&#039;un projectile.<\/p>\n<p>Largement utilis\u00e9 dans les batailles rapproch\u00e9es telles que les batailles navales. Il mesure 46 cm, sa d\u00e9tente et son marteau sont en m\u00e9tal, sa plaque de couche et le reste du corps sont en r\u00e9sine.<\/p>\n<p>46 cm<\/p>","protected":false},"excerpt":{"rendered":"<p>Kolser &#8211; Blunderbuss This beautiful replica of an 18th century pirate blunderbuss is made of resin and metal to guarantee its durability. This type of gun was barrel-loaded and can be considered the predecessor of the shotgun. Unlike other weapons, this blunderbuss had the possibility of firing at several targets and could therefore be loaded [&#8230;]\n","protected":false},"featured_media":80733,"template":"","meta":[],"product_brand":[],"product_cat":[4805],"product_tag":[],"class_list":{"0":"post-80735","1":"product","2":"type-product","3":"status-publish","4":"has-post-thumbnail","6":"product_cat-replicas-older-historical","8":"first","9":"instock","10":"sale","11":"taxable","12":"shipping-taxable","13":"purchasable","14":"product-type-simple"},"_links":{"self":[{"href":"https:\/\/jjcustomworks.se\/fr\/wp-json\/wp\/v2\/product\/80735","targetHints":{"allow":["GET"]}}],"collection":[{"href":"https:\/\/jjcustomworks.se\/fr\/wp-json\/wp\/v2\/product"}],"about":[{"href":"https:\/\/jjcustomworks.se\/fr\/wp-json\/wp\/v2\/types\/product"}],"wp:featuredmedia":[{"embeddable":true,"href":"https:\/\/jjcustomworks.se\/fr\/wp-json\/wp\/v2\/media\/80733"}],"wp:attachment":[{"href":"https:\/\/jjcustomworks.se\/fr\/wp-json\/wp\/v2\/media?parent=80735"}],"wp:term":[{"taxonomy":"product_brand","embeddable":true,"href":"https:\/\/jjcustomworks.se\/fr\/wp-json\/wp\/v2\/product_brand?post=80735"},{"taxonomy":"product_cat","embeddable":true,"href":"https:\/\/jjcustomworks.se\/fr\/wp-json\/wp\/v2\/product_cat?post=80735"},{"taxonomy":"product_tag","embeddable":true,"href":"https:\/\/jjcustomworks.se\/fr\/wp-json\/wp\/v2\/product_tag?post=80735"}],"curies":[{"name":"wp","href":"https:\/\/api.w.org\/{rel}","templated":true}]}}