{"id":80686,"date":"2025-10-17T02:40:36","date_gmt":"2025-10-17T00:40:36","guid":{"rendered":"https:\/\/jjcustomworks.se\/product\/thompson-m1-replica\/"},"modified":"2026-01-15T17:33:37","modified_gmt":"2026-01-15T16:33:37","slug":"thompson-m1-replica","status":"publish","type":"product","link":"https:\/\/jjcustomworks.se\/fr\/produit\/thompson-m1-replica\/","title":{"rendered":"Thompson M1 Replica"},"content":{"rendered":"<p>Thompson var en amerikansk kulsprutepistol som blev &ouml;k&auml;nd under f&ouml;rbudstien och gjordes ber&ouml;md genom gangsterfilmer. Den anv&auml;ndes av amerikanska trupper och allierade under andra v&auml;rldskriget. Ett begr&auml;nsat antal av Thompson M1 n&aring;dde &auml;ven Sverige f&ouml;r att utrusta svenska frivilligk&aring;ren i finska vinterkriget.<\/p>\n<p>L&auml;ngd: 82 cm<\/p>\n<p>Vikt: 2925 g<\/p>\n<p>V&aring;ra replikor &auml;r licensfria och g&aring;r ej att g&ouml;ra skarpa. Snygga och h&auml;ftiga som dekoration!<\/p>","protected":false},"excerpt":{"rendered":"<p>Hitta den b\u00e4sta Thompson M1-replikan f\u00f6r dina behov &#8211; Exklusiva erbjudanden och h\u00f6gkvalitativa replikor tillg\u00e4ngliga nu. K\u00f6p din Thompson M1-replica online idag och njut av autentiskt utseende och prestanda.<\/p>","protected":false},"featured_media":80684,"template":"","meta":[],"product_brand":[],"product_cat":[826],"product_tag":[],"class_list":{"0":"post-80686","1":"product","2":"type-product","3":"status-publish","4":"has-post-thumbnail","6":"product_cat-replica-western","8":"first","9":"outofstock","10":"sale","11":"taxable","12":"shipping-taxable","13":"purchasable","14":"product-type-simple"},"_links":{"self":[{"href":"https:\/\/jjcustomworks.se\/fr\/wp-json\/wp\/v2\/product\/80686","targetHints":{"allow":["GET"]}}],"collection":[{"href":"https:\/\/jjcustomworks.se\/fr\/wp-json\/wp\/v2\/product"}],"about":[{"href":"https:\/\/jjcustomworks.se\/fr\/wp-json\/wp\/v2\/types\/product"}],"wp:featuredmedia":[{"embeddable":true,"href":"https:\/\/jjcustomworks.se\/fr\/wp-json\/wp\/v2\/media\/80684"}],"wp:attachment":[{"href":"https:\/\/jjcustomworks.se\/fr\/wp-json\/wp\/v2\/media?parent=80686"}],"wp:term":[{"taxonomy":"product_brand","embeddable":true,"href":"https:\/\/jjcustomworks.se\/fr\/wp-json\/wp\/v2\/product_brand?post=80686"},{"taxonomy":"product_cat","embeddable":true,"href":"https:\/\/jjcustomworks.se\/fr\/wp-json\/wp\/v2\/product_cat?post=80686"},{"taxonomy":"product_tag","embeddable":true,"href":"https:\/\/jjcustomworks.se\/fr\/wp-json\/wp\/v2\/product_tag?post=80686"}],"curies":[{"name":"wp","href":"https:\/\/api.w.org\/{rel}","templated":true}]}}