{"id":80560,"date":"2025-10-17T01:43:35","date_gmt":"2025-10-16T23:43:35","guid":{"rendered":"https:\/\/jjcustomworks.se\/product\/simple-machete-49cm-black\/"},"modified":"2026-04-04T00:07:35","modified_gmt":"2026-04-03T22:07:35","slug":"machette-simple-49cm-noire","status":"publish","type":"product","link":"https:\/\/jjcustomworks.se\/fr\/produit\/machette-simple-49cm-noire\/","title":{"rendered":"Machette Simple 49cm Noire | Lame Durable"},"content":{"rendered":"<h1><span class=\"ez-toc-section\" id=\"Machette_Simple_49cm_Noire\"><\/span>Machette Simple 49cm Noire<span class=\"ez-toc-section-end\"><\/span><\/h1>\n<h2><span class=\"ez-toc-section\" id=\"Machette_Polyvalente_et_Facile_a_Utiliser\"><\/span>Machette Polyvalente et Facile \u00e0 Utiliser<span class=\"ez-toc-section-end\"><\/span><\/h2>\n<p>Cette machette simple est un excellent outil pour une vari\u00e9t\u00e9 de t\u00e2ches, du jardinage au bushcraft. Avec sa construction robuste et sa lame aiguis\u00e9e, elle est pr\u00eate \u00e0 relever des d\u00e9fis difficiles. Parfait pour ceux qui recherchent un outil fiable et abordable.<\/p>\n<h3><span class=\"ez-toc-section\" id=\"Caracteristiques\"><\/span>Caract\u00e9ristiques<span class=\"ez-toc-section-end\"><\/span><\/h3>\n<ul>\n <li><strong>Longueur totale :<\/strong> 49 cm<\/li>\n <li><strong>Longueur de la lame :<\/strong> 36 cm<\/li>\n <li><strong>Poids:<\/strong> 480 grammes<\/li>\n <li><strong>\u00c9paisseur de la lame :<\/strong> 3 mm<\/li>\n <li><strong>Manche:<\/strong> Manche creux pour une bonne prise en main<\/li>\n <li><strong>Gaine :<\/strong> Gaine simple en nylon pour un stockage et un transport en toute s\u00e9curit\u00e9<\/li>\n<\/ul>\n<h3><span class=\"ez-toc-section\" id=\"Domaines_dUtilisation\"><\/span>Domaines d&#8217;Utilisation<span class=\"ez-toc-section-end\"><\/span><\/h3>\n<p>Cette machette est id\u00e9ale pour d\u00e9gager les buissons, couper les broussailles et effectuer d'autres t\u00e2ches similaires. Le manche creux offre une prise en main confortable et s\u00fbre, tandis que la gaine en nylon incluse prot\u00e8ge la lame pendant le transport et le stockage. Le poids de 480 grammes la rend facile \u00e0 manipuler, tandis que l'\u00e9paisseur de la lame de 3 mm garantit qu'elle peut r\u00e9sister \u00e0 des conditions difficiles.<\/p>\n<p>Vous en cherchez d&#039;autres. <a href=\"https:\/\/jjcustomworks.se\/fr\/categorie-de-produit\/autres_produits\/machetes\/\">couteaux et machettes<\/a> ? Explorez notre large gamme pour trouver l'outil parfait pour vos besoins. Veuillez visiter notre <a href=\"https:\/\/jjcustomworks.se\/fr\/\">page d&#039;accueil<\/a> pour voir tous nos produits et offres. D\u00e9couvrez nos autres <a href=\"https:\/\/jjcustomworks.se\/fr\/magasin\/\">machettes<\/a>.<\/p>","protected":false},"excerpt":{"rendered":"<p>K\u00f6p en svart enkel r\u00f6jkniv \/ djungelkniv p\u00e5 49cm f\u00f6r att enkelt klara av dina utomhusprojekt. Perfekt f\u00f6r att hugga och trimma buskar och grenar. Best\u00e4ll idag och f\u00e5 snabb leverans!<\/p>","protected":false},"featured_media":80556,"template":"","meta":[],"product_brand":[],"product_cat":[976],"product_tag":[],"class_list":{"0":"post-80560","1":"product","2":"type-product","3":"status-publish","4":"has-post-thumbnail","6":"product_cat-machetes","8":"first","9":"instock","10":"sale","11":"taxable","12":"shipping-taxable","13":"purchasable","14":"product-type-simple"},"_links":{"self":[{"href":"https:\/\/jjcustomworks.se\/fr\/wp-json\/wp\/v2\/product\/80560","targetHints":{"allow":["GET"]}}],"collection":[{"href":"https:\/\/jjcustomworks.se\/fr\/wp-json\/wp\/v2\/product"}],"about":[{"href":"https:\/\/jjcustomworks.se\/fr\/wp-json\/wp\/v2\/types\/product"}],"wp:featuredmedia":[{"embeddable":true,"href":"https:\/\/jjcustomworks.se\/fr\/wp-json\/wp\/v2\/media\/80556"}],"wp:attachment":[{"href":"https:\/\/jjcustomworks.se\/fr\/wp-json\/wp\/v2\/media?parent=80560"}],"wp:term":[{"taxonomy":"product_brand","embeddable":true,"href":"https:\/\/jjcustomworks.se\/fr\/wp-json\/wp\/v2\/product_brand?post=80560"},{"taxonomy":"product_cat","embeddable":true,"href":"https:\/\/jjcustomworks.se\/fr\/wp-json\/wp\/v2\/product_cat?post=80560"},{"taxonomy":"product_tag","embeddable":true,"href":"https:\/\/jjcustomworks.se\/fr\/wp-json\/wp\/v2\/product_tag?post=80560"}],"curies":[{"name":"wp","href":"https:\/\/api.w.org\/{rel}","templated":true}]}}