{"id":80430,"date":"2025-10-17T01:23:40","date_gmt":"2025-10-16T23:23:40","guid":{"rendered":"https:\/\/jjcustomworks.se\/product\/colt-python-25-45mm-bb-gun-airgun\/"},"modified":"2025-10-17T01:55:36","modified_gmt":"2025-10-16T23:55:36","slug":"colt-python-2-5-4-5mm-bb-gun-revolver-air","status":"publish","type":"product","link":"https:\/\/jjcustomworks.se\/fr\/produit\/colt-python-2-5-4-5mm-bb-gun-revolver-air\/","title":{"rendered":"Colt Python 2,5\" 4,5mm BB-Gun Revolver \u00e0 Air"},"content":{"rendered":"<h1>Colt Python - 2,5\" 4,5mm BB-Gun Revolver \u00e0 Air<\/h1>\n<h2><span class=\"ez-toc-section\" id=\"Revolver_CO2_pour_un_plaisir_de_tir_maximal\"><\/span>Revolver CO2 pour un plaisir de tir maximal<span class=\"ez-toc-section-end\"><\/span><\/h2>\n<p>Le Colt Python 2,5\" 4,5mm est un revolver CO2 de calibre 4,5mm qui offre un plaisir de tir maximal. Cette version du Colt Python est dot\u00e9e d'une carcasse en composite de fibre de nylon et d'un canon court de 2,5\". Il peut tirer des billes d'acier et des plombs, ce qui vous offre une grande flexibilit\u00e9 dans votre tir. Ce revolver est un excellent choix pour les tireurs d\u00e9butants et exp\u00e9riment\u00e9s \u00e0 la recherche d'une arme <a href=\"https:\/\/jjcustomworks.se\/fr\/magasin\/\" title=\"Pistolet \u00e0 air comprim\u00e9 4,5 mm\">\u00e0 air comprim\u00e9 4,5 mm<\/a> fiable et amusante. Des chargeurs pour plombs (en m\u00e9tal) et des chargeurs pour billes d'acier (en composite) sont inclus.<\/p>\n\n<h3><span class=\"ez-toc-section\" id=\"Colt_Python_Un_revolver_classique\"><\/span>Colt Python : Un revolver classique<span class=\"ez-toc-section-end\"><\/span><\/h3>\n<p>Le Colt Python .357 Magnum est un revolver classique largement consid\u00e9r\u00e9 comme l'un des meilleurs mod\u00e8les de revolver jamais produits \u00e0 grande \u00e9chelle. Le Python \u00e9tait exclusivement chambr\u00e9 pour le calibre .357 Magnum, mais il \u00e9tait propos\u00e9 dans diff\u00e9rentes longueurs de canon et finitions, ce qui a contribu\u00e9 \u00e0 sa popularit\u00e9 et \u00e0 son statut dans le monde des armes \u00e0 feu. Vous pouvez maintenant d\u00e9couvrir une partie de ce classique avec cette r\u00e9plique du Colt Python.<\/p>\n\n<h3><span class=\"ez-toc-section\" id=\"Umarex_Armes_a_air_comprime_Qualite_et_tradition\"><\/span>Umarex Armes \u00e0 air comprim\u00e9 : Qualit\u00e9 et tradition<span class=\"ez-toc-section-end\"><\/span><\/h3>\n<p>Umarex est le leader du march\u00e9 des armes \u00e0 air comprim\u00e9 et poss\u00e8de des usines en Asie et en Allemagne. Les principaux facteurs de leur succ\u00e8s sont une s\u00e9lection rigoureuse des produits, des normes de qualit\u00e9 \u00e9lev\u00e9es et un service apr\u00e8s-vente et des pi\u00e8ces de rechange longtemps apr\u00e8s la fabrication des armes. Le groupe Umarex comprend \u00e9galement Walther, qui poss\u00e8de une tr\u00e8s longue histoire d'armes \u00e0 air comprim\u00e9 de haute qualit\u00e9. Les derni\u00e8res armes \u00e0 air comprim\u00e9 \u00e0 piston \u00e0 ressort de Walther sont absolument de premier ordre. Visitez <a href=\"https:\/\/jjcustomworks.se\/fr\/\" title=\"Umarex\">Umarex<\/a> pour voir toute la gamme.<\/p>\n\n<h3><span class=\"ez-toc-section\" id=\"Caracteristiques_et_avantages\"><\/span>Caract\u00e9ristiques et avantages<span class=\"ez-toc-section-end\"><\/span><\/h3>\n<ul>\n <li>Viseurs r\u00e9glables : Le viseur est r\u00e9glable en hauteur et lat\u00e9ralement pour une pr\u00e9cision accrue.<\/li>\n <li>Chargeurs inclus : Des chargeurs pour plombs (en m\u00e9tal) et des chargeurs pour billes d'acier (en composite) sont inclus.<\/li>\n <li>Munitions flexibles : Peut tirer des billes d'acier et des plombs.<\/li>\n<\/ul>\n\n<h3><span class=\"ez-toc-section\" id=\"Specifications\"><\/span>Caract\u00e9ristiques<span class=\"ez-toc-section-end\"><\/span><\/h3>\n<ul>\n <li>Poids : 518 g<\/li>\n <li>Longueur totale : 200 mm<\/li>\n <li>Construction : Composite<\/li>\n <li>Propulsion : CO2<\/li>\n <li>M\u00e9canisme : Revolver<\/li>\n <li>Type de canon : Canon lisse<\/li>\n <li>Longueur du canon : 65 mm<\/li>\n <li>Rail : Non<\/li>\n <li>Capacit\u00e9 du chargeur : 10 coups<\/li>\n <li>\u00c9nergie : 1,75 J<\/li>\n<\/ul>\nPour plus d'informations sur nos <a href=\"https:\/\/jjcustomworks.se\/fr\/categorie-de-produit\/autres_produits\/test\/airgun-pistol\/\" title=\"armes \u00e0 air comprim\u00e9\">armes \u00e0 air comprim\u00e9<\/a>, visitez notre site Web.","protected":false},"excerpt":{"rendered":"<p>Colt Python &#8211; 2,5&#8243; 4,5mm BB-Gun Revolver \u00e0 Air Revolver CO2 pour un plaisir de tir maximal Le Colt Python 2,5&#8243; 4,5mm est un revolver CO2 de calibre 4,5mm qui offre un plaisir de tir maximal. Cette version du Colt Python est dot\u00e9e d&#8217;une carcasse en composite de fibre de nylon et d&#8217;un canon court [&#8230;]\n","protected":false},"featured_media":80429,"template":"","meta":[],"product_brand":[],"product_cat":[8045],"product_tag":[],"class_list":{"0":"post-80430","1":"product","2":"type-product","3":"status-publish","4":"has-post-thumbnail","6":"product_cat-airgun-pistol","8":"first","9":"outofstock","10":"sale","11":"taxable","12":"shipping-taxable","13":"purchasable","14":"product-type-simple"},"_links":{"self":[{"href":"https:\/\/jjcustomworks.se\/fr\/wp-json\/wp\/v2\/product\/80430","targetHints":{"allow":["GET"]}}],"collection":[{"href":"https:\/\/jjcustomworks.se\/fr\/wp-json\/wp\/v2\/product"}],"about":[{"href":"https:\/\/jjcustomworks.se\/fr\/wp-json\/wp\/v2\/types\/product"}],"wp:featuredmedia":[{"embeddable":true,"href":"https:\/\/jjcustomworks.se\/fr\/wp-json\/wp\/v2\/media\/80429"}],"wp:attachment":[{"href":"https:\/\/jjcustomworks.se\/fr\/wp-json\/wp\/v2\/media?parent=80430"}],"wp:term":[{"taxonomy":"product_brand","embeddable":true,"href":"https:\/\/jjcustomworks.se\/fr\/wp-json\/wp\/v2\/product_brand?post=80430"},{"taxonomy":"product_cat","embeddable":true,"href":"https:\/\/jjcustomworks.se\/fr\/wp-json\/wp\/v2\/product_cat?post=80430"},{"taxonomy":"product_tag","embeddable":true,"href":"https:\/\/jjcustomworks.se\/fr\/wp-json\/wp\/v2\/product_tag?post=80430"}],"curies":[{"name":"wp","href":"https:\/\/api.w.org\/{rel}","templated":true}]}}