{"id":80424,"date":"2025-10-17T01:22:40","date_gmt":"2025-10-16T23:22:40","guid":{"rendered":"https:\/\/jjcustomworks.se\/product\/hk-heckler-and-koch-hk45-co2-airgun-4-5mm-bb-gun\/"},"modified":"2025-10-17T01:55:39","modified_gmt":"2025-10-16T23:55:39","slug":"hk45-pistolet-air-co2-4-5mm","status":"publish","type":"product","link":"https:\/\/jjcustomworks.se\/fr\/produit\/hk45-pistolet-air-co2-4-5mm\/","title":{"rendered":"HK45 Pistolet \u00e0 air CO2 4.5mm | Heckler & Koch"},"content":{"rendered":"<h1><span class=\"ez-toc-section\" id=\"HK_Heckler_Koch_HK45_Pistolet_a_air_CO2_45mm_BB-Gun\"><\/span>HK Heckler &#038; Koch HK45 Pistolet \u00e0 air CO2 4.5mm BB-Gun<span class=\"ez-toc-section-end\"><\/span><\/h1>\n<h2><span class=\"ez-toc-section\" id=\"Pistolet_a_CO2_puissant_et_bien_equilibre\"><\/span>Pistolet \u00e0 CO2 puissant et bien \u00e9quilibr\u00e9<span class=\"ez-toc-section-end\"><\/span><\/h2>\n<p>Le Heckler & Koch HK45 4,5 mm est un pistolet \u00e0 CO2 bien \u00e9quilibr\u00e9 qui tire des billes d'acier. Ce mod\u00e8le a \u00e9t\u00e9 initialement d\u00e9velopp\u00e9 pour l'arm\u00e9e am\u00e9ricaine et \u00e9tait bas\u00e9 sur le mod\u00e8le USP .45 de calibre brut \u00e9prouv\u00e9. Le chargeur ambidextre et le syst\u00e8me DAO (Double Action Only) contribuent \u00e0 une s\u00e9curit\u00e9 \u00e9lev\u00e9e et \u00e0 une cadence de tir rapide. La cartouche de dioxyde de carbone est int\u00e9gr\u00e9e au chargeur, ce qui la rend facile \u00e0 utiliser. Investissez dans ce pistolet \u00e0 air CO2 d\u00e8s aujourd'hui et d\u00e9couvrez la diff\u00e9rence. Trouvez <a href=\"https:\/\/jjcustomworks.se\/fr\/magasin\/\">des pistolets \u00e0 air Heckler & Koch similaires<\/a> dans notre gamme.<\/p>\n\n<h3><span class=\"ez-toc-section\" id=\"Caracteristiques_et_avantages\"><\/span>Caract\u00e9ristiques et avantages<span class=\"ez-toc-section-end\"><\/span><\/h3>\n<ul>\n <li><strong>Canon externe en m\u00e9tal :<\/strong> Offre une sensation r\u00e9aliste et une durabilit\u00e9 accrue.<\/li>\n <li><strong>Verrou de chargeur ambidextre :<\/strong> Facile \u00e0 utiliser pour les tireurs gauchers et droitiers.<\/li>\n <li><strong>DAO (Double Action Only) :<\/strong> Haute s\u00e9curit\u00e9 et tir rapide.<\/li>\n <li><strong>Cartouche de CO2 dans le chargeur :<\/strong> Simple et rapide \u00e0 changer les cartouches.<\/li>\n <li><strong>Rail Picatinny :<\/strong> Permet de monter des accessoires tels que des lasers et des lampes.<\/li>\n<\/ul>\n\n<h3><span class=\"ez-toc-section\" id=\"Specifications\"><\/span>Caract\u00e9ristiques<span class=\"ez-toc-section-end\"><\/span><\/h3>\n<ul>\n <li>Poids : 630 g<\/li>\n <li>Longueur totale : 203 mm<\/li>\n <li>Construction : Mat\u00e9riau composite<\/li>\n <li>Canon externe : M\u00e9tal<\/li>\n <li>Entra\u00eenement : CO2<\/li>\n <li>M\u00e9canisme : Culasse fixe<\/li>\n <li>Type de canon : \u00c2me lisse<\/li>\n <li>Longueur du canon : 102 mm<\/li>\n <li>Rail : Picatinny<\/li>\n <li>Capacit\u00e9 du chargeur : 19 coups<\/li>\n <li>\u00c9nergie d'impact : 2,7 J<\/li>\n <li>Chargeur suppl\u00e9mentaire inclus : Non<\/li>\n <li>Manuel : Oui<\/li>\n <li>Marquage anglais DAO<\/li>\n <li>Nombre de tirs par CO2 : 200 pi\u00e8ces<\/li>\n <li>Longueur du canon : 4 \"<\/li>\n <li>Vitesse initiale BB : 125 m \/ s<\/li>\n <li>Calibre : Billes rondes en acier : 4,5 (.177) Billes BB en acier mm<\/li>\n<\/ul>\n\n<p>Umarex est le leader du march\u00e9 des pistolets \u00e0 air, connu pour sa haute qualit\u00e9 et sa fiabilit\u00e9. Avec une fabrication en Asie et en Allemagne, une s\u00e9lection rigoureuse des produits, des exigences de qualit\u00e9 \u00e9lev\u00e9es, un service apr\u00e8s-vente et des pi\u00e8ces de rechange sont garantis longtemps apr\u00e8s la fabrication des armes. Le groupe Umarex comprend \u00e9galement Walther, qui poss\u00e8de une tr\u00e8s longue exp\u00e9rience dans les pistolets \u00e0 air de haute qualit\u00e9. Consultez notre <a href=\"https:\/\/jjcustomworks.se\/fr\/categorie-de-produit\/autres_produits\/test\/airgun-pistol\/\">cat\u00e9gorie de pistolets \u00e0 air<\/a> pour plus de produits. N'oubliez pas non plus de consulter <a href=\"https:\/\/jjcustomworks.se\/fr\/\">notre page d&#039;accueil<\/a> pour d'autres offres.<\/p>","protected":false},"excerpt":{"rendered":"<p>HK Heckler &#038; Koch HK45 Pistolet \u00e0 air CO2 4.5mm BB-Gun Pistolet \u00e0 CO2 puissant et bien \u00e9quilibr\u00e9 Le Heckler &#038; Koch HK45 4,5 mm est un pistolet \u00e0 CO2 bien \u00e9quilibr\u00e9 qui tire des billes d&#8217;acier. Ce mod\u00e8le a \u00e9t\u00e9 initialement d\u00e9velopp\u00e9 pour l&#8217;arm\u00e9e am\u00e9ricaine et \u00e9tait bas\u00e9 sur le mod\u00e8le USP .45 de [&#8230;]\n","protected":false},"featured_media":80423,"template":"","meta":[],"product_brand":[],"product_cat":[8045],"product_tag":[],"class_list":{"0":"post-80424","1":"product","2":"type-product","3":"status-publish","4":"has-post-thumbnail","6":"product_cat-airgun-pistol","8":"first","9":"outofstock","10":"sale","11":"taxable","12":"shipping-taxable","13":"purchasable","14":"product-type-simple"},"_links":{"self":[{"href":"https:\/\/jjcustomworks.se\/fr\/wp-json\/wp\/v2\/product\/80424","targetHints":{"allow":["GET"]}}],"collection":[{"href":"https:\/\/jjcustomworks.se\/fr\/wp-json\/wp\/v2\/product"}],"about":[{"href":"https:\/\/jjcustomworks.se\/fr\/wp-json\/wp\/v2\/types\/product"}],"wp:featuredmedia":[{"embeddable":true,"href":"https:\/\/jjcustomworks.se\/fr\/wp-json\/wp\/v2\/media\/80423"}],"wp:attachment":[{"href":"https:\/\/jjcustomworks.se\/fr\/wp-json\/wp\/v2\/media?parent=80424"}],"wp:term":[{"taxonomy":"product_brand","embeddable":true,"href":"https:\/\/jjcustomworks.se\/fr\/wp-json\/wp\/v2\/product_brand?post=80424"},{"taxonomy":"product_cat","embeddable":true,"href":"https:\/\/jjcustomworks.se\/fr\/wp-json\/wp\/v2\/product_cat?post=80424"},{"taxonomy":"product_tag","embeddable":true,"href":"https:\/\/jjcustomworks.se\/fr\/wp-json\/wp\/v2\/product_tag?post=80424"}],"curies":[{"name":"wp","href":"https:\/\/api.w.org\/{rel}","templated":true}]}}