{"id":80375,"date":"2025-10-17T00:56:36","date_gmt":"2025-10-16T22:56:36","guid":{"rendered":"https:\/\/jjcustomworks.se\/product\/gletcher-357-magnum-4-clt-b4-airgun-4-5mm-co2-replica\/"},"modified":"2025-10-17T01:55:55","modified_gmt":"2025-10-16T23:55:55","slug":"gletcher-357-magnum-4-clt-b4-airgun-co2","status":"publish","type":"product","link":"https:\/\/jjcustomworks.se\/fr\/produit\/gletcher-357-magnum-4-clt-b4-airgun-co2\/","title":{"rendered":"Gletcher .357 Magnum 4\" CLT B4 Airgun CO2 R\u00e9plique"},"content":{"rendered":"<h1>Gletcher .357 Magnum 4\" CLT B4 Airgun CO2 R\u00e9plique 4.5mm<\/h1>\n<h2><span class=\"ez-toc-section\" id=\"Revolver_Legendaire_pour_un_Usage_Moderne\"><\/span>Revolver L\u00e9gendaire pour un Usage Moderne<span class=\"ez-toc-section-end\"><\/span><\/h2>\n<p>Le revolver l\u00e9gendaire, invent\u00e9 il y a des si\u00e8cles, trouve encore son utilit\u00e9 dans l'armement moderne. Les revolvers compacts sont appr\u00e9ci\u00e9s pour leur fiabilit\u00e9 et leur robustesse. Aujourd'hui encore, ces armes sont respect\u00e9es par la police et les forces sp\u00e9ciales du monde entier.<\/p>\n\n<h3><span class=\"ez-toc-section\" id=\"Caracteristiques_et_Specifications\"><\/span>Caract\u00e9ristiques et sp\u00e9cifications<span class=\"ez-toc-section-end\"><\/span><\/h3>\n<ul>\n <li><b>Mode de Tir :<\/b> S\u00e9curit\u00e9, double action\/simple action.<\/li>\n <li><b>Poids:<\/b> 990 gr<\/li>\n <li><b>Capacit\u00e9 du Magasin :<\/b> 6 billes d'acier de 4.5mm<\/li>\n <li><b>Longueur:<\/b> 235mm<\/li>\n <li><b>Puissance :<\/b> < 3 Joules<\/li>\n <li><b>Source d'\u00c9nergie :<\/b> CO2 12g (non inclus)<\/li>\n <li><b>Vitesse Moyenne :<\/b> 100m\/s<\/li>\n <li><b>Mat\u00e9riau du Corps :<\/b> M\u00e9tal<\/li>\n <li><b>Mat\u00e9riau du manche :<\/b> Plastique<\/li>\n<\/ul>\n\n<h3><span class=\"ez-toc-section\" id=\"Informations_Supplementaires\"><\/span>Informations Suppl\u00e9mentaires<span class=\"ez-toc-section-end\"><\/span><\/h3>\n<p>Livr\u00e9 avec 6 cartouches qui chargent des billes d'acier. Des cartouches suppl\u00e9mentaires sont disponibles. Speedloader inclus. Trouvez plus d'<a href=\"https:\/\/jjcustomworks.se\/fr\/magasin\/\">accessoires Gletcher ici<\/a>. Pour les passionn\u00e9s de tir, <a href=\"https:\/\/jjcustomworks.se\/fr\/categorie-de-produit\/autres_produits\/test\/airgun-pistol\/\">nos airguns<\/a> offrent une excellente source de plaisir pour le tir r\u00e9cr\u00e9atif et les collectionneurs. Toutes les airguns doivent \u00eatre trait\u00e9es avec respect et peuvent causer des blessures si elles sont manipul\u00e9es avec n\u00e9gligence. Manipulez de mani\u00e8re responsable pour une exp\u00e9rience s\u00fbre et amusante. Visitez <a href=\"https:\/\/jjcustomworks.se\/fr\/\">notre page d&#039;accueil<\/a> pour plus de d\u00e9tails.<\/p>","protected":false},"excerpt":{"rendered":"<p>Gletcher .357 Magnum 4&#8243; CLT B4 Airgun CO2 R\u00e9plique 4.5mm Revolver L\u00e9gendaire pour un Usage Moderne Le revolver l\u00e9gendaire, invent\u00e9 il y a des si\u00e8cles, trouve encore son utilit\u00e9 dans l&#8217;armement moderne. Les revolvers compacts sont appr\u00e9ci\u00e9s pour leur fiabilit\u00e9 et leur robustesse. Aujourd&#8217;hui encore, ces armes sont respect\u00e9es par la police et les forces [&#8230;]\n","protected":false},"featured_media":80365,"template":"","meta":[],"product_brand":[],"product_cat":[8045],"product_tag":[],"class_list":{"0":"post-80375","1":"product","2":"type-product","3":"status-publish","4":"has-post-thumbnail","6":"product_cat-airgun-pistol","8":"first","9":"outofstock","10":"sale","11":"taxable","12":"shipping-taxable","13":"purchasable","14":"product-type-simple"},"_links":{"self":[{"href":"https:\/\/jjcustomworks.se\/fr\/wp-json\/wp\/v2\/product\/80375","targetHints":{"allow":["GET"]}}],"collection":[{"href":"https:\/\/jjcustomworks.se\/fr\/wp-json\/wp\/v2\/product"}],"about":[{"href":"https:\/\/jjcustomworks.se\/fr\/wp-json\/wp\/v2\/types\/product"}],"wp:featuredmedia":[{"embeddable":true,"href":"https:\/\/jjcustomworks.se\/fr\/wp-json\/wp\/v2\/media\/80365"}],"wp:attachment":[{"href":"https:\/\/jjcustomworks.se\/fr\/wp-json\/wp\/v2\/media?parent=80375"}],"wp:term":[{"taxonomy":"product_brand","embeddable":true,"href":"https:\/\/jjcustomworks.se\/fr\/wp-json\/wp\/v2\/product_brand?post=80375"},{"taxonomy":"product_cat","embeddable":true,"href":"https:\/\/jjcustomworks.se\/fr\/wp-json\/wp\/v2\/product_cat?post=80375"},{"taxonomy":"product_tag","embeddable":true,"href":"https:\/\/jjcustomworks.se\/fr\/wp-json\/wp\/v2\/product_tag?post=80375"}],"curies":[{"name":"wp","href":"https:\/\/api.w.org\/{rel}","templated":true}]}}