{"id":80373,"date":"2025-10-17T00:56:36","date_gmt":"2025-10-16T22:56:36","guid":{"rendered":"https:\/\/jjcustomworks.se\/product\/gletcher-357-magnum-6-clt-b6-airgun-4-5mm-co2-replica\/"},"modified":"2025-10-17T01:55:54","modified_gmt":"2025-10-16T23:55:54","slug":"gletcher-357-magnum-6-clt-b6-replique-airgun","status":"publish","type":"product","link":"https:\/\/jjcustomworks.se\/fr\/produit\/gletcher-357-magnum-6-clt-b6-replique-airgun\/","title":{"rendered":"Gletcher .357 Magnum 6\" CLT B6 R\u00e9plique Airgun"},"content":{"rendered":"<h1>Gletcher .357 Magnum 6\" CLT B6 R\u00e9plique Airgun<\/h1>\n<h2><span class=\"ez-toc-section\" id=\"Revolver_legendaire_pour_le_tir_de_precision\"><\/span>Revolver l\u00e9gendaire pour le tir de pr\u00e9cision<span class=\"ez-toc-section-end\"><\/span><\/h2>\n<p>Le revolver l\u00e9gendaire, invent\u00e9 il y a des si\u00e8cles, est toujours utilis\u00e9 dans les armes modernes. Les revolvers compacts sont appr\u00e9ci\u00e9s pour leur fiabilit\u00e9 et leur robustesse. Aujourd'hui encore, ces armes sont respect\u00e9es par la police et les forces sp\u00e9ciales du monde entier.<\/p>\n<h3><span class=\"ez-toc-section\" id=\"Caracteristiques_qui_font_la_difference\"><\/span>Caract\u00e9ristiques qui font la diff\u00e9rence<span class=\"ez-toc-section-end\"><\/span><\/h3>\n<ul>\n <li><b>Mode de tir :<\/b> s\u00e9curit\u00e9, double action\/simple action<\/li>\n <li><b>Poids:<\/b> 1120 gr<\/li>\n <li><b>Capacit\u00e9 du chargeur :<\/b> 6 BB en acier de 4,5 mm<\/li>\n <li><b>Longueur:<\/b> 285mm<\/li>\n <li><b>Puissance :<\/b> < 3 joules<\/li>\n <li><b>Source d'alimentation :<\/b> CO2 12g (non inclus)<\/li>\n <li><b>Vitesse moyenne :<\/b> 120m\/s<\/li>\n <li><b>Mat\u00e9riau du corps :<\/b> M\u00e9tal<\/li>\n <li><b>Mat\u00e9riau de la poign\u00e9e :<\/b> Plastique<\/li>\n <li><b>Autres informations :<\/b> Livr\u00e9 avec 6 cartouches qui chargent des billes d'acier. Cartouches suppl\u00e9mentaires disponibles. Speedloader inclus.<\/li>\n<\/ul>\n<p>N'oubliez pas que les armes \u00e0 air comprim\u00e9 sont une excellente source de plaisir pour le tir de loisir et les collectionneurs. Toutes les armes \u00e0 air comprim\u00e9 doivent \u00eatre trait\u00e9es avec respect et peuvent causer des blessures si elles sont manipul\u00e9es avec n\u00e9gligence. Une manipulation responsable est inoffensive et s\u00fbre et constitue une source parfaite de plaisir. D\u00e9couvrez notre gamme de <a href=\"https:\/\/jjcustomworks.se\/fr\/magasin\/\">r\u00e9pliques authentiques<\/a> et trouvez le mod\u00e8le parfait pour vous. Explorez notre large s\u00e9lection d'<a href=\"https:\/\/jjcustomworks.se\/fr\/categorie-de-produit\/autres_produits\/test\/airgun-pistol\/\">armes \u00e0 air comprim\u00e9<\/a> pour trouver tous les accessoires dont vous avez besoin. Visitez <a href=\"https:\/\/jjcustomworks.se\/fr\/\">notre page d&#039;accueil<\/a> pour voir tous nos produits.<\/p>","protected":false},"excerpt":{"rendered":"<p>Gletcher .357 Magnum 6&#8243; CLT B6 R\u00e9plique Airgun Revolver l\u00e9gendaire pour le tir de pr\u00e9cision Le revolver l\u00e9gendaire, invent\u00e9 il y a des si\u00e8cles, est toujours utilis\u00e9 dans les armes modernes. Les revolvers compacts sont appr\u00e9ci\u00e9s pour leur fiabilit\u00e9 et leur robustesse. Aujourd&#8217;hui encore, ces armes sont respect\u00e9es par la police et les forces sp\u00e9ciales [&#8230;]\n","protected":false},"featured_media":80364,"template":"","meta":[],"product_brand":[],"product_cat":[8045],"product_tag":[],"class_list":{"0":"post-80373","1":"product","2":"type-product","3":"status-publish","4":"has-post-thumbnail","6":"product_cat-airgun-pistol","8":"first","9":"outofstock","10":"sale","11":"taxable","12":"shipping-taxable","13":"purchasable","14":"product-type-simple"},"_links":{"self":[{"href":"https:\/\/jjcustomworks.se\/fr\/wp-json\/wp\/v2\/product\/80373","targetHints":{"allow":["GET"]}}],"collection":[{"href":"https:\/\/jjcustomworks.se\/fr\/wp-json\/wp\/v2\/product"}],"about":[{"href":"https:\/\/jjcustomworks.se\/fr\/wp-json\/wp\/v2\/types\/product"}],"wp:featuredmedia":[{"embeddable":true,"href":"https:\/\/jjcustomworks.se\/fr\/wp-json\/wp\/v2\/media\/80364"}],"wp:attachment":[{"href":"https:\/\/jjcustomworks.se\/fr\/wp-json\/wp\/v2\/media?parent=80373"}],"wp:term":[{"taxonomy":"product_brand","embeddable":true,"href":"https:\/\/jjcustomworks.se\/fr\/wp-json\/wp\/v2\/product_brand?post=80373"},{"taxonomy":"product_cat","embeddable":true,"href":"https:\/\/jjcustomworks.se\/fr\/wp-json\/wp\/v2\/product_cat?post=80373"},{"taxonomy":"product_tag","embeddable":true,"href":"https:\/\/jjcustomworks.se\/fr\/wp-json\/wp\/v2\/product_tag?post=80373"}],"curies":[{"name":"wp","href":"https:\/\/api.w.org\/{rel}","templated":true}]}}