{"id":80361,"date":"2025-10-17T00:56:20","date_gmt":"2025-10-16T22:56:20","guid":{"rendered":"https:\/\/jjcustomworks.se\/product\/umarex-smith-wesson-mod-586-4-airgun-4-5mm\/"},"modified":"2025-10-17T01:55:57","modified_gmt":"2025-10-16T23:55:57","slug":"umarex-smith-wesson-mod-586-4-airgun","status":"publish","type":"product","link":"https:\/\/jjcustomworks.se\/fr\/produit\/umarex-smith-wesson-mod-586-4-airgun\/","title":{"rendered":"Umarex S&W Mod. 586-4\" 4.5mm Airgun"},"content":{"rendered":"<h1>Umarex Smith & Wesson Mod.586-4\" Airgun 4.5mm<\/h1>\n<h2><span class=\"ez-toc-section\" id=\"Replique_authentique_dun_revolver_legendaire\"><\/span>R\u00e9plique authentique d&#8217;un revolver l\u00e9gendaire<span class=\"ez-toc-section-end\"><\/span><\/h2>\n<p>Smith and Wesson Mod.586-4\" cal.4,5mm (.177) plomb - noir. Les revolvers Co2 Smith and Wesson\u00ae Model 586 sont des r\u00e9pliques authentiques de l'original l\u00e9gendaire, reproduisant son poids, sa maniabilit\u00e9 et les caract\u00e9ristiques de sa d\u00e9tente.<\/p>\n<h2><span class=\"ez-toc-section\" id=\"Caracteristiques_et_avantages\"><\/span>Caract\u00e9ristiques et avantages<span class=\"ez-toc-section-end\"><\/span><\/h2>\n<p>Ils sont disponibles avec des canons de 4\" et 6\". Des canons interchangeables de ces longueurs sont \u00e9galement disponibles, et ils peuvent \u00eatre chang\u00e9s sans difficult\u00e9. Une autre caract\u00e9ristique utile est la hausse microm\u00e9trique r\u00e9glable, qui am\u00e9liore les performances de tir. La capsule de Co2 de 12 g est dissimul\u00e9e derri\u00e8re des poign\u00e9es en caoutchouc de combat. Un cliquet lib\u00e8re rapidement le barillet de 10 coups pour le recharger. Parfait pour le tir sur cible et le plinking. Vous trouverez d'autres <a href=\"https:\/\/jjcustomworks.se\/fr\/magasin\/\">pistolets \u00e0 air comprim\u00e9 Umarex<\/a> dans notre gamme.<\/p>\n<h3><span class=\"ez-toc-section\" id=\"Donnees_techniques\"><\/span>Donn\u00e9es techniques:<span class=\"ez-toc-section-end\"><\/span><\/h3>\n<ul>\n  <li>Calibre: 4,5mm (.177) plomb<\/li>\n  <li>Source d'\u00e9nergie: Capsule de Co2 de 12 g<\/li>\n  <li>Capacit\u00e9 du chargeur: 10 coups<\/li>\n  <li>S\u00e9curit\u00e9: s\u00e9curit\u00e9 antichute<\/li>\n  <li>Vis\u00e9e: r\u00e9glable en d\u00e9rive et en \u00e9l\u00e9vation<\/li>\n  <li>\u00c9nergie max.: environ 4,0 Joule(s)<\/li>\n  <li>Longueur: 285 mm<\/li>\n  <li>Longueur du canon: 140 mm<\/li>\n  <li>Poids: 1250 g<\/li>\n  <li>Caract\u00e9ristique(s) sp\u00e9ciale(s): syst\u00e8mes de canon interchangeables<\/li>\n  <li>Vitesse: 130 m\/s<\/li>\n  <li>D\u00e9clencheur: Double Action<\/li>\n<\/ul>\n<p>D\u00e9couvrez-en davantage dans notre <a href=\"https:\/\/jjcustomworks.se\/fr\/categorie-de-produit\/autres_produits\/test\/airgun-pistol\/\">cat\u00e9gorie Pistolets \u00e0 air comprim\u00e9<\/a> ou visitez notre <a href=\"https:\/\/jjcustomworks.se\/fr\/\">page d&#039;accueil<\/a> pour voir notre gamme compl\u00e8te !<\/p>","protected":false},"excerpt":{"rendered":"<p>Umarex Smith &#038; Wesson Mod.586-4&#8243; Airgun 4.5mm R\u00e9plique authentique d&#8217;un revolver l\u00e9gendaire Smith and Wesson Mod.586-4&#8243; cal.4,5mm (.177) plomb &#8211; noir. Les revolvers Co2 Smith and Wesson\u00ae Model 586 sont des r\u00e9pliques authentiques de l&#8217;original l\u00e9gendaire, reproduisant son poids, sa maniabilit\u00e9 et les caract\u00e9ristiques de sa d\u00e9tente. Caract\u00e9ristiques et avantages Ils sont disponibles avec des [&#8230;]\n","protected":false},"featured_media":80360,"template":"","meta":[],"product_brand":[],"product_cat":[8045],"product_tag":[],"class_list":{"0":"post-80361","1":"product","2":"type-product","3":"status-publish","4":"has-post-thumbnail","6":"product_cat-airgun-pistol","8":"first","9":"outofstock","10":"sale","11":"taxable","12":"shipping-taxable","13":"purchasable","14":"product-type-simple"},"_links":{"self":[{"href":"https:\/\/jjcustomworks.se\/fr\/wp-json\/wp\/v2\/product\/80361","targetHints":{"allow":["GET"]}}],"collection":[{"href":"https:\/\/jjcustomworks.se\/fr\/wp-json\/wp\/v2\/product"}],"about":[{"href":"https:\/\/jjcustomworks.se\/fr\/wp-json\/wp\/v2\/types\/product"}],"wp:featuredmedia":[{"embeddable":true,"href":"https:\/\/jjcustomworks.se\/fr\/wp-json\/wp\/v2\/media\/80360"}],"wp:attachment":[{"href":"https:\/\/jjcustomworks.se\/fr\/wp-json\/wp\/v2\/media?parent=80361"}],"wp:term":[{"taxonomy":"product_brand","embeddable":true,"href":"https:\/\/jjcustomworks.se\/fr\/wp-json\/wp\/v2\/product_brand?post=80361"},{"taxonomy":"product_cat","embeddable":true,"href":"https:\/\/jjcustomworks.se\/fr\/wp-json\/wp\/v2\/product_cat?post=80361"},{"taxonomy":"product_tag","embeddable":true,"href":"https:\/\/jjcustomworks.se\/fr\/wp-json\/wp\/v2\/product_tag?post=80361"}],"curies":[{"name":"wp","href":"https:\/\/api.w.org\/{rel}","templated":true}]}}