{"id":80286,"date":"2025-10-17T00:54:58","date_gmt":"2025-10-16T22:54:58","guid":{"rendered":"https:\/\/jjcustomworks.se\/product\/gletcher-clt-1911-bb-airgun-co2-driven-4-5mm-replica\/"},"modified":"2025-10-17T00:55:13","modified_gmt":"2025-10-16T22:55:13","slug":"replique-pistolet-a-air-gletcher-clt-1911-bb","status":"publish","type":"product","link":"https:\/\/jjcustomworks.se\/fr\/produit\/replique-pistolet-a-air-gletcher-clt-1911-bb\/","title":{"rendered":"R\u00e9plique Pistolet \u00e0 Air Gletcher CLT 1911 BB | GLETCHER"},"content":{"rendered":"<h1><span class=\"ez-toc-section\" id=\"Replique_de_Pistolet_a_Air_Gletcher_CLT_1911_BB\"><\/span>R\u00e9plique de Pistolet \u00e0 Air Gletcher CLT 1911 BB<span class=\"ez-toc-section-end\"><\/span><\/h1>\n<h2><span class=\"ez-toc-section\" id=\"Replique_Authentique_et_Puissante_a_CO2\"><\/span>R\u00e9plique Authentique et Puissante \u00e0 CO2<span class=\"ez-toc-section-end\"><\/span><\/h2>\n<p>Sourire <b>Gletcher CLT 1911<\/b> est une r\u00e9plique de pistolet \u00e0 air comprim\u00e9 de l'une des armes de poing standard les plus populaires des forces arm\u00e9es am\u00e9ricaines. Son profil reconnaissable, sa conception m\u00e9canique robuste et ses excellentes performances rendent ce pistolet pr\u00eat \u00e0 \u00eatre utilis\u00e9 dans toutes les conditions. En cr\u00e9ant de nombreuses r\u00e9pliques l\u00e9gendaires, Gletcher ne pouvait pas manquer l'occasion de recr\u00e9er ce mod\u00e8le embl\u00e9matique. Le CLT 1911 a \u00e9t\u00e9 con\u00e7u pour reproduire la pr\u00e9cision militaire de l'original. Le mouvement de la glissi\u00e8re de ce mod\u00e8le a \u00e9t\u00e9 fid\u00e8lement reproduit, et les syst\u00e8mes Blowback sont parmi les plus r\u00e9alistes de sa cat\u00e9gorie. Vous voulez voir plus de <a href=\"https:\/\/jjcustomworks.se\/fr\/magasin\/\">r\u00e9pliques de pistolets \u00e0 air authentiques<\/a> ? Jetez un coup d'\u0153il \u00e0 notre gamme.<\/p>\n\n<h2><span class=\"ez-toc-section\" id=\"Avantages_du_Gletcher_CLT_1911\"><\/span>Avantages du Gletcher CLT 1911<span class=\"ez-toc-section-end\"><\/span><\/h2>\n<h3><span class=\"ez-toc-section\" id=\"Systeme_Blowback_pour_une_Sensation_Realiste\"><\/span>Syst\u00e8me Blowback pour une Sensation R\u00e9aliste<span class=\"ez-toc-section-end\"><\/span><\/h3>\n<p>Gr\u00e2ce \u00e0 sa conception authentique et \u00e0 la force de recul cr\u00e9\u00e9e par le syst\u00e8me blowback du pistolet, le recul de ce mod\u00e8le peut \u00eatre compar\u00e9 \u00e0 celui d'une arme \u00e0 feu de petit calibre. D\u00e9couvrez la sensation d'une v\u00e9ritable arme \u00e0 feu avec cette <a href=\"https:\/\/jjcustomworks.se\/fr\/categorie-de-produit\/autres_produits\/test\/airgun-pistol\/\">r\u00e9plique aliment\u00e9e au CO2<\/a>.<\/p>\n\n<h3><span class=\"ez-toc-section\" id=\"Deux_Securites_Fonctionnelles\"><\/span>Deux S\u00e9curit\u00e9s Fonctionnelles<span class=\"ez-toc-section-end\"><\/span><\/h3>\n<p>Ceux qui connaissent l'arme originale connaissent la s\u00e9curit\u00e9 de la poign\u00e9e qui emp\u00eache le tireur de tirer accidentellement avec l'arme \u00e0 moins que la poign\u00e9e ne soit fermement saisie. Le Gletcher CLT 1911 reproduit parfaitement cette fonctionnalit\u00e9 avec ses deux s\u00e9curit\u00e9s fonctionnelles. S\u00e9curit\u00e9 et r\u00e9alisme en un.<\/p>\n\n<h3><span class=\"ez-toc-section\" id=\"Mecanisme_a_Simple_Action\"><\/span>M\u00e9canisme \u00e0 Simple Action<span class=\"ez-toc-section-end\"><\/span><\/h3>\n<p>Tout comme l'original, la g\u00e2chette du Gletcher CLT 1911 est dot\u00e9e d'un m\u00e9canisme \u00e0 simple action. Arme de poing semi-automatique \u00e0 recul. La simplicit\u00e9 et la pr\u00e9cision du m\u00e9canisme contribuent \u00e0 une exp\u00e9rience de tir r\u00e9aliste, ce qui en fait un excellent choix pour les collectionneurs et les passionn\u00e9s. Ne manquez pas nos autres <a href=\"https:\/\/jjcustomworks.se\/fr\/\">produits Gletcher<\/a> !<\/p>\n\n<h3><span class=\"ez-toc-section\" id=\"Vis_de_Retenue_de_Cylindre_Cachee\"><\/span>Vis de Retenue de Cylindre Cach\u00e9e<span class=\"ez-toc-section-end\"><\/span><\/h3>\n<p>Plus que tout, Gletcher valorise et recherche la pr\u00e9cision militaire dans tous ses produits. M\u00eame les petits d\u00e9tails, comme une vis de serrage de la cartouche de Co2, con\u00e7ue pour ne pas \u00eatre visible, sont soumis \u00e0 ces valeurs fondamentales de Gletcher. Le r\u00e9sultat est une arme pratiquement indiscernable de l'original !<\/p>\n\n<h2><span class=\"ez-toc-section\" id=\"Specifications_Techniques\"><\/span>Sp\u00e9cifications Techniques<span class=\"ez-toc-section-end\"><\/span><\/h2>\n<ul>\n  <li>Capacit\u00e9 du chargeur : 17 billes<\/li>\n  <li>Poids : 900 grammes<\/li>\n  <li>Longueur : 225 mm<\/li>\n  <li>Vitesse moyenne : 100 m\/s<\/li>\n  <li>Puissance : < 3 Joules<\/li>\n  <li>Mat\u00e9riau du corps : M\u00e9tal<\/li>\n  <li>Mat\u00e9riau de la glissi\u00e8re : M\u00e9tal<\/li>\n  <li>Mat\u00e9riau de la poign\u00e9e : Plastique<\/li>\n  <li>Aliment\u00e9 par : CO2 12g (non inclus)<\/li>\n<\/ul>","protected":false},"excerpt":{"rendered":"<p>R\u00e9plique de Pistolet \u00e0 Air Gletcher CLT 1911 BB R\u00e9plique Authentique et Puissante \u00e0 CO2 Le Gletcher CLT 1911 est une r\u00e9plique de pistolet \u00e0 air comprim\u00e9 de l&#8217;une des armes de poing standard les plus populaires des forces arm\u00e9es am\u00e9ricaines. Son profil reconnaissable, sa conception m\u00e9canique robuste et ses excellentes performances rendent ce pistolet [&#8230;]\n","protected":false},"featured_media":80281,"template":"","meta":[],"product_brand":[],"product_cat":[8045],"product_tag":[],"class_list":{"0":"post-80286","1":"product","2":"type-product","3":"status-publish","4":"has-post-thumbnail","6":"product_cat-airgun-pistol","8":"first","9":"outofstock","10":"sale","11":"taxable","12":"shipping-taxable","13":"purchasable","14":"product-type-simple"},"_links":{"self":[{"href":"https:\/\/jjcustomworks.se\/fr\/wp-json\/wp\/v2\/product\/80286","targetHints":{"allow":["GET"]}}],"collection":[{"href":"https:\/\/jjcustomworks.se\/fr\/wp-json\/wp\/v2\/product"}],"about":[{"href":"https:\/\/jjcustomworks.se\/fr\/wp-json\/wp\/v2\/types\/product"}],"wp:featuredmedia":[{"embeddable":true,"href":"https:\/\/jjcustomworks.se\/fr\/wp-json\/wp\/v2\/media\/80281"}],"wp:attachment":[{"href":"https:\/\/jjcustomworks.se\/fr\/wp-json\/wp\/v2\/media?parent=80286"}],"wp:term":[{"taxonomy":"product_brand","embeddable":true,"href":"https:\/\/jjcustomworks.se\/fr\/wp-json\/wp\/v2\/product_brand?post=80286"},{"taxonomy":"product_cat","embeddable":true,"href":"https:\/\/jjcustomworks.se\/fr\/wp-json\/wp\/v2\/product_cat?post=80286"},{"taxonomy":"product_tag","embeddable":true,"href":"https:\/\/jjcustomworks.se\/fr\/wp-json\/wp\/v2\/product_tag?post=80286"}],"curies":[{"name":"wp","href":"https:\/\/api.w.org\/{rel}","templated":true}]}}