{"id":80263,"date":"2025-10-17T00:53:34","date_gmt":"2025-10-16T22:53:34","guid":{"rendered":"https:\/\/jjcustomworks.se\/product\/gletcher-ngt-rf-glngtrfs-nagant-revolver-airgun-4-5mm-pellets-co2-replica\/"},"modified":"2025-10-17T00:55:18","modified_gmt":"2025-10-16T22:55:18","slug":"gletcher-ngt-nagant-revolver-replique-airgun-rayee","status":"publish","type":"product","link":"https:\/\/jjcustomworks.se\/fr\/produit\/gletcher-ngt-nagant-revolver-replique-airgun-rayee\/","title":{"rendered":"Gletcher NGT Nagant Revolver - R\u00e9plique Airgun Ray\u00e9e"},"content":{"rendered":"<h1>Gletcher NGT RF GLNGTRFS - Nagant Revolver AIRGUN 4.5mm PELLETS co2 Replica<\/h1>\n<h2><span class=\"ez-toc-section\" id=\"Revolver_Nagant_Legendaire_de_Gletcher\"><\/span>Revolver Nagant L\u00e9gendaire de Gletcher<span class=\"ez-toc-section-end\"><\/span><\/h2>\n<p>Le revolver Nagant l\u00e9gendaire, connu de la Seconde Guerre mondiale, maintenant en tant qu'airgun \u00e0 CO2 de Gletcher. Cette version est dot\u00e9e d'un canon ray\u00e9 et est nickel\u00e9e pour un look authentique et une pr\u00e9cision am\u00e9lior\u00e9e.<\/p>\n<h3><span class=\"ez-toc-section\" id=\"Verrou_de_Securite_et_Design_Authentique\"><\/span>Verrou de S\u00e9curit\u00e9 et Design Authentique<span class=\"ez-toc-section-end\"><\/span><\/h3>\n<p>Ce revolver Gletcher NGT est \u00e9quip\u00e9 d'un verrou de s\u00e9curit\u00e9 pour une manipulation s\u00fbre. Le revolver Nagant \u00e9tait particuli\u00e8rement populaire au d\u00e9but des ann\u00e9es 1900 en Russie et en Union sovi\u00e9tique, et \u00e9tait largement utilis\u00e9 par l'arm\u00e9e sovi\u00e9tique pendant les deux guerres mondiales. Cette r\u00e9plique capture le design de l'original avec un cylindre unique qui recharge une balle \u00e0 la fois \u00e0 travers un port de chargement.<\/p>\n<ul>\n <li>Mode de tir: S\u00e9curit\u00e9, double et simple action<\/li>\n <li>Poids: 700 gr<\/li>\n <li>Capacit\u00e9 du chargeur: 7 pi\u00e8ces de plombs en acier de 4,5 mm<\/li>\n <li>Longueur: 230 mm<\/li>\n <li>Puissance: &lt;3 joules<\/li>\n <li>Source d'\u00e9nergie: CO2 12g (non inclus)<\/li>\n <li>Vitesse moyenne: 100m \/ s<\/li>\n <li>Mat\u00e9riau du corps: M\u00e9tal<\/li>\n <li>Mat\u00e9riau de la poign\u00e9e: Plastique<\/li>\n <li>Autre: Livr\u00e9 avec 7 cartouches pour plombs. Des cartouches suppl\u00e9mentaires peuvent \u00eatre achet\u00e9es. Possible de d\u00e9monter sur le terrain.<\/li>\n<\/ul>\n<p>Les airguns offrent une fantastique source de joie pour les tireurs sur cible et les collectionneurs. N'oubliez pas de toujours manipuler les airguns avec respect. Utilisez-le de mani\u00e8re responsable et s\u00fbre pour une exp\u00e9rience divertissante. D\u00e9couvrez d'autres <a href=\"https:\/\/jjcustomworks.se\/fr\/magasin\/\">mod\u00e8les d'airgun<\/a> authentiques dans notre gamme. Comprenez les r\u00e8gles des airguns sur notre <a href=\"https:\/\/jjcustomworks.se\/fr\/categorie-de-produit\/autres_produits\/test\/airgun-pistol\/\">page de cat\u00e9gorie<\/a>. Visite <a href=\"https:\/\/jjcustomworks.se\/fr\/\">notre site Web<\/a> pour plus de produits.<\/p>","protected":false},"excerpt":{"rendered":"<p>Gletcher NGT RF GLNGTRFS &#8211; Nagant Revolver AIRGUN 4.5mm PELLETS co2 Replica Revolver Nagant L\u00e9gendaire de Gletcher Le revolver Nagant l\u00e9gendaire, connu de la Seconde Guerre mondiale, maintenant en tant qu&#8217;airgun \u00e0 CO2 de Gletcher. Cette version est dot\u00e9e d&#8217;un canon ray\u00e9 et est nickel\u00e9e pour un look authentique et une pr\u00e9cision am\u00e9lior\u00e9e. Verrou de [&#8230;]\n","protected":false},"featured_media":80261,"template":"","meta":[],"product_brand":[],"product_cat":[8045],"product_tag":[],"class_list":{"0":"post-80263","1":"product","2":"type-product","3":"status-publish","4":"has-post-thumbnail","6":"product_cat-airgun-pistol","8":"first","9":"outofstock","10":"sale","11":"taxable","12":"shipping-taxable","13":"purchasable","14":"product-type-simple"},"_links":{"self":[{"href":"https:\/\/jjcustomworks.se\/fr\/wp-json\/wp\/v2\/product\/80263","targetHints":{"allow":["GET"]}}],"collection":[{"href":"https:\/\/jjcustomworks.se\/fr\/wp-json\/wp\/v2\/product"}],"about":[{"href":"https:\/\/jjcustomworks.se\/fr\/wp-json\/wp\/v2\/types\/product"}],"wp:featuredmedia":[{"embeddable":true,"href":"https:\/\/jjcustomworks.se\/fr\/wp-json\/wp\/v2\/media\/80261"}],"wp:attachment":[{"href":"https:\/\/jjcustomworks.se\/fr\/wp-json\/wp\/v2\/media?parent=80263"}],"wp:term":[{"taxonomy":"product_brand","embeddable":true,"href":"https:\/\/jjcustomworks.se\/fr\/wp-json\/wp\/v2\/product_brand?post=80263"},{"taxonomy":"product_cat","embeddable":true,"href":"https:\/\/jjcustomworks.se\/fr\/wp-json\/wp\/v2\/product_cat?post=80263"},{"taxonomy":"product_tag","embeddable":true,"href":"https:\/\/jjcustomworks.se\/fr\/wp-json\/wp\/v2\/product_tag?post=80263"}],"curies":[{"name":"wp","href":"https:\/\/api.w.org\/{rel}","templated":true}]}}