{"id":80141,"date":"2025-10-17T00:36:38","date_gmt":"2025-10-16T22:36:38","guid":{"rendered":"https:\/\/jjcustomworks.se\/product\/crosman-p10-kit-4-5mm-airgun-co2\/"},"modified":"2025-10-17T00:55:46","modified_gmt":"2025-10-16T22:55:46","slug":"crosman-p10-kit-pistolet-a-air-co2-4-5-mm","status":"publish","type":"product","link":"https:\/\/jjcustomworks.se\/fr\/produit\/crosman-p10-kit-pistolet-a-air-co2-4-5-mm\/","title":{"rendered":"Crosman P10 Kit Pistolet \u00e0 Air Co2 4,5 mm"},"content":{"rendered":"<h1><span class=\"ez-toc-section\" id=\"Crosman_P10_Kit_Pistolet_a_Air_Co2_45_mm\"><\/span>Crosman P10 Kit Pistolet \u00e0 Air Co2 4,5 mm<span class=\"ez-toc-section-end\"><\/span><\/h1>\n<h2><span class=\"ez-toc-section\" id=\"Apercu\"><\/span>Aper\u00e7u<span class=\"ez-toc-section-end\"><\/span><\/h2>\n<p>Le kit Crosman P10 est une solution compl\u00e8te pour ceux qui recherchent un pistolet \u00e0 air CO2 amusant et fiable. Il est livr\u00e9 avec tout ce dont vous avez besoin pour commencer - \u00e0 l'exception des cartouches de CO2, qui doivent \u00eatre achet\u00e9es s\u00e9par\u00e9ment. Parfait pour les d\u00e9butants comme pour les tireurs exp\u00e9riment\u00e9s. Pour d\u00e9couvrir notre gamme d'autres produits de qualit\u00e9, consultez notre <a href=\"https:\/\/jjcustomworks.se\/fr\/magasin\/\">section pistolets \u00e0 air comprim\u00e9<\/a>.<\/p>\n<h2><span class=\"ez-toc-section\" id=\"Principales_caracteristiques\"><\/span>Caract\u00e9ristiques principales<span class=\"ez-toc-section-end\"><\/span><\/h2>\n<h3><span class=\"ez-toc-section\" id=\"Canon_en_acier\"><\/span>Canon en acier<span class=\"ez-toc-section-end\"><\/span><\/h3>\n<p>Le canon en acier robuste contribue \u00e0 la pr\u00e9cision et \u00e0 la long\u00e9vit\u00e9. Cela garantit une exp\u00e9rience de tir fiable \u00e0 chaque fois.<\/p>\n<h3><span class=\"ez-toc-section\" id=\"Poignee_amovible\"><\/span>Poign\u00e9e amovible<span class=\"ez-toc-section-end\"><\/span><\/h3>\n<p>La poign\u00e9e amovible facilite le changement rapide et en douceur des cartouches de CO2, minimisant ainsi les interruptions de tir. Vous voulez voir d'autres <a href=\"https:\/\/jjcustomworks.se\/fr\/categorie-de-produit\/autres_produits\/test\/airgun-pistol\/\">mod\u00e8les Crosman ?<\/a><\/p>\n<h3><span class=\"ez-toc-section\" id=\"Chargeur_a_degagement_rapide\"><\/span>Chargeur \u00e0 d\u00e9gagement rapide<span class=\"ez-toc-section-end\"><\/span><\/h3>\n<p>Avec un chargeur \u00e0 d\u00e9gagement rapide pouvant contenir 20 cartouches, vous pouvez recharger rapidement et continuer \u00e0 vous entra\u00eener. C'est parfait pour les s\u00e9ries de tirs rapides et augmente l'efficacit\u00e9 de votre entra\u00eenement.<\/p>\n<h3><span class=\"ez-toc-section\" id=\"Rail_Picatinny\"><\/span>Rail Picatinny<span class=\"ez-toc-section-end\"><\/span><\/h3>\n<p>Le rail Picatinny sous le canon vous permet de monter des accessoires tels qu'un laser ou une lampe, ce qui augmente la polyvalence et les applications du pistolet. Pour plus d'informations sur l'entreprise, visitez <a href=\"https:\/\/jjcustomworks.se\/fr\/\">notre site Web<\/a>.<\/p>\n<h3><span class=\"ez-toc-section\" id=\"Systeme_de_visee_fixe\"><\/span>Syst\u00e8me de vis\u00e9e fixe<span class=\"ez-toc-section-end\"><\/span><\/h3>\n<p>Le syst\u00e8me de vis\u00e9e fixe avec lame et encoche offre une image de vis\u00e9e simple et fiable, ce qui facilite l'atteinte de la cible m\u00eame lors de tirs rapides.<\/p>\n<h2><span class=\"ez-toc-section\" id=\"Lensemble_comprend\"><\/span>L&#8217;ensemble comprend :<span class=\"ez-toc-section-end\"><\/span><\/h2>\n<ul>\n<li>Pistolet P10<\/li>\n<li>BB Copperhead<\/li>\n<li>Lunettes de s\u00e9curit\u00e9<\/li>\n<\/ul>\n<h2><span class=\"ez-toc-section\" id=\"Specifications\"><\/span>Caract\u00e9ristiques<span class=\"ez-toc-section-end\"><\/span><\/h2>\n<ul>\n<li>Poids : 0,5 kg<\/li>\n<li>Marque : Crosman<\/li>\n<li>Calibre : . 177 (4,5 mm)<\/li>\n<li>Couleur : Noir<\/li>\n<li>Vitesse initiale : BB en acier jusqu'\u00e0 144 m\/s<\/li>\n<li>S\u00e9curit\u00e9 : S\u00e9lecteur<\/li>\n<li>Capacit\u00e9 de tir : 20<\/li>\n<li>Vis\u00e9e avant : Lame fixe<\/li>\n<li>Vis\u00e9e arri\u00e8re : Encoche fixe<\/li>\n<li>Action : Semi-automatique<\/li>\n<li>Source d'alimentation : CO2<\/li>\n<li>Munitions : BB en acier<\/li>\n<\/ul>","protected":false},"excerpt":{"rendered":"<p>Crosman P10 Kit Pistolet \u00e0 Air Co2 4,5 mm Aper\u00e7u Le kit Crosman P10 est une solution compl\u00e8te pour ceux qui recherchent un pistolet \u00e0 air CO2 amusant et fiable. Il est livr\u00e9 avec tout ce dont vous avez besoin pour commencer &#8211; \u00e0 l&#8217;exception des cartouches de CO2, qui doivent \u00eatre achet\u00e9es s\u00e9par\u00e9ment. Parfait [&#8230;]\n","protected":false},"featured_media":80140,"template":"","meta":[],"product_brand":[],"product_cat":[8045],"product_tag":[],"class_list":{"0":"post-80141","1":"product","2":"type-product","3":"status-publish","4":"has-post-thumbnail","6":"product_cat-airgun-pistol","8":"first","9":"outofstock","10":"taxable","11":"shipping-taxable","12":"purchasable","13":"product-type-simple"},"_links":{"self":[{"href":"https:\/\/jjcustomworks.se\/fr\/wp-json\/wp\/v2\/product\/80141","targetHints":{"allow":["GET"]}}],"collection":[{"href":"https:\/\/jjcustomworks.se\/fr\/wp-json\/wp\/v2\/product"}],"about":[{"href":"https:\/\/jjcustomworks.se\/fr\/wp-json\/wp\/v2\/types\/product"}],"wp:featuredmedia":[{"embeddable":true,"href":"https:\/\/jjcustomworks.se\/fr\/wp-json\/wp\/v2\/media\/80140"}],"wp:attachment":[{"href":"https:\/\/jjcustomworks.se\/fr\/wp-json\/wp\/v2\/media?parent=80141"}],"wp:term":[{"taxonomy":"product_brand","embeddable":true,"href":"https:\/\/jjcustomworks.se\/fr\/wp-json\/wp\/v2\/product_brand?post=80141"},{"taxonomy":"product_cat","embeddable":true,"href":"https:\/\/jjcustomworks.se\/fr\/wp-json\/wp\/v2\/product_cat?post=80141"},{"taxonomy":"product_tag","embeddable":true,"href":"https:\/\/jjcustomworks.se\/fr\/wp-json\/wp\/v2\/product_tag?post=80141"}],"curies":[{"name":"wp","href":"https:\/\/api.w.org\/{rel}","templated":true}]}}