{"id":80103,"date":"2025-10-17T00:27:43","date_gmt":"2025-10-16T22:27:43","guid":{"rendered":"https:\/\/jjcustomworks.se\/product\/borner-z122-4-5mm-airgun-co2\/"},"modified":"2025-10-17T00:55:54","modified_gmt":"2025-10-16T22:55:54","slug":"borner-z122-45mm-pistolet-air-co2","status":"publish","type":"product","link":"https:\/\/jjcustomworks.se\/fr\/produit\/borner-z122-45mm-pistolet-air-co2\/","title":{"rendered":"Borner Z122 4.5mm Pistolet \u00e0 Air Co2 | Borner"},"content":{"rendered":"<h1><span class=\"ez-toc-section\" id=\"Borner_Z122_45mm_Pistolet_a_Air_Co2\"><\/span>Borner Z122 4.5mm Pistolet \u00e0 Air Co2<span class=\"ez-toc-section-end\"><\/span><\/h1>\n<h2><span class=\"ez-toc-section\" id=\"Un_pistolet_a_air_moderne_pour_le_tir_de_loisir\"><\/span>Un pistolet \u00e0 air moderne pour le tir de loisir<span class=\"ez-toc-section-end\"><\/span><\/h2>\n<p>Le Borner Z-122 est un pistolet \u00e0 air comprim\u00e9 de calibre 4,5 mm aliment\u00e9 par CO2 avec un canon lisse, con\u00e7u pour tirer des billes d'acier de .177 (4,5 mm). Ce mod\u00e8le est une version moderne du mod\u00e8le de combat Sig-Sauer P226 et est parfait pour le tir de loisir. Vous pouvez utiliser \u00e0 la fois la d\u00e9tente pr\u00e9-arm\u00e9e et l'armement automatique pour tirer. D\u00e9couvrez la pr\u00e9cision et la puissance de ce pistolet \u00e0 air comprim\u00e9. Faites passer votre tir au niveau sup\u00e9rieur avec le Borner Z122 ! Trouvez <a href=\"https:\/\/jjcustomworks.se\/fr\/magasin\/\">des munitions appropri\u00e9es ici<\/a>.<\/p>\n<h3><span class=\"ez-toc-section\" id=\"Specifications_et_caracteristiques\"><\/span>Sp\u00e9cifications et fonctionnalit\u00e9s<span class=\"ez-toc-section-end\"><\/span><\/h3>\n<ul>\n <li>Calibre: 4,5 mm (.177)<\/li>\n <li>Capacit\u00e9 du chargeur: 20 coups<\/li>\n <li>Type de canon: Canon lisse<\/li>\n <li>Poids: 0,4 kg<\/li>\n <li>Couleur: Noir<\/li>\n <li>Vitesse de sortie: Jusqu'\u00e0 120 m\/s<\/li>\n <li>Longueur totale: 7,7\"<\/li>\n <li>Fonction: Double action<\/li>\n <li>Rail de montage: Weaver\/Picatinny<\/li>\n <li>Longueur du canon: 4,3\"<\/li>\n <li>Munitions: Bille d'acier<\/li>\n <li>Vis\u00e9e avant: R\u00e9glable<\/li>\n <li>Vis\u00e9e arri\u00e8re: R\u00e9glable<\/li>\n <li>Action: Semi-automatique<\/li>\n <li>Source d'\u00e9nergie: CO2<\/li>\n <li>Blowback: Non<\/li>\n<\/ul>\n<p>Avec les viseurs r\u00e9glables, vous pouvez affiner votre pr\u00e9cision, et gr\u00e2ce au rail Weaver\/Picatinny, vous pouvez facilement monter des accessoires. La fonction semi-automatique et le m\u00e9canisme de \"double action\" contribuent \u00e0 une exp\u00e9rience de tir r\u00e9aliste. Le Borner Z122 est aliment\u00e9 par CO2, ce qui assure une performance fluide et puissante. Vous cherchez d'autres <a href=\"https:\/\/jjcustomworks.se\/fr\/categorie-de-produit\/autres_produits\/test\/airgun-pistol\/\">pistolets \u00e0 air comprim\u00e9<\/a> ? Ne manquez pas notre large gamme. Visitez <a href=\"https:\/\/jjcustomworks.se\/fr\/\">notre site Web<\/a> pour voir notre gamme compl\u00e8te et trouver les accessoires qui vous conviennent.<\/p>","protected":false},"excerpt":{"rendered":"<p>Borner Z122 4.5mm Pistolet \u00e0 Air Co2 Un pistolet \u00e0 air moderne pour le tir de loisir Le Borner Z-122 est un pistolet \u00e0 air comprim\u00e9 de calibre 4,5 mm aliment\u00e9 par CO2 avec un canon lisse, con\u00e7u pour tirer des billes d&#8217;acier de .177 (4,5 mm). Ce mod\u00e8le est une version moderne du mod\u00e8le [&#8230;]\n","protected":false},"featured_media":80102,"template":"","meta":[],"product_brand":[],"product_cat":[8045],"product_tag":[],"class_list":{"0":"post-80103","1":"product","2":"type-product","3":"status-publish","4":"has-post-thumbnail","6":"product_cat-airgun-pistol","8":"first","9":"outofstock","10":"taxable","11":"shipping-taxable","12":"purchasable","13":"product-type-simple"},"_links":{"self":[{"href":"https:\/\/jjcustomworks.se\/fr\/wp-json\/wp\/v2\/product\/80103","targetHints":{"allow":["GET"]}}],"collection":[{"href":"https:\/\/jjcustomworks.se\/fr\/wp-json\/wp\/v2\/product"}],"about":[{"href":"https:\/\/jjcustomworks.se\/fr\/wp-json\/wp\/v2\/types\/product"}],"wp:featuredmedia":[{"embeddable":true,"href":"https:\/\/jjcustomworks.se\/fr\/wp-json\/wp\/v2\/media\/80102"}],"wp:attachment":[{"href":"https:\/\/jjcustomworks.se\/fr\/wp-json\/wp\/v2\/media?parent=80103"}],"wp:term":[{"taxonomy":"product_brand","embeddable":true,"href":"https:\/\/jjcustomworks.se\/fr\/wp-json\/wp\/v2\/product_brand?post=80103"},{"taxonomy":"product_cat","embeddable":true,"href":"https:\/\/jjcustomworks.se\/fr\/wp-json\/wp\/v2\/product_cat?post=80103"},{"taxonomy":"product_tag","embeddable":true,"href":"https:\/\/jjcustomworks.se\/fr\/wp-json\/wp\/v2\/product_tag?post=80103"}],"curies":[{"name":"wp","href":"https:\/\/api.w.org\/{rel}","templated":true}]}}