{"id":80062,"date":"2025-10-17T00:16:39","date_gmt":"2025-10-16T22:16:39","guid":{"rendered":"https:\/\/jjcustomworks.se\/product\/nxwerks-nx-1911-boa-4-5mm-airgun-co2\/"},"modified":"2025-10-17T00:56:00","modified_gmt":"2025-10-16T22:56:00","slug":"nxwerks-nx-1911-boa-4-5mm-pistol-air-co2","status":"publish","type":"product","link":"https:\/\/jjcustomworks.se\/fr\/produit\/nxwerks-nx-1911-boa-4-5mm-pistol-air-co2\/","title":{"rendered":"NxWerks NX 1911 BOA 4.5mm Pistolet \u00e0 Air Co2"},"content":{"rendered":"<h1><span class=\"ez-toc-section\" id=\"NxWerks_NX_1911_BOA_45mm_Pistolet_a_Air_Co2\"><\/span>NxWerks NX 1911 BOA 4.5mm Pistolet \u00e0 Air Co2<span class=\"ez-toc-section-end\"><\/span><\/h1>\n<h2><span class=\"ez-toc-section\" id=\"Action_Blowback_Realiste_et_Nombre_de_Tirs_Eleve\"><\/span>Action Blowback R\u00e9aliste et Nombre de Tirs \u00c9lev\u00e9<span class=\"ez-toc-section-end\"><\/span><\/h2>\n<p>Les pistolets \u00e0 air Co2 de la s\u00e9rie NxWerks 1911 offrent l'une des actions blowback les plus puissantes disponibles. Le mouvement de la glissi\u00e8re sur ces pistolets est long et r\u00e9aliste, offrant une exp\u00e9rience de tir authentique. De plus, ils offrent un nombre impressionnant de tirs par cartouche de Co2. Cela les rend id\u00e9aux pour l'entra\u00eenement et la pratique, en particulier pour ceux qui poss\u00e8dent de v\u00e9ritables armes \u00e0 feu et souhaitent s'entra\u00eener en toute s\u00e9curit\u00e9 et \u00e0 moindre co\u00fbt. Obtenez une exp\u00e9rience de tir r\u00e9aliste avec ce pistolet \u00e0 air de haute qualit\u00e9. Consultez notre gamme <a href=\"https:\/\/jjcustomworks.se\/fr\/magasin\/\">d'autres pistolets \u00e0 air<\/a> pour trouver le mod\u00e8le qui vous convient.<\/p>\n<h2><span class=\"ez-toc-section\" id=\"Ce_qui_est_inclus\"><\/span>Ce qui est inclus :<span class=\"ez-toc-section-end\"><\/span><\/h2>\n<ul>\n<li>NxWerks NX1911 BOA Pistolet Blowback Co2 Cal. 4,5 mm BB Noir<\/li>\n<li>Mallette rigide premium pour un stockage s\u00e9curis\u00e9<\/li>\n<li>Chargeur rapide pour un rechargement plus rapide<\/li>\n<li>Manuel d'utilisation pour une utilisation facile<\/li>\n<\/ul>\n<p>D\u00e9couvrez la commodit\u00e9 d'un ensemble complet pr\u00eat \u00e0 \u00eatre utilis\u00e9 d\u00e8s la sortie de la bo\u00eete. Pour plus d'informations sur notre gamme, visitez la <a href=\"https:\/\/jjcustomworks.se\/fr\/categorie-de-produit\/autres_produits\/test\/airgun-pistol\/\">cat\u00e9gorie Pistolets \u00e0 air<\/a>.<\/p>\n<h2><span class=\"ez-toc-section\" id=\"Specifications_techniques\"><\/span>Sp\u00e9cifications techniques<span class=\"ez-toc-section-end\"><\/span><\/h2>\n<ul>\n<li><b>Calibre :<\/b> .177 Cal 4,5 mm<\/li>\n<li><b>Munitions :<\/b> BBs en acier<\/li>\n<li><b>Syst\u00e8me :<\/b> Blowback Co2, semi-automatique<\/li>\n<li><b>Aliment\u00e9 par :<\/b> Cartouche de Co2 de 12g<\/li>\n<li><b>Chargeur :<\/b> 20 coups<\/li>\n<li><b>Puissance :<\/b> max. 2 Joules, 358 FPS<\/li>\n<li><b>Canon :<\/b> m\u00e9tal, lisse, 125 mm<\/li>\n<li><b>Destin\u00e9 \u00e0 :<\/b> Hausse et guidon, r\u00e9glables<\/li>\n<li><b>S\u00e9curit\u00e9:<\/b> S\u00e9curit\u00e9 manuelle, Ambidextre<\/li>\n<li><b>D\u00e9tente :<\/b> Simple action<\/li>\n<li><b>Mat\u00e9riau de la glissi\u00e8re :<\/b> M\u00e9tal<\/li>\n<li><b>Mat\u00e9riau du corps :<\/b> M\u00e9tal<\/li>\n<li><b>Longueur:<\/b> 23,5 cm<\/li>\n<li><b>Poids:<\/b> 1060g<\/li>\n<li><b>Couleur:<\/b> Noir<\/li>\n<li><b>Marque:<\/b> NxWerks Precision Arms<\/li>\n<li><b>Poign\u00e9e synth\u00e9tique<\/b><\/li>\n<li><b>Filetage du silencieux :<\/b> M14 x 1 gauche<\/li>\n<li><b>Rail Picatinny de 22 mm<\/b><\/li>\n<li><b>Mires \u00e0 fibre optique<\/b><\/li>\n<li><b>Chargeur tout-en-un<\/b><\/li>\n<\/ul>\n<p>Ce pistolet \u00e0 air combine un design r\u00e9aliste avec des performances \u00e9lev\u00e9es, ce qui le rend id\u00e9al pour les d\u00e9butants et les tireurs exp\u00e9riment\u00e9s. Visitez <a href=\"https:\/\/jjcustomworks.se\/fr\/\">notre site Web<\/a> pour explorer toute notre gamme et en savoir plus.<\/p>","protected":false},"excerpt":{"rendered":"<p>NxWerks NX 1911 BOA 4.5mm Pistolet \u00e0 Air Co2 Action Blowback R\u00e9aliste et Nombre de Tirs \u00c9lev\u00e9 Les pistolets \u00e0 air Co2 de la s\u00e9rie NxWerks 1911 offrent l&#8217;une des actions blowback les plus puissantes disponibles. Le mouvement de la glissi\u00e8re sur ces pistolets est long et r\u00e9aliste, offrant une exp\u00e9rience de tir authentique. De [&#8230;]\n","protected":false},"featured_media":80059,"template":"","meta":[],"product_brand":[],"product_cat":[8045],"product_tag":[],"class_list":{"0":"post-80062","1":"product","2":"type-product","3":"status-publish","4":"has-post-thumbnail","6":"product_cat-airgun-pistol","8":"first","9":"outofstock","10":"taxable","11":"shipping-taxable","12":"purchasable","13":"product-type-simple"},"_links":{"self":[{"href":"https:\/\/jjcustomworks.se\/fr\/wp-json\/wp\/v2\/product\/80062","targetHints":{"allow":["GET"]}}],"collection":[{"href":"https:\/\/jjcustomworks.se\/fr\/wp-json\/wp\/v2\/product"}],"about":[{"href":"https:\/\/jjcustomworks.se\/fr\/wp-json\/wp\/v2\/types\/product"}],"wp:featuredmedia":[{"embeddable":true,"href":"https:\/\/jjcustomworks.se\/fr\/wp-json\/wp\/v2\/media\/80059"}],"wp:attachment":[{"href":"https:\/\/jjcustomworks.se\/fr\/wp-json\/wp\/v2\/media?parent=80062"}],"wp:term":[{"taxonomy":"product_brand","embeddable":true,"href":"https:\/\/jjcustomworks.se\/fr\/wp-json\/wp\/v2\/product_brand?post=80062"},{"taxonomy":"product_cat","embeddable":true,"href":"https:\/\/jjcustomworks.se\/fr\/wp-json\/wp\/v2\/product_cat?post=80062"},{"taxonomy":"product_tag","embeddable":true,"href":"https:\/\/jjcustomworks.se\/fr\/wp-json\/wp\/v2\/product_tag?post=80062"}],"curies":[{"name":"wp","href":"https:\/\/api.w.org\/{rel}","templated":true}]}}