{"id":80021,"date":"2025-10-17T00:09:04","date_gmt":"2025-10-16T22:09:04","guid":{"rendered":"https:\/\/jjcustomworks.se\/product\/umarex-legend-mp-40-schmeisser-45mm-co2-airgun\/"},"modified":"2025-11-14T05:19:38","modified_gmt":"2025-11-14T04:19:38","slug":"umarex-mp-40-schmeisser-pistolet-air-co2-4-5mm","status":"publish","type":"product","link":"https:\/\/jjcustomworks.se\/fr\/produit\/umarex-mp-40-schmeisser-pistolet-air-co2-4-5mm\/","title":{"rendered":"Umarex MP 40 Schmeisser - Pistolet \u00e0 air Co2 4,5mm"},"content":{"rendered":"<h1>Umarex Legend MP 40 'Schmeisser' - Pistolet \u00e0 air Co2 4,5mm<\/h1>\n<h2><span class=\"ez-toc-section\" id=\"Replique_de_pistolet_mitrailleur_semi-automatique\"><\/span>R\u00e9plique de pistolet mitrailleur semi-automatique<span class=\"ez-toc-section-end\"><\/span><\/h2>\n<p>Le Legends MP German est une r\u00e9plique semi-automatique \u00e0 CO2 du pistolet mitrailleur allemand de la Seconde Guerre mondiale, utilisant des billes BB de 4,5 mm. Cette construction \"Full Metal\" est dot\u00e9e d'un chargeur de 50 coups. Le poids, le recul et le son offrent une exp\u00e9rience de tir r\u00e9aliste. Un must pour les collectionneurs et les tireurs amateurs qui appr\u00e9cient le r\u00e9alisme et le tir rapide. N'oubliez pas de toujours porter des lunettes de s\u00e9curit\u00e9 lorsque vous tirez avec des billes d'acier.<\/p>\n<h3><span class=\"ez-toc-section\" id=\"Caracteristiques_et_avantages\"><\/span>Caract\u00e9ristiques et avantages<span class=\"ez-toc-section-end\"><\/span><\/h3>\n<ul>\n <li><strong>M\u00e9canisme semi-automatique :<\/strong> D\u00e9tente SA pour un tir rapide et contr\u00f4l\u00e9.<\/li>\n <li><strong>Haute capacit\u00e9 :<\/strong> Le chargeur contient 50 billes d'acier et 2 cartouches de CO2 de 12 g.<\/li>\n <li><strong>Vitesse impressionnante :<\/strong> Vitesse initiale de 140 m\/s pour des tirs efficaces.<\/li>\n <li><strong>Fonction de recul :<\/strong> Procure une sensation r\u00e9aliste et un recul suppl\u00e9mentaire.<\/li>\n <li><strong>Construction robuste :<\/strong> Conception \"Full Metal\" pour une durabilit\u00e9 et une authenticit\u00e9 accrues.<\/li>\n <li><strong>Crosse pliable :<\/strong> Pour un rangement et une flexibilit\u00e9 faciles.<\/li>\n <li><strong>Mires r\u00e9glables :<\/strong> Permet des tirs pr\u00e9cis \u00e0 diff\u00e9rentes distances.<\/li>\n <li><strong>Utilisation \u00e9conomique :<\/strong> Environ 200 tirs par charge avec des cartouches de CO2.<\/li>\n<\/ul>\n<h3><span class=\"ez-toc-section\" id=\"Specifications\"><\/span>Caract\u00e9ristiques<span class=\"ez-toc-section-end\"><\/span><\/h3>\n<ul>\n <li>Poids : 3500 g<\/li>\n <li>Longueur totale : 830 mm<\/li>\n <li>Source d'alimentation : Co2 2x12g<\/li>\n <li>Calibre : 4,5 (.177) Steel BB mm<\/li>\n <li>Capacit\u00e9 du chargeur : 50 coups<\/li>\n <li>\u00c9nergie d'impact : 3,5 J<\/li>\n <li>D\u00e9clencheur : SA<\/li>\n <li>Coups par cartouche de CO2 : 200 st<\/li>\n <li>Vitesse initiale BB : 140 m\/s<\/li>\n<\/ul>\n<p>Compl\u00e9tez votre MP 40 avec une <a href=\"https:\/\/jjcustomworks.se\/fr\/magasin\/\">sangle en cuir<\/a> assortie pour une exp\u00e9rience encore plus authentique. D\u00e9couvrez d'autres <a href=\"https:\/\/jjcustomworks.se\/fr\/categorie-de-produit\/autres_produits\/test\/airgun-rifle\/\">pistolets \u00e0 air<\/a> dans notre gamme. Visite <a href=\"https:\/\/jjcustomworks.se\/fr\/\">notre site Web<\/a> pour voir toute notre s\u00e9lection.<\/p>","protected":false},"excerpt":{"rendered":"<p>Umarex Legend MP 40 &#8217;Schmeisser&#8217; &#8211; Pistolet \u00e0 air Co2 4,5mm R\u00e9plique de pistolet mitrailleur semi-automatique Le Legends MP German est une r\u00e9plique semi-automatique \u00e0 CO2 du pistolet mitrailleur allemand de la Seconde Guerre mondiale, utilisant des billes BB de 4,5 mm. Cette construction &#8221;Full Metal&#8221; est dot\u00e9e d&#8217;un chargeur de 50 coups. Le poids, [&#8230;]\n","protected":false},"featured_media":80020,"template":"","meta":[],"product_brand":[],"product_cat":[7642],"product_tag":[],"class_list":{"0":"post-80021","1":"product","2":"type-product","3":"status-publish","4":"has-post-thumbnail","6":"product_cat-airgun-rifle","8":"first","9":"outofstock","10":"sale","11":"taxable","12":"shipping-taxable","13":"purchasable","14":"product-type-simple"},"_links":{"self":[{"href":"https:\/\/jjcustomworks.se\/fr\/wp-json\/wp\/v2\/product\/80021","targetHints":{"allow":["GET"]}}],"collection":[{"href":"https:\/\/jjcustomworks.se\/fr\/wp-json\/wp\/v2\/product"}],"about":[{"href":"https:\/\/jjcustomworks.se\/fr\/wp-json\/wp\/v2\/types\/product"}],"wp:featuredmedia":[{"embeddable":true,"href":"https:\/\/jjcustomworks.se\/fr\/wp-json\/wp\/v2\/media\/80020"}],"wp:attachment":[{"href":"https:\/\/jjcustomworks.se\/fr\/wp-json\/wp\/v2\/media?parent=80021"}],"wp:term":[{"taxonomy":"product_brand","embeddable":true,"href":"https:\/\/jjcustomworks.se\/fr\/wp-json\/wp\/v2\/product_brand?post=80021"},{"taxonomy":"product_cat","embeddable":true,"href":"https:\/\/jjcustomworks.se\/fr\/wp-json\/wp\/v2\/product_cat?post=80021"},{"taxonomy":"product_tag","embeddable":true,"href":"https:\/\/jjcustomworks.se\/fr\/wp-json\/wp\/v2\/product_tag?post=80021"}],"curies":[{"name":"wp","href":"https:\/\/api.w.org\/{rel}","templated":true}]}}