{"id":80007,"date":"2025-10-17T00:07:49","date_gmt":"2025-10-16T22:07:49","guid":{"rendered":"https:\/\/jjcustomworks.se\/product\/daisy-red-ryder-nyborjarpaket-luftgevar-airgun-bb-gun\/"},"modified":"2025-11-14T08:17:45","modified_gmt":"2025-11-14T07:17:45","slug":"daisy-red-ryder-nyborjarpaket-luftgevar-airgun-bb-gun","status":"publish","type":"product","link":"https:\/\/jjcustomworks.se\/fr\/produit\/daisy-red-ryder-nyborjarpaket-luftgevar-airgun-bb-gun\/","title":{"rendered":"Daisy, Red Ryder Nyb\u00f6rjarpaket luftgev\u00e4r \/ airgun \/ bb-gun"},"content":{"rendered":"<p><strong>Vi &auml;r stolta &ouml;ver att kunna presentera Daisy&#039;s legendariska Red Ryder i perfekt nyb&ouml;rjarpaket!<\/strong><\/p>\n<p><strong>Detta &auml;r luftvapen som k&auml;nns igen f&ouml;r m&aring;nga, fr&auml;mst f&ouml;r sin s&auml;regna design med bygel repeter<\/strong><\/p>\n<p><strong>och vilda v&auml;stern design! Sedan starten 1938 har Red Ryder s&aring;lts i &ouml;ver 9 miljoner exemplar!<\/strong><\/p>\n<p><strong>Ladda med 650 st&aring;lrundkulor och b&ouml;rja skjut! Otroligt&nbsp;<\/strong><strong>v&auml;lbyggd och h&ouml;g kvalitet!<\/strong><\/p>\n<p><strong>Tillverkad av metall och riktigt tr&auml;!<\/strong><\/p>\n<p><strong>Detta kit kommer med (ut&ouml;ver vapnet):<\/strong><\/p>\n<p><strong>&#8211; Skyddsglas&ouml;gon<\/strong><\/p>\n<p><strong>&#8211; M&aring;ltavlor<\/strong><\/p>\n<p><strong>-750 st Daisy st&aring;lkulor<\/strong><\/p>\n<p><strong>Caract\u00e9ristiques:<\/strong><\/p>\n<p><strong>-Vikt:&nbsp;<\/strong>999g<\/p>\n<p><strong>-Totall&auml;ngd:<\/strong> 899mm<\/p>\n<p><strong>-Kaliber:<\/strong> 4,5mm Steel BBs (4,42mm)<\/p>\n<p><strong>-Mekanism:&nbsp;<\/strong>Bygel repeter<\/p>\n<p><strong>-Drivning:<\/strong> Fj&auml;der<\/p>\n<p><strong>-Utg&aring;ngshastighet:<\/strong> 107m\/s<\/p>\n<p><strong>-Pip-typ:<\/strong> Sl&auml;t borrad<\/p>\n<p><strong>-Extra magasin:<\/strong> Inbyggt<\/p>\n<p><strong>-Magasin kapacitet<\/strong>: 650st<\/p>\n<p><strong>-Rekommenderad ammunition:&nbsp;<\/strong>St&aring;l rundkulor<\/p>\n<p><strong>-Kil sp&aring;r:<\/strong> Nej<\/p>\n<p><strong>-Riktmedel:<\/strong> &Ouml;ppet, St&auml;llbart i h&ouml;jdled<\/p>\n<p><strong>-Kolv:<\/strong> Tr&auml;<\/p>\n<p><strong>-Konstruktion:<\/strong> Metall<\/p>","protected":false},"excerpt":{"rendered":"<p>K\u00f6p Daisy Red Ryder Nyb\u00f6rjarpaket Luftgev\u00e4r \/ Airgun \/ BB-gun &#8211; B\u00e4sta priset online. Perfekt f\u00f6r nyb\u00f6rjare som vill b\u00f6rja skjuta med luftgev\u00e4r.<\/p>","protected":false},"featured_media":80006,"template":"","meta":[],"product_brand":[],"product_cat":[7642],"product_tag":[],"class_list":{"0":"post-80007","1":"product","2":"type-product","3":"status-publish","4":"has-post-thumbnail","6":"product_cat-airgun-rifle","8":"first","9":"outofstock","10":"sale","11":"taxable","12":"shipping-taxable","13":"purchasable","14":"product-type-simple"},"_links":{"self":[{"href":"https:\/\/jjcustomworks.se\/fr\/wp-json\/wp\/v2\/product\/80007","targetHints":{"allow":["GET"]}}],"collection":[{"href":"https:\/\/jjcustomworks.se\/fr\/wp-json\/wp\/v2\/product"}],"about":[{"href":"https:\/\/jjcustomworks.se\/fr\/wp-json\/wp\/v2\/types\/product"}],"wp:featuredmedia":[{"embeddable":true,"href":"https:\/\/jjcustomworks.se\/fr\/wp-json\/wp\/v2\/media\/80006"}],"wp:attachment":[{"href":"https:\/\/jjcustomworks.se\/fr\/wp-json\/wp\/v2\/media?parent=80007"}],"wp:term":[{"taxonomy":"product_brand","embeddable":true,"href":"https:\/\/jjcustomworks.se\/fr\/wp-json\/wp\/v2\/product_brand?post=80007"},{"taxonomy":"product_cat","embeddable":true,"href":"https:\/\/jjcustomworks.se\/fr\/wp-json\/wp\/v2\/product_cat?post=80007"},{"taxonomy":"product_tag","embeddable":true,"href":"https:\/\/jjcustomworks.se\/fr\/wp-json\/wp\/v2\/product_tag?post=80007"}],"curies":[{"name":"wp","href":"https:\/\/api.w.org\/{rel}","templated":true}]}}