{"id":80005,"date":"2025-10-17T00:07:44","date_gmt":"2025-10-16T22:07:44","guid":{"rendered":"https:\/\/jjcustomworks.se\/product\/artemis-cp2-55mm-co2-with-stock-and-two-barrells\/"},"modified":"2025-11-14T05:58:34","modified_gmt":"2025-11-14T04:58:34","slug":"artemis-cp2-55mm-co2-with-stock-and-two-barrells","status":"publish","type":"product","link":"https:\/\/jjcustomworks.se\/fr\/produit\/artemis-cp2-55mm-co2-with-stock-and-two-barrells\/","title":{"rendered":"Artemis CP2 5,5mm CO2 with stock and two barrells"},"content":{"rendered":"<p>Artemis CP2 5,5mm<br \/>Uppt\u00e4ck ett modul\u00e4rt kolsyrevapen som snabbt byter skepnad mellan pistol och gev\u00e4r. Artemis CP2 har avtagbar kolv och levereras komplett med tv\u00e5 olika pipor.<br \/>Med modell CP1 som bas har Artemis utvecklat ett vapen som med n\u00e5gra f\u00e5 moment byter pipl\u00e4ngd och kolv. CP2 \u00e4r flera vapen i samma paket. Smidig pistol eller ett kompakt gev\u00e4r med l\u00e4ngre pipa f\u00f6r h\u00f6gre effekt. Kombinationen av kolsyredrift, r\u00e4fflad pipa och en stabil stomme i metall ger ett l\u00e4ttskjutet vapen med h\u00f6g precision. Dessutom \u00e4r vapnet standardutrustat med ett sj\u00e4lvindexerande magasin. CP2 har en storlek som passar skyttar i alla \u00e5ldrar och det \u00e4r l\u00e4tt att utrusta modellen med kikarsikte eller r\u00f6dpunkt.<\/p>\n<p>Egenskaper<br \/>Portabelt och l\u00e4tt luftgev\u00e4r med kolsyredrivning<br \/>Levereras med 2st magasin och singelskotts adapter<br \/>Avtagbar kolv<br \/>2 olika pipor<br \/>G\u00e4ngad pipa med g\u00e4ngskydd<br \/>11 mm kilbas f\u00f6r montering av kikarsikte<\/p>\n<p>Specifikationer<br \/>Drivning: 12g CO2<br \/>Pipl\u00e4ngd: 450 mm<br \/>Kaliber: 5,5 mm<br \/>Anslagsenergi: 10 J<br \/>Utg\u00e5ngshastighet diabol: 138 m\/s<br \/>Avtryck: Justerbart<\/p>","protected":false},"excerpt":{"rendered":"<p>Buy ARTEMIS CP2 5.5mm CO2 with Stock and Two Barrels &#8211; Best Price and Quality. Enhance your shooting experience with this versatile and powerful airgun. Perfect for hunting and target practice. Order now for fast delivery.<\/p>","protected":false},"featured_media":80004,"template":"","meta":[],"product_brand":[],"product_cat":[7642],"product_tag":[],"class_list":{"0":"post-80005","1":"product","2":"type-product","3":"status-publish","4":"has-post-thumbnail","6":"product_cat-airgun-rifle","8":"first","9":"outofstock","10":"sale","11":"taxable","12":"shipping-taxable","13":"purchasable","14":"product-type-simple"},"_links":{"self":[{"href":"https:\/\/jjcustomworks.se\/fr\/wp-json\/wp\/v2\/product\/80005","targetHints":{"allow":["GET"]}}],"collection":[{"href":"https:\/\/jjcustomworks.se\/fr\/wp-json\/wp\/v2\/product"}],"about":[{"href":"https:\/\/jjcustomworks.se\/fr\/wp-json\/wp\/v2\/types\/product"}],"wp:featuredmedia":[{"embeddable":true,"href":"https:\/\/jjcustomworks.se\/fr\/wp-json\/wp\/v2\/media\/80004"}],"wp:attachment":[{"href":"https:\/\/jjcustomworks.se\/fr\/wp-json\/wp\/v2\/media?parent=80005"}],"wp:term":[{"taxonomy":"product_brand","embeddable":true,"href":"https:\/\/jjcustomworks.se\/fr\/wp-json\/wp\/v2\/product_brand?post=80005"},{"taxonomy":"product_cat","embeddable":true,"href":"https:\/\/jjcustomworks.se\/fr\/wp-json\/wp\/v2\/product_cat?post=80005"},{"taxonomy":"product_tag","embeddable":true,"href":"https:\/\/jjcustomworks.se\/fr\/wp-json\/wp\/v2\/product_tag?post=80005"}],"curies":[{"name":"wp","href":"https:\/\/api.w.org\/{rel}","templated":true}]}}