{"id":79837,"date":"2025-10-16T23:39:36","date_gmt":"2025-10-16T21:39:36","guid":{"rendered":"https:\/\/jjcustomworks.se\/product\/norica-dragon-pack-airgun-10-j-55mm\/"},"modified":"2025-11-14T01:19:42","modified_gmt":"2025-11-14T00:19:42","slug":"carabine-air-comprime-norica-dragon-pack-5-5mm","status":"publish","type":"product","link":"https:\/\/jjcustomworks.se\/fr\/produit\/carabine-air-comprime-norica-dragon-pack-5-5mm\/","title":{"rendered":"Carabine \u00e0 air comprim\u00e9 Norica Dragon Pack 5.5mm | 10 J"},"content":{"rendered":"<h1>Norica - Dragon Pack - Carabine \u00e0 air comprim\u00e9 - 10 J - 5.5MM<\/h1>\n<h2><span class=\"ez-toc-section\" id=\"Ensemble_complet_de_carabine_a_air_comprime_avec_accessoires\"><\/span>Ensemble complet de carabine \u00e0 air comprim\u00e9 avec accessoires<span class=\"ez-toc-section-end\"><\/span><\/h2>\n<p>Le Norica Dragon Pack est un excellent ensemble de carabine \u00e0 air comprim\u00e9 qui comprend tout ce dont vous avez besoin pour d\u00e9marrer. L'ensemble comprend une lunette 4X32, des plombs et une mallette de transport pratique pour un stockage et un transport s\u00fbrs. Veuillez noter que le type de plombs inclus peut varier en fonction des disponibilit\u00e9s. <a href=\"https:\/\/jjcustomworks.se\/fr\/\">D\u00e9couvrez notre autre gamme de produits<\/a>.<\/p>\n\n<h3><span class=\"ez-toc-section\" id=\"Caracteristiques_et_avantages\"><\/span>Caract\u00e9ristiques et avantages<span class=\"ez-toc-section-end\"><\/span><\/h3>\n<p>Cette carabine \u00e0 air comprim\u00e9 de Norica est dot\u00e9e d'une crosse en fibre antichoc, ce qui la rend durable et r\u00e9sistante. Le mod\u00e8le est populaire en raison de sa bonne qualit\u00e9, de sa puissance et de sa valeur. Parfait pour les d\u00e9butants comme pour les tireurs exp\u00e9riment\u00e9s. D\u00e9couvrez notre s\u00e9lection de <a href=\"https:\/\/jjcustomworks.se\/fr\/categorie-de-produit\/autres_produits\/test\/airgun-rifle\/\">carabines \u00e0 air comprim\u00e9<\/a>.<\/p>\n\n<ul>\n  <li><strong>Crosse en fibre antichoc :<\/strong> Pour une durabilit\u00e9 et une dur\u00e9e de vie accrues.<\/li>\n  <li><strong>Plaque de couche ventil\u00e9e en caoutchouc :<\/strong> Absorbe le recul et offre un meilleur confort.<\/li>\n  <li><strong>Motif quadrill\u00e9 :<\/strong> Pour une prise en main s\u00fbre et confortable sur la poign\u00e9e pistolet et le devant.<\/li>\n  <li><strong>S\u00e9curit\u00e9 automatique :<\/strong> Emp\u00eache les tirs accidentels.<\/li>\n  <li><strong>Organes de vis\u00e9e en fibre optique :<\/strong> Pour un ajustement de cible clair et rapide.<\/li>\n<\/ul>\n\n<h3><span class=\"ez-toc-section\" id=\"Specifications\"><\/span>Caract\u00e9ristiques<span class=\"ez-toc-section-end\"><\/span><\/h3>\n<ul>\n  <li>Calibre : 5,5 mm (.22)<\/li>\n  <li>Poids : 2,9 kg<\/li>\n  <li>Longueur du canon : 484 mm<\/li>\n  <li>Longueur totale : 1160 mm<\/li>\n  <li>Vitesse : 153 m\/s<\/li>\n  <li>Puissance : 10 J<\/li>\n<\/ul>\n\n<h3><span class=\"ez-toc-section\" id=\"Details_de_la_lunette\"><\/span>D\u00e9tails de la lunette<span class=\"ez-toc-section-end\"><\/span><\/h3>\n<p>La lunette incluse est dot\u00e9e d'optiques enti\u00e8rement trait\u00e9es et est r\u00e9sistante aux chocs, \u00e0 l'eau et \u00e0 la bu\u00e9e. Le remplissage \u00e0 l'azote emp\u00eache la formation de bu\u00e9e. Un montage monobloc 3\/8\" avec goupille d'arr\u00eat de recul est inclus. <a href=\"https:\/\/jjcustomworks.se\/fr\/magasin\/\">Explorez nos autres accessoires<\/a>.<\/p>","protected":false},"excerpt":{"rendered":"<p>Norica &#8211; Dragon Pack &#8211; Carabine \u00e0 air comprim\u00e9 &#8211; 10 J &#8211; 5.5MM Ensemble complet de carabine \u00e0 air comprim\u00e9 avec accessoires Le Norica Dragon Pack est un excellent ensemble de carabine \u00e0 air comprim\u00e9 qui comprend tout ce dont vous avez besoin pour d\u00e9marrer. L&#8217;ensemble comprend une lunette 4X32, des plombs et une [&#8230;]\n","protected":false},"featured_media":79836,"template":"","meta":[],"product_brand":[],"product_cat":[7642],"product_tag":[],"class_list":{"0":"post-79837","1":"product","2":"type-product","3":"status-publish","4":"has-post-thumbnail","6":"product_cat-airgun-rifle","8":"first","9":"outofstock","10":"taxable","11":"shipping-taxable","12":"purchasable","13":"product-type-simple"},"_links":{"self":[{"href":"https:\/\/jjcustomworks.se\/fr\/wp-json\/wp\/v2\/product\/79837","targetHints":{"allow":["GET"]}}],"collection":[{"href":"https:\/\/jjcustomworks.se\/fr\/wp-json\/wp\/v2\/product"}],"about":[{"href":"https:\/\/jjcustomworks.se\/fr\/wp-json\/wp\/v2\/types\/product"}],"wp:featuredmedia":[{"embeddable":true,"href":"https:\/\/jjcustomworks.se\/fr\/wp-json\/wp\/v2\/media\/79836"}],"wp:attachment":[{"href":"https:\/\/jjcustomworks.se\/fr\/wp-json\/wp\/v2\/media?parent=79837"}],"wp:term":[{"taxonomy":"product_brand","embeddable":true,"href":"https:\/\/jjcustomworks.se\/fr\/wp-json\/wp\/v2\/product_brand?post=79837"},{"taxonomy":"product_cat","embeddable":true,"href":"https:\/\/jjcustomworks.se\/fr\/wp-json\/wp\/v2\/product_cat?post=79837"},{"taxonomy":"product_tag","embeddable":true,"href":"https:\/\/jjcustomworks.se\/fr\/wp-json\/wp\/v2\/product_tag?post=79837"}],"curies":[{"name":"wp","href":"https:\/\/api.w.org\/{rel}","templated":true}]}}