{"id":79472,"date":"2025-10-16T22:39:38","date_gmt":"2025-10-16T20:39:38","guid":{"rendered":"https:\/\/jjcustomworks.se\/product\/cold-steel-shanghai-warrior-dolk\/"},"modified":"2025-10-16T23:56:22","modified_gmt":"2025-10-16T21:56:22","slug":"couteau-cold-steel-shanghai-warrior","status":"publish","type":"product","link":"https:\/\/jjcustomworks.se\/fr\/produit\/couteau-cold-steel-shanghai-warrior\/","title":{"rendered":"Couteau Cold Steel Shanghai Warrior"},"content":{"rendered":"<h1><span class=\"ez-toc-section\" id=\"Couteau_Cold_Steel_Shanghai_Warrior\"><\/span>Couteau Cold Steel Shanghai Warrior<span class=\"ez-toc-section-end\"><\/span><\/h1>\n<h2><span class=\"ez-toc-section\" id=\"Un_couteau_puissant_pour_les_arts_martiaux_et_lutilisation_tactique\"><\/span>Un couteau puissant pour les arts martiaux et l&#8217;utilisation tactique<span class=\"ez-toc-section-end\"><\/span><\/h2>\n<p>Le Cold Steel Shanghai Warrior est n\u00e9 d'un moment de \"et si\" parmi les experts en arts martiaux de l'entreprise. Ce couteau combine l'agilit\u00e9 du Shanghai Shadow avec la taille et la puissance d'un couteau Bowie. Le r\u00e9sultat est un couteau unique et polyvalent adapt\u00e9 \u00e0 la fois \u00e0 l'entra\u00eenement et aux situations r\u00e9elles. Avec une longueur totale de 16\", le Shanghai Warrior est un couteau impressionnant qui offre performance et confort. D\u00e9couvrez notre s\u00e9lection de <a href=\"https:\/\/jjcustomworks.se\/fr\/magasin\/\">Couteaux Cold Steel<\/a>.<\/p>\n<h3><span class=\"ez-toc-section\" id=\"Lame_et_conception\"><\/span>Lame et conception<span class=\"ez-toc-section-end\"><\/span><\/h3>\n<p>La lame pleine soie de 9 3\/4\" de long est continuellement incurv\u00e9e avec des doubles tranchants ac\u00e9r\u00e9s et une colonne vert\u00e9brale centrale renforc\u00e9e pour plus de rigidit\u00e9. L'anneau en acier robuste permet une manipulation habile entre les prises, vous donnant un contr\u00f4le total du couteau dans toutes les situations. Ce design fait du Shanghai Warrior un excellent choix pour ceux qui recherchent un couteau fiable et efficace.<\/p>\n<h3><span class=\"ez-toc-section\" id=\"Materiau_et_confort\"><\/span>Mat\u00e9riau et confort<span class=\"ez-toc-section-end\"><\/span><\/h3>\n<p>Les \u00e9cailles en polym\u00e8re amovibles et r\u00e9sistantes aux chocs rendent le couteau confortable \u00e0 utiliser, m\u00eame pendant de longues s\u00e9ances d'entra\u00eenement ou des missions. La lame est en acier \u00e0 haute teneur en carbone SK-5, garantissant une r\u00e9sistance et une nettet\u00e9 \u00e9lev\u00e9es. Un \u00e9tui Secure-Ex\u00ae polyvalent est inclus pour un transport s\u00fbr et facile.<\/p>\n<ul>\n  <li>Poids\u00a0: 16,9\u00a0oz.<\/li>\n  <li>\u00c9paisseur\u00a0: 5\u00a0mm<\/li>\n  <li>Longueur de la lame\u00a0: 9\u00a03\/4\u00a0po<\/li>\n  <li>Manche\u00a0: 6\u00a01\/4\u00a0po de long avec \u00e9cailles en polypropyl\u00e8ne<\/li>\n  <li>Acier\/mat\u00e9riau\u00a0: SK-5 \u00e0 haute teneur en carbone<\/li>\n  <li>Global\u00a0: 16\u00a0po<\/li>\n  <li>Caract\u00e9ristique suppl\u00e9mentaire\u00a0: \u00e9tui Secure-Ex\u00ae<\/li>\n<\/ul>\n<p>Que vous soyez un artiste martial professionnel ou simplement un passionn\u00e9, le Shanghai Warrior d\u00e9passera vos attentes. Pour plus d'informations sur nos produits, visitez notre <a href=\"https:\/\/jjcustomworks.se\/fr\/categorie-de-produit\/couteau-de-lancer\/\">cat\u00e9gorie de couteau<\/a> ou notre <a href=\"https:\/\/jjcustomworks.se\/fr\/\">page d&#039;accueil<\/a>.<\/p>","protected":false},"excerpt":{"rendered":"<p>Couteau Cold Steel Shanghai Warrior Un couteau puissant pour les arts martiaux et l&#8217;utilisation tactique Le Cold Steel Shanghai Warrior est n\u00e9 d&#8217;un moment de &#8221;et si&#8221; parmi les experts en arts martiaux de l&#8217;entreprise. Ce couteau combine l&#8217;agilit\u00e9 du Shanghai Shadow avec la taille et la puissance d&#8217;un couteau Bowie. Le r\u00e9sultat est un [&#8230;]\n","protected":false},"featured_media":79471,"template":"","meta":[],"product_brand":[],"product_cat":[908],"product_tag":[],"class_list":{"0":"post-79472","1":"product","2":"type-product","3":"status-publish","4":"has-post-thumbnail","6":"product_cat-kastkniv","8":"first","9":"outofstock","10":"sale","11":"taxable","12":"shipping-taxable","13":"purchasable","14":"product-type-simple"},"_links":{"self":[{"href":"https:\/\/jjcustomworks.se\/fr\/wp-json\/wp\/v2\/product\/79472","targetHints":{"allow":["GET"]}}],"collection":[{"href":"https:\/\/jjcustomworks.se\/fr\/wp-json\/wp\/v2\/product"}],"about":[{"href":"https:\/\/jjcustomworks.se\/fr\/wp-json\/wp\/v2\/types\/product"}],"wp:featuredmedia":[{"embeddable":true,"href":"https:\/\/jjcustomworks.se\/fr\/wp-json\/wp\/v2\/media\/79471"}],"wp:attachment":[{"href":"https:\/\/jjcustomworks.se\/fr\/wp-json\/wp\/v2\/media?parent=79472"}],"wp:term":[{"taxonomy":"product_brand","embeddable":true,"href":"https:\/\/jjcustomworks.se\/fr\/wp-json\/wp\/v2\/product_brand?post=79472"},{"taxonomy":"product_cat","embeddable":true,"href":"https:\/\/jjcustomworks.se\/fr\/wp-json\/wp\/v2\/product_cat?post=79472"},{"taxonomy":"product_tag","embeddable":true,"href":"https:\/\/jjcustomworks.se\/fr\/wp-json\/wp\/v2\/product_tag?post=79472"}],"curies":[{"name":"wp","href":"https:\/\/api.w.org\/{rel}","templated":true}]}}