{"id":79456,"date":"2025-10-16T22:37:50","date_gmt":"2025-10-16T20:37:50","guid":{"rendered":"https:\/\/jjcustomworks.se\/product\/cold-steel-gi-tanto-knife\/"},"modified":"2025-10-16T23:56:24","modified_gmt":"2025-10-16T21:56:24","slug":"couteau-cold-steel-gi-tanto-tactique-fiable","status":"publish","type":"product","link":"https:\/\/jjcustomworks.se\/fr\/produit\/couteau-cold-steel-gi-tanto-tactique-fiable\/","title":{"rendered":"Couteau Cold Steel GI Tanto | Tactique & Fiable"},"content":{"rendered":"<h1>Couteau Cold Steel GI Tanto - Tactique et Fiable<\/h1>\n<h2><span class=\"ez-toc-section\" id=\"Un_couteau_polyvalent_pour_les_applications_tactiques\"><\/span>Un couteau polyvalent pour les applications tactiques<span class=\"ez-toc-section-end\"><\/span><\/h2>\n<p>Le Cold Steel GI Tanto est un couteau robuste et pratique con\u00e7u pour une vari\u00e9t\u00e9 d'applications tactiques. Avec sa large lame, sa garde quillon int\u00e9gr\u00e9e et ses \u00e9cailles de manche en polypropyl\u00e8ne, ce couteau offre l'essentiel d'un design tactique. Fabriqu\u00e9 en acier \u00e0 ressort 1055 au carbone tremp\u00e9 et prot\u00e9g\u00e9 par une finition r\u00e9sistante \u00e0 la rouille, le GI Tanto est \u00e0 la fois durable et fiable.<\/p>\n<h3><span class=\"ez-toc-section\" id=\"Caracteristiques_et_avantages\"><\/span>Caract\u00e9ristiques et avantages :<span class=\"ez-toc-section-end\"><\/span><\/h3>\n<ul>\n <li><strong>Lame large :<\/strong> Parfaite pour couper et hacher dans diverses situations.<\/li>\n <li><strong>Garde quillon :<\/strong> Garde int\u00e9gr\u00e9e pour une s\u00e9curit\u00e9 accrue lors de l'utilisation.<\/li>\n <li><strong>Acier au carbone 1055 :<\/strong> Offre une excellente r\u00e9sistance et durabilit\u00e9.<\/li>\n <li><strong>Finition r\u00e9sistante \u00e0 la rouille :<\/strong> Prot\u00e8ge le couteau contre la corrosion et prolonge sa dur\u00e9e de vie.<\/li>\n <li><strong>Manche en polypropyl\u00e8ne :<\/strong> Manche durable et confortable qui offre une prise s\u00fbre.<\/li>\n<\/ul>\n<p>Le GI Tanto n'est pas seulement un couteau fiable pour les situations tactiques, il est \u00e9galement populaire parmi les lanceurs sportifs. Son \u00e9quilibre le rend id\u00e9al pour lancer \u00e0 la fois par la lame et par le manche. Besoin d'une lance dans une situation de survie ? Pas de probl\u00e8me ! Vous pouvez facilement retirer les \u00e9cailles du manche et fixer la lame \u00e0 un manche en bois appropri\u00e9.  Cette fonctionnalit\u00e9 le rend inestimable en cas d'urgence. Achetez votre <a href=\"https:\/\/jjcustomworks.se\/fr\/magasin\/\">Couteau Cold Steel<\/a> \u00e0 partir d&#039;aujourd&#039;hui !<\/p>\n<p><strong>Domaines d'utilisation :<\/strong><\/p>\n<ul>\n <li><strong>Utilisation tactique :<\/strong> Parfait pour les forces militaires et les forces de l'ordre.<\/li>\n <li><strong>Survie :<\/strong> Peut \u00eatre converti en lance pour la chasse et la d\u00e9fense.<\/li>\n <li><strong>Lancer sportif :<\/strong> Conception \u00e9quilibr\u00e9e pour le lancer \u00e0 la fois de la lame et du manche.<\/li>\n <li><strong>Autod\u00e9fense :<\/strong> Un outil fiable pour se prot\u00e9ger.<\/li>\n<\/ul>\n<p>Parce qu'il est abordable, le GI Tanto est un excellent choix \u00e0 avoir comme couteau de rechange dans votre sac d'\u00e9vacuation ou simplement pour profiter de quelques lancers par une journ\u00e9e ensoleill\u00e9e. Faites confiance \u00e0 <a href=\"https:\/\/jjcustomworks.se\/fr\/categorie-de-produit\/couteau-de-lancer\/\">Acier froid<\/a> pour un couteau stable et fiable lorsque vous en avez le plus besoin.  Visitez notre <a href=\"https:\/\/jjcustomworks.se\/fr\/\">site web<\/a> pour plus d'informations !<\/p>\n<p><strong>Caract\u00e9ristiques:<\/strong><\/p>\n<ul>\n <li>Num\u00e9ro de produit : 80PGTK<\/li>\n <li>Poids : 340 g (12 oz.)<\/li>\n <li>\u00c9paisseur de la lame : 4 mm<\/li>\n <li>Longueur de la lame : 17,8 cm (7 pouces)<\/li>\n <li>Manche : 12,7 cm (5 pouces) de long avec \u00e9cailles en polypropyl\u00e8ne<\/li>\n <li>Acier \/ Mat\u00e9riau : Acier au carbone 1055<\/li>\n <li>Longueur totale : 30,5 cm (12 pouces)<\/li>\n <li>Gaine : Secure-Ex\u00ae<\/li>\n<\/ul>","protected":false},"excerpt":{"rendered":"<p>Couteau Cold Steel GI Tanto &#8211; Tactique et Fiable Un couteau polyvalent pour les applications tactiques Le Cold Steel GI Tanto est un couteau robuste et pratique con\u00e7u pour une vari\u00e9t\u00e9 d&#8217;applications tactiques. Avec sa large lame, sa garde quillon int\u00e9gr\u00e9e et ses \u00e9cailles de manche en polypropyl\u00e8ne, ce couteau offre l&#8217;essentiel d&#8217;un design tactique. [&#8230;]\n","protected":false},"featured_media":79455,"template":"","meta":[],"product_brand":[],"product_cat":[908],"product_tag":[],"class_list":{"0":"post-79456","1":"product","2":"type-product","3":"status-publish","4":"has-post-thumbnail","6":"product_cat-kastkniv","8":"first","9":"outofstock","10":"sale","11":"taxable","12":"shipping-taxable","13":"purchasable","14":"product-type-simple"},"_links":{"self":[{"href":"https:\/\/jjcustomworks.se\/fr\/wp-json\/wp\/v2\/product\/79456","targetHints":{"allow":["GET"]}}],"collection":[{"href":"https:\/\/jjcustomworks.se\/fr\/wp-json\/wp\/v2\/product"}],"about":[{"href":"https:\/\/jjcustomworks.se\/fr\/wp-json\/wp\/v2\/types\/product"}],"wp:featuredmedia":[{"embeddable":true,"href":"https:\/\/jjcustomworks.se\/fr\/wp-json\/wp\/v2\/media\/79455"}],"wp:attachment":[{"href":"https:\/\/jjcustomworks.se\/fr\/wp-json\/wp\/v2\/media?parent=79456"}],"wp:term":[{"taxonomy":"product_brand","embeddable":true,"href":"https:\/\/jjcustomworks.se\/fr\/wp-json\/wp\/v2\/product_brand?post=79456"},{"taxonomy":"product_cat","embeddable":true,"href":"https:\/\/jjcustomworks.se\/fr\/wp-json\/wp\/v2\/product_cat?post=79456"},{"taxonomy":"product_tag","embeddable":true,"href":"https:\/\/jjcustomworks.se\/fr\/wp-json\/wp\/v2\/product_tag?post=79456"}],"curies":[{"name":"wp","href":"https:\/\/api.w.org\/{rel}","templated":true}]}}