{"id":79452,"date":"2025-10-16T22:37:44","date_gmt":"2025-10-16T20:37:44","guid":{"rendered":"https:\/\/jjcustomworks.se\/product\/cold-steel-bowie-blade-bushman-hunting-surival-spear-knife\/"},"modified":"2025-10-16T23:56:25","modified_gmt":"2025-10-16T21:56:25","slug":"couteau-cold-steel-bowie-bushman-survie","status":"publish","type":"product","link":"https:\/\/jjcustomworks.se\/fr\/produit\/couteau-cold-steel-bowie-bushman-survie\/","title":{"rendered":"Couteau Cold Steel Bowie Bushman | Survie"},"content":{"rendered":"<h1>Cold Steel Bowie Blade Bushman - Couteau de Chasse \/ Survie \/ Lance<\/h1>\n<h2><span class=\"ez-toc-section\" id=\"Un_couteau_de_survie_abordable_de_Cold_Steel\"><\/span>Un couteau de survie abordable de Cold Steel<span class=\"ez-toc-section-end\"><\/span><\/h2>\n<p>Sourire <b>Cold Steel Bowie Blade Bushman<\/b> offre un rapport qualit\u00e9-prix imbattable en tant que couteau de survie. Contrairement \u00e0 la plupart des couteaux \u00e0 manche creux, la s\u00e9rie Bushman n'a pas de joint ni de couture entre la lame et le manche. Au lieu de cela, la lame et le manche sont forg\u00e9s \u00e0 froid \u00e0 partir d'une seule pi\u00e8ce d'acier \u00e0 haute teneur en carbone SK-5, ce qui lui permet de r\u00e9sister \u00e0 une pression immense au point de transition.<\/p>\n<h3><span class=\"ez-toc-section\" id=\"Construction_durable_et_tranchant\"><\/span>Construction durable et tranchant<span class=\"ez-toc-section-end\"><\/span><\/h3>\n<p>Chaque couteau Bushman est trait\u00e9 thermiquement de mani\u00e8re experte et durci \u00e0 RC54. La lame est soigneusement meul\u00e9e jusqu'\u00e0 un tranchant extra-fin, puis aff\u00fbt\u00e9e et polie \u00e0 la main pour une nettet\u00e9 maximale. Le manche creux peut stocker des fournitures de survie ou accepter des extensions de manche pour une port\u00e9e et un effet de levier accrus.<\/p>\n<ul>\n <li><b>Styles de lame :<\/b> Disponible avec des pointes Standard et Bowie.<\/li>\n <li><b>Lames :<\/b> Lames courbes id\u00e9ales pour le d\u00e9pe\u00e7age et les t\u00e2ches de bushcraft.<\/li>\n <li><b>Gaine :<\/b> Comprend une gaine Secure-Ex avec un acier \u00e0 feu en ferrocerium de haute qualit\u00e9.<\/li>\n<\/ul>\n<h3><span class=\"ez-toc-section\" id=\"Specifications\"><\/span>Caract\u00e9ristiques:<span class=\"ez-toc-section-end\"><\/span><\/h3>\n<ul>\n <li>Num\u00e9ro de produit : 95BBUSKZ<\/li>\n <li>Poids : 286 g (10,1 oz)<\/li>\n <li>\u00c9paisseur : 2,5 mm<\/li>\n <li>Longueur de la lame : 17,8 cm (7\")<\/li>\n <li>Manche : 13,3 cm (5 1\/4\") de long. Manche creux.<\/li>\n <li>Acier : SK-5 Acier \u00e0 haute teneur en carbone<\/li>\n <li>Longueur totale : 31,1 cm (12 1\/4\")<\/li>\n <li>Caract\u00e9ristique suppl\u00e9mentaire : Gaine Secure-Ex\u2122 avec acier \u00e0 feu en ferrocerium<\/li>\n<\/ul>\n<p>Vous recherchez d'autres <a href=\"https:\/\/jjcustomworks.se\/fr\/magasin\/\">couteaux abordables<\/a> ? Explorez notre s\u00e9lection de <a href=\"https:\/\/jjcustomworks.se\/fr\/categorie-de-produit\/couteau-de-lancer\/\">couteaux de survie<\/a> pour trouver le mod\u00e8le adapt\u00e9 \u00e0 vos besoins. Visitez <a href=\"https:\/\/jjcustomworks.se\/fr\/\">Knivshoppen<\/a> pour notre gamme compl\u00e8te.","protected":false},"excerpt":{"rendered":"<p>Cold Steel Bowie Blade Bushman &#8211; Couteau de Chasse \/ Survie \/ Lance Un couteau de survie abordable de Cold Steel Le Cold Steel Bowie Blade Bushman offre un rapport qualit\u00e9-prix imbattable en tant que couteau de survie. Contrairement \u00e0 la plupart des couteaux \u00e0 manche creux, la s\u00e9rie Bushman n&#8217;a pas de joint ni [&#8230;]\n","protected":false},"featured_media":79451,"template":"","meta":[],"product_brand":[],"product_cat":[908],"product_tag":[],"class_list":{"0":"post-79452","1":"product","2":"type-product","3":"status-publish","4":"has-post-thumbnail","6":"product_cat-kastkniv","8":"first","9":"outofstock","10":"sale","11":"taxable","12":"shipping-taxable","13":"purchasable","14":"product-type-simple"},"_links":{"self":[{"href":"https:\/\/jjcustomworks.se\/fr\/wp-json\/wp\/v2\/product\/79452","targetHints":{"allow":["GET"]}}],"collection":[{"href":"https:\/\/jjcustomworks.se\/fr\/wp-json\/wp\/v2\/product"}],"about":[{"href":"https:\/\/jjcustomworks.se\/fr\/wp-json\/wp\/v2\/types\/product"}],"wp:featuredmedia":[{"embeddable":true,"href":"https:\/\/jjcustomworks.se\/fr\/wp-json\/wp\/v2\/media\/79451"}],"wp:attachment":[{"href":"https:\/\/jjcustomworks.se\/fr\/wp-json\/wp\/v2\/media?parent=79452"}],"wp:term":[{"taxonomy":"product_brand","embeddable":true,"href":"https:\/\/jjcustomworks.se\/fr\/wp-json\/wp\/v2\/product_brand?post=79452"},{"taxonomy":"product_cat","embeddable":true,"href":"https:\/\/jjcustomworks.se\/fr\/wp-json\/wp\/v2\/product_cat?post=79452"},{"taxonomy":"product_tag","embeddable":true,"href":"https:\/\/jjcustomworks.se\/fr\/wp-json\/wp\/v2\/product_tag?post=79452"}],"curies":[{"name":"wp","href":"https:\/\/api.w.org\/{rel}","templated":true}]}}