{"id":79440,"date":"2025-10-16T22:37:14","date_gmt":"2025-10-16T20:37:14","guid":{"rendered":"https:\/\/jjcustomworks.se\/product\/produkt-2\/"},"modified":"2026-04-25T15:07:37","modified_gmt":"2026-04-25T13:07:37","slug":"produkt-2-10","status":"publish","type":"product","link":"https:\/\/jjcustomworks.se\/fr\/produit\/produkt-2-10\/","title":{"rendered":"Couteaux de Lancer Perfect Point - Pack de 3 en Acier Inoxydable"},"content":{"rendered":"<h1>Perfect Point - Pack de 3 Couteaux de Lancer en Acier Inoxydable<\/h1>\n<p>D\u00e9couvrez l'art classique des <strong>couteaux de lancer<\/strong> avec ce pack fiable de 3 de Perfect Point. Ces couteaux sont con\u00e7us pour les d\u00e9butants comme pour les lanceurs exp\u00e9riment\u00e9s \u00e0 la recherche d'un passe-temps stimulant et enrichissant. Chaque ensemble est fabriqu\u00e9 pour offrir une exp\u00e9rience de lancer \u00e9quilibr\u00e9e et constitue un excellent choix pour ceux qui souhaitent affiner leur technique.<\/p>\n<h2><span class=\"ez-toc-section\" id=\"Caracteristiques_du_Produit\"><\/span>Caract\u00e9ristiques du Produit<span class=\"ez-toc-section-end\"><\/span><\/h2>\n<ul>\n<li><strong>Quantit\u00e9:<\/strong> 3 couteaux par paquet<\/li>\n<li><strong>Longueur totale :<\/strong> 8\" (environ 20,3 cm)<\/li>\n<li><strong>Mat\u00e9riel:<\/strong> Acier inoxydable<\/li>\n<li><strong>Design de la Lame:<\/strong> Lame bicolore argent et noire<\/li>\n<li><strong>Manche:<\/strong> Manche en acier inoxydable noir<\/li>\n<li><strong>Accessoires:<\/strong> Comprend une gaine en nylon pratique pour un rangement et un transport s\u00fbrs<\/li>\n<\/ul>\n<p>Le lancer de couteaux est un art et un sport ancien qui peut aussi \u00eatre un passe-temps agr\u00e9able pour toute la famille. C'est relativement facile \u00e0 apprendre avec un peu de patience, mais il est important de comprendre que ce ne sont pas des jouets. Les couteaux de lancer sont pointus et parfois tranchants, et doivent <strong>toujours \u00eatre manipul\u00e9s sous la surveillance d'un adulte<\/strong>. Une limite d'\u00e2ge de 18 ans s'applique \u00e0 l'achat de ce produit.<\/p>\n<p>Pour une utilisation en toute s\u00e9curit\u00e9, ne lancez jamais en direction de personnes ou d'animaux. Assurez-vous qu'aucun objet fragile ne se trouve \u00e0 proximit\u00e9 de la cible. Ces couteaux sont exclusivement destin\u00e9s \u00e0 \u00eatre lanc\u00e9s sur une cible appropri\u00e9e. Les petits couteaux de lancer, comme ceux de moins de 10 pouces, de faible poids peuvent \u00eatre avantageusement utilis\u00e9s avec des cibles de fl\u00e9chettes courantes. Pour les couteaux de comp\u00e9tition plus lourds, une cible en bois robuste est recommand\u00e9e. Une alternative \u00e9conomique consiste \u00e0 utiliser plusieurs couches de carton comme cible efficace. Notez que l'acier peut rebondir sur l'acier et d'autres surfaces dures, alors choisissez toujours votre emplacement de lancer avec soin pour <a href=\"https:\/\/jjcustomworks.se\/fr\/magasin\/\">voir plus de produits<\/a>.<\/p>\n<p>Optimisez votre exp\u00e9rience de lancer et d\u00e9couvrez un passe-temps enrichissant. Explorez \u00e9galement notre large gamme d'<a href=\"https:\/\/jjcustomworks.se\/fr\/categorie-de-produit\/couteau-de-lancer\/\">autres articles de sport et de plein air<\/a> pour compl\u00e9ter votre \u00e9quipement.<\/p>\n<p>Visitez la <a href=\"https:\/\/jjcustomworks.se\/fr\/\">page d&#039;accueil<\/a> pour plus d'informations et les derni\u00e8res offres.<\/p>","protected":false},"excerpt":{"rendered":"<p>K\u00f6p v\u00e5rt 3-pack med Perfect Point kastknivar f\u00f6r en perfekt precision och tr\u00e4ffs\u00e4kerhet. Med dessa kastknivar kan du f\u00f6rb\u00e4ttra dina f\u00e4rdigheter och imponera p\u00e5 v\u00e4nner och familj. Best\u00e4ll nu och f\u00e5 en komplett upps\u00e4ttning av h\u00f6gkvalitativa kastknivar f\u00f6r din tr\u00e4ning och underh\u00e5llning.<\/p>","protected":false},"featured_media":79437,"template":"","meta":[],"product_brand":[],"product_cat":[908],"product_tag":[],"class_list":{"0":"post-79440","1":"product","2":"type-product","3":"status-publish","4":"has-post-thumbnail","6":"product_cat-kastkniv","8":"first","9":"instock","10":"sale","11":"taxable","12":"shipping-taxable","13":"purchasable","14":"product-type-simple"},"_links":{"self":[{"href":"https:\/\/jjcustomworks.se\/fr\/wp-json\/wp\/v2\/product\/79440","targetHints":{"allow":["GET"]}}],"collection":[{"href":"https:\/\/jjcustomworks.se\/fr\/wp-json\/wp\/v2\/product"}],"about":[{"href":"https:\/\/jjcustomworks.se\/fr\/wp-json\/wp\/v2\/types\/product"}],"wp:featuredmedia":[{"embeddable":true,"href":"https:\/\/jjcustomworks.se\/fr\/wp-json\/wp\/v2\/media\/79437"}],"wp:attachment":[{"href":"https:\/\/jjcustomworks.se\/fr\/wp-json\/wp\/v2\/media?parent=79440"}],"wp:term":[{"taxonomy":"product_brand","embeddable":true,"href":"https:\/\/jjcustomworks.se\/fr\/wp-json\/wp\/v2\/product_brand?post=79440"},{"taxonomy":"product_cat","embeddable":true,"href":"https:\/\/jjcustomworks.se\/fr\/wp-json\/wp\/v2\/product_cat?post=79440"},{"taxonomy":"product_tag","embeddable":true,"href":"https:\/\/jjcustomworks.se\/fr\/wp-json\/wp\/v2\/product_tag?post=79440"}],"curies":[{"name":"wp","href":"https:\/\/api.w.org\/{rel}","templated":true}]}}