{"id":79422,"date":"2025-10-16T22:36:45","date_gmt":"2025-10-16T20:36:45","guid":{"rendered":"https:\/\/jjcustomworks.se\/product\/produkt-2\/"},"modified":"2025-11-08T18:22:42","modified_gmt":"2025-11-08T17:22:42","slug":"produkt-2-8","status":"publish","type":"product","link":"https:\/\/jjcustomworks.se\/fr\/produit\/produkt-2-8\/","title":{"rendered":"Perfect Point Couteaux de lancer - 3 pi\u00e8ces"},"content":{"rendered":"<h1>PERFECT POINT - LOT DE 3 COUTEAUX \u00c0 LANCER<\/h1>\n<h2><span class=\"ez-toc-section\" id=\"Couteaux_de_lancer_de_haute_qualite_de_Perfect_Point\"><\/span>Couteaux de lancer de haute qualit\u00e9 de Perfect Point<span class=\"ez-toc-section-end\"><\/span><\/h2>\n<p>Ce pack de 3 couteaux de lancer de Perfect Point est parfait pour les d\u00e9butants et les lanceurs exp\u00e9riment\u00e9s. Chaque couteau est con\u00e7u pour la pr\u00e9cision et la durabilit\u00e9, ce qui en fait un excellent choix pour la pratique et les loisirs. Le lancer de couteau est un art ancien et un sport qui peut \u00eatre appr\u00e9ci\u00e9 par toute la famille, et ces couteaux sont con\u00e7us pour rendre le processus d'apprentissage plus facile et plus amusant. N'oubliez pas que les couteaux de lancer ne sont pas des jouets et doivent \u00eatre manipul\u00e9s avec soin et sous la surveillance d'un adulte.<\/p>\n<h3><span class=\"ez-toc-section\" id=\"Specifications\"><\/span>Caract\u00e9ristiques:<span class=\"ez-toc-section-end\"><\/span><\/h3>\n<ul>\n <li><strong>Longueur totale :<\/strong> 7,5 pouces (environ 19 cm)<\/li>\n <li><strong>Mat\u00e9riau de la lame :<\/strong> Acier inoxydable<\/li>\n <li><strong>Couleur de la lame :<\/strong> Lame bicolore vari\u00e9e<\/li>\n <li><strong>Manche:<\/strong> Manche envelopp\u00e9 de cordon en nylon pour une prise s\u00fbre<\/li>\n <li><strong>Gaine :<\/strong> Comprend une gaine en nylon pour un stockage et un transport s\u00fbrs<\/li>\n<\/ul>\n<h3><span class=\"ez-toc-section\" id=\"Consignes_de_securite_et_utilisation\"><\/span>Consignes de s\u00e9curit\u00e9 et utilisation :<span class=\"ez-toc-section-end\"><\/span><\/h3>\n<p>Lors de l'utilisation de couteaux de lancer, il est important de suivre certaines consignes de s\u00e9curit\u00e9. Ne lancez jamais en direction de personnes ou d'animaux et assurez-vous qu'il n'y a pas d'objets fragiles pr\u00e8s de la cible. Ces couteaux sont destin\u00e9s \u00e0 \u00eatre lanc\u00e9s uniquement sur des cibles appropri\u00e9es. Les petits couteaux de lancer de moins de 10 pouces qui ne p\u00e8sent pas beaucoup peuvent \u00eatre lanc\u00e9s sur des cibles de fl\u00e9chettes ordinaires, tandis que les couteaux plus grands et plus lourds n\u00e9cessitent une cible en bois. Plusieurs couches de carton peuvent \u00e9galement \u00eatre utilis\u00e9es comme une bonne cible. Gardez \u00e0 l'esprit que l'acier peut rebondir sur des surfaces dures.<\/p>\n<p>Que vous soyez d\u00e9butant ou exp\u00e9riment\u00e9, ces couteaux de lancer vous procureront des heures de plaisir. Pour ceux qui recherchent plus d'options de couteaux, <a href=\"https:\/\/jjcustomworks.se\/fr\/magasin\/\">explorez notre gamme d'autres couteaux<\/a>. N'oubliez pas que nous avons une large s\u00e9lection d'<a href=\"https:\/\/jjcustomworks.se\/fr\/categorie-de-produit\/couteau-de-lancer\/\">\u00e9quipement de plein air<\/a> pour toutes vos aventures. Bienvenue sur notre <a href=\"https:\/\/jjcustomworks.se\/fr\/\">page d&#039;accueil<\/a> pour en d\u00e9couvrir davantage !<\/p>","protected":false},"excerpt":{"rendered":"<p>PERFECT POINT &#8211; PACK DE 3 COUTEAUX DE LANCER Couteaux de lancer de haute qualit\u00e9 de Perfect Point Ce pack de 3 couteaux de lancer de Perfect Point est parfait pour les d\u00e9butants et les lanceurs exp\u00e9riment\u00e9s. Chaque couteau est con\u00e7u pour la pr\u00e9cision et la durabilit\u00e9, ce qui en fait un excellent choix pour [&#8230;]\n","protected":false},"featured_media":79421,"template":"","meta":[],"product_brand":[],"product_cat":[908],"product_tag":[],"class_list":{"0":"post-79422","1":"product","2":"type-product","3":"status-publish","4":"has-post-thumbnail","6":"product_cat-kastkniv","8":"first","9":"onbackorder","10":"sale","11":"taxable","12":"shipping-taxable","13":"purchasable","14":"product-type-simple"},"_links":{"self":[{"href":"https:\/\/jjcustomworks.se\/fr\/wp-json\/wp\/v2\/product\/79422","targetHints":{"allow":["GET"]}}],"collection":[{"href":"https:\/\/jjcustomworks.se\/fr\/wp-json\/wp\/v2\/product"}],"about":[{"href":"https:\/\/jjcustomworks.se\/fr\/wp-json\/wp\/v2\/types\/product"}],"wp:featuredmedia":[{"embeddable":true,"href":"https:\/\/jjcustomworks.se\/fr\/wp-json\/wp\/v2\/media\/79421"}],"wp:attachment":[{"href":"https:\/\/jjcustomworks.se\/fr\/wp-json\/wp\/v2\/media?parent=79422"}],"wp:term":[{"taxonomy":"product_brand","embeddable":true,"href":"https:\/\/jjcustomworks.se\/fr\/wp-json\/wp\/v2\/product_brand?post=79422"},{"taxonomy":"product_cat","embeddable":true,"href":"https:\/\/jjcustomworks.se\/fr\/wp-json\/wp\/v2\/product_cat?post=79422"},{"taxonomy":"product_tag","embeddable":true,"href":"https:\/\/jjcustomworks.se\/fr\/wp-json\/wp\/v2\/product_tag?post=79422"}],"curies":[{"name":"wp","href":"https:\/\/api.w.org\/{rel}","templated":true}]}}