{"id":79259,"date":"2025-10-16T22:33:41","date_gmt":"2025-10-16T20:33:41","guid":{"rendered":"https:\/\/jjcustomworks.se\/product\/produkt-2\/"},"modified":"2026-03-11T09:07:36","modified_gmt":"2026-03-11T08:07:36","slug":"produkt-2-18","status":"publish","type":"product","link":"https:\/\/jjcustomworks.se\/fr\/produit\/produkt-2-18\/","title":{"rendered":"3-PACK KASTKNIVAR"},"content":{"rendered":"<p>Ma\u00eetre Coutellerie<br id=\"isPasted\"><br \/>Ensemble de couteaux de lancer<br \/>6&#8243; OVERALL<br \/>ACIER INOXYDABLE<br \/>RAINBOW BLADE<br \/>RAINBOW STAINLESS STEEL HANDLE<br \/>COMPREND UNE GAINE EN NYLON<\/p>\n<p>Le lancer de couteaux est un art et un sport ancien qui peut \u00e9galement \u00eatre amusant pour toute la famille. Assez facile \u00e0 apprendre si vous avez un peu de patience.<br \/>Veuillez noter qu&#039;il ne s&#039;agit pas de jouets et que les couteaux de lancer sont pointus et parfois tranchants et ne doivent pas \u00eatre manipul\u00e9s sans la surveillance d&#039;un adulte. Bien entendu, la limite d\u2019\u00e2ge pour les achats est de 18 ans.<br \/>Kasta aldrig i samma riktning som andra m\u00e4nniskor eller djur och var s\u00e4ker p\u00e5 att inte ha \u00f6mt\u00e5liga f\u00f6rem\u00e5l i n\u00e4rheten av m\u00e5ltavla.Endast avsedda att kastas endast mot l\u00e4mplig tavla! Mindre kastknivar under 10&#8243; som inte v\u00e4gar mycket kan med f\u00f6rdel kastas mot vanliga piltavlor. F\u00f6r st\u00f6rre\/tyngre t\u00e4vlingsknivar rekommenderar vi en riktig m\u00e5ltavla av tr\u00e4.<br \/>Plusieurs couches de carton peuvent \u00e9galement constituer un bon tableau. Gardez \u00e0 l\u2019esprit que l\u2019acier rebondit contre l\u2019acier et d\u2019autres surfaces dures.<\/p>","protected":false},"excerpt":{"rendered":"<p>K\u00f6p ett 3-pack kastknivar av h\u00f6g kvalitet f\u00f6r tr\u00e4ning eller t\u00e4vling. Perfekt f\u00f6r nyb\u00f6rjare och erfarna kastare. Best\u00e4ll dina kastknivar online idag och f\u00e5 snabb leverans.<\/p>","protected":false},"featured_media":79258,"template":"","meta":[],"product_brand":[],"product_cat":[908],"product_tag":[],"class_list":{"0":"post-79259","1":"product","2":"type-product","3":"status-publish","4":"has-post-thumbnail","6":"product_cat-kastkniv","8":"first","9":"instock","10":"taxable","11":"shipping-taxable","12":"purchasable","13":"product-type-simple"},"_links":{"self":[{"href":"https:\/\/jjcustomworks.se\/fr\/wp-json\/wp\/v2\/product\/79259","targetHints":{"allow":["GET"]}}],"collection":[{"href":"https:\/\/jjcustomworks.se\/fr\/wp-json\/wp\/v2\/product"}],"about":[{"href":"https:\/\/jjcustomworks.se\/fr\/wp-json\/wp\/v2\/types\/product"}],"wp:featuredmedia":[{"embeddable":true,"href":"https:\/\/jjcustomworks.se\/fr\/wp-json\/wp\/v2\/media\/79258"}],"wp:attachment":[{"href":"https:\/\/jjcustomworks.se\/fr\/wp-json\/wp\/v2\/media?parent=79259"}],"wp:term":[{"taxonomy":"product_brand","embeddable":true,"href":"https:\/\/jjcustomworks.se\/fr\/wp-json\/wp\/v2\/product_brand?post=79259"},{"taxonomy":"product_cat","embeddable":true,"href":"https:\/\/jjcustomworks.se\/fr\/wp-json\/wp\/v2\/product_cat?post=79259"},{"taxonomy":"product_tag","embeddable":true,"href":"https:\/\/jjcustomworks.se\/fr\/wp-json\/wp\/v2\/product_tag?post=79259"}],"curies":[{"name":"wp","href":"https:\/\/api.w.org\/{rel}","templated":true}]}}