{"id":79257,"date":"2025-10-16T22:33:36","date_gmt":"2025-10-16T20:33:36","guid":{"rendered":"https:\/\/jjcustomworks.se\/product\/perfect-point-3-pack-throwing-knives-29\/"},"modified":"2026-04-14T10:28:36","modified_gmt":"2026-04-14T08:28:36","slug":"perfect-point-3-pack-throwing-knives-29","status":"publish","type":"product","link":"https:\/\/jjcustomworks.se\/fr\/produit\/perfect-point-3-pack-throwing-knives-29\/","title":{"rendered":"PERFECT POINT &#8211; 3-PACK KASTKNIVAR"},"content":{"rendered":"<p>POINT PARFAIT<br id=\"isPasted\"><br \/>Ensemble de couteaux de lancer<br \/>6.5&#8243; OVERALL<br \/>ACIER INOXYDABLE<br \/>LAME NOIRE<br \/>POIGN\u00c9E EN ACIER INOXYDABLE NOIR<br \/>COMPREND UNE GAINE EN NYLON<\/p>\n<p>Le lancer de couteaux est un art et un sport ancien qui peut \u00e9galement \u00eatre amusant pour toute la famille. Assez facile \u00e0 apprendre si vous avez un peu de patience.<br \/>Veuillez noter qu&#039;il ne s&#039;agit pas de jouets et que les couteaux de lancer sont pointus et parfois tranchants et ne doivent pas \u00eatre manipul\u00e9s sans la surveillance d&#039;un adulte. Bien entendu, la limite d\u2019\u00e2ge pour les achats est de 18 ans.<br \/>Ne lancez jamais dans la m\u00eame direction que d\u2019autres personnes ou animaux et assurez-vous de ne pas avoir d\u2019objets fragiles \u00e0 proximit\u00e9 de la cible.<\/p>\n<p>Destin\u00e9 uniquement \u00e0 \u00eatre lanc\u00e9 sur la cible appropri\u00e9e ! Les couteaux de lancer plus petits de moins de 10 pouces qui ne p\u00e8sent pas beaucoup peuvent \u00eatre lanc\u00e9s sur des cibles de fl\u00e9chettes ordinaires avec avantage. Pour les couteaux de comp\u00e9tition plus grands\/plus lourds, nous recommandons une v\u00e9ritable cible en bois.<br \/>Plusieurs couches de carton peuvent \u00e9galement constituer un bon tableau. Gardez \u00e0 l\u2019esprit que l\u2019acier rebondit contre l\u2019acier et d\u2019autres surfaces dures.<\/p>","protected":false},"excerpt":{"rendered":"<p>K\u00f6p v\u00e5rt 3-pack med Perfect Point kastknivar f\u00f6r en perfekt precision och tr\u00e4ffs\u00e4kerhet. Med dessa kastknivar kan du f\u00f6rb\u00e4ttra dina f\u00e4rdigheter och imponera p\u00e5 v\u00e4nner och familj. Best\u00e4ll nu och f\u00e5 en komplett upps\u00e4ttning av h\u00f6gkvalitativa kastknivar f\u00f6r din tr\u00e4ning och underh\u00e5llning.<\/p>","protected":false},"featured_media":79256,"template":"","meta":[],"product_brand":[],"product_cat":[908],"product_tag":[],"class_list":{"0":"post-79257","1":"product","2":"type-product","3":"status-publish","4":"has-post-thumbnail","6":"product_cat-kastkniv","8":"first","9":"instock","10":"taxable","11":"shipping-taxable","12":"purchasable","13":"product-type-simple"},"_links":{"self":[{"href":"https:\/\/jjcustomworks.se\/fr\/wp-json\/wp\/v2\/product\/79257","targetHints":{"allow":["GET"]}}],"collection":[{"href":"https:\/\/jjcustomworks.se\/fr\/wp-json\/wp\/v2\/product"}],"about":[{"href":"https:\/\/jjcustomworks.se\/fr\/wp-json\/wp\/v2\/types\/product"}],"wp:featuredmedia":[{"embeddable":true,"href":"https:\/\/jjcustomworks.se\/fr\/wp-json\/wp\/v2\/media\/79256"}],"wp:attachment":[{"href":"https:\/\/jjcustomworks.se\/fr\/wp-json\/wp\/v2\/media?parent=79257"}],"wp:term":[{"taxonomy":"product_brand","embeddable":true,"href":"https:\/\/jjcustomworks.se\/fr\/wp-json\/wp\/v2\/product_brand?post=79257"},{"taxonomy":"product_cat","embeddable":true,"href":"https:\/\/jjcustomworks.se\/fr\/wp-json\/wp\/v2\/product_cat?post=79257"},{"taxonomy":"product_tag","embeddable":true,"href":"https:\/\/jjcustomworks.se\/fr\/wp-json\/wp\/v2\/product_tag?post=79257"}],"curies":[{"name":"wp","href":"https:\/\/api.w.org\/{rel}","templated":true}]}}