{"id":79168,"date":"2025-10-16T22:29:43","date_gmt":"2025-10-16T20:29:43","guid":{"rendered":"https:\/\/jjcustomworks.se\/product\/throwing-knives-3-pack-3\/"},"modified":"2026-01-29T12:31:42","modified_gmt":"2026-01-29T11:31:42","slug":"throwing-knives-3-pack-3","status":"publish","type":"product","link":"https:\/\/jjcustomworks.se\/fr\/produit\/throwing-knives-3-pack-3\/","title":{"rendered":"Couteau de lancer, lot de 3"},"content":{"rendered":"<div>\n<div>\n<div>\n<div>\n<div>3-pack kastknivar med nylonv\u00e4ska<\/p>\n<p>Total length: 16,5 cm<br \/>Blade length: 10 cm<\/div>\n<p>Le lancer de couteaux est un art et un sport ancien qui peut \u00e9galement \u00eatre amusant pour toute la famille. Assez facile \u00e0 apprendre si vous avez un peu de patience.<br id=\"isPasted\">Veuillez noter qu&#039;il ne s&#039;agit pas de jouets et que les couteaux de lancer sont pointus et parfois tranchants et ne doivent pas \u00eatre manipul\u00e9s sans la surveillance d&#039;un adulte. Bien entendu, la limite d\u2019\u00e2ge pour les achats est de 18 ans.<br \/>Ne lancez jamais dans la m\u00eame direction que d\u2019autres personnes ou animaux et assurez-vous de ne pas avoir d\u2019objets fragiles \u00e0 proximit\u00e9 de la cible.<\/p>\n<p>Destin\u00e9 uniquement \u00e0 \u00eatre lanc\u00e9 sur la cible appropri\u00e9e ! Les couteaux de lancer plus petits de moins de 10 pouces qui ne p\u00e8sent pas beaucoup peuvent \u00eatre lanc\u00e9s sur des cibles de fl\u00e9chettes ordinaires avec avantage. Pour les couteaux de comp\u00e9tition plus grands\/plus lourds, nous recommandons une v\u00e9ritable cible en bois.<br \/>Plusieurs couches de carton peuvent \u00e9galement constituer un bon tableau. Gardez \u00e0 l\u2019esprit que l\u2019acier rebondit contre l\u2019acier et d\u2019autres surfaces dures.<\/div>\n<\/div>\n<\/div>\n<\/div>","protected":false},"excerpt":{"rendered":"<p>3-pack kastknivar med nylonv\u00e4ska Total length: 16,5 cmBlade length: 10 cm Knivkastning \u00e4r en gammal konst och sport som \u00e4ven kan vara ett n\u00f6je f\u00f6r hela familjen. T\u00e4mligen enkelt att l\u00e4ra sig om man har lite t\u00e5lamod.Observera att detta inte \u00e4r n\u00e5gra leksaker och att kastknivar \u00e4r spetsiga och ibland vassa och ska inte handhas [&#8230;]\n","protected":false},"featured_media":79166,"template":"","meta":[],"product_brand":[],"product_cat":[908],"product_tag":[],"class_list":{"0":"post-79168","1":"product","2":"type-product","3":"status-publish","4":"has-post-thumbnail","6":"product_cat-kastkniv","8":"first","9":"instock","10":"sale","11":"taxable","12":"shipping-taxable","13":"purchasable","14":"product-type-simple"},"_links":{"self":[{"href":"https:\/\/jjcustomworks.se\/fr\/wp-json\/wp\/v2\/product\/79168","targetHints":{"allow":["GET"]}}],"collection":[{"href":"https:\/\/jjcustomworks.se\/fr\/wp-json\/wp\/v2\/product"}],"about":[{"href":"https:\/\/jjcustomworks.se\/fr\/wp-json\/wp\/v2\/types\/product"}],"wp:featuredmedia":[{"embeddable":true,"href":"https:\/\/jjcustomworks.se\/fr\/wp-json\/wp\/v2\/media\/79166"}],"wp:attachment":[{"href":"https:\/\/jjcustomworks.se\/fr\/wp-json\/wp\/v2\/media?parent=79168"}],"wp:term":[{"taxonomy":"product_brand","embeddable":true,"href":"https:\/\/jjcustomworks.se\/fr\/wp-json\/wp\/v2\/product_brand?post=79168"},{"taxonomy":"product_cat","embeddable":true,"href":"https:\/\/jjcustomworks.se\/fr\/wp-json\/wp\/v2\/product_cat?post=79168"},{"taxonomy":"product_tag","embeddable":true,"href":"https:\/\/jjcustomworks.se\/fr\/wp-json\/wp\/v2\/product_tag?post=79168"}],"curies":[{"name":"wp","href":"https:\/\/api.w.org\/{rel}","templated":true}]}}