{"id":79147,"date":"2025-10-16T22:23:47","date_gmt":"2025-10-16T20:23:47","guid":{"rendered":"https:\/\/jjcustomworks.se\/product\/replica-winchester-mares-leg-carbine-55-cm-black-2\/"},"modified":"2025-10-16T22:23:47","modified_gmt":"2025-10-16T20:23:47","slug":"replica-winchester-mares-leg-carbine-55-cm-black-2","status":"publish","type":"product","link":"https:\/\/jjcustomworks.se\/fr\/produit\/replica-winchester-mares-leg-carbine-55-cm-black-2\/","title":{"rendered":"Replica Winchester Mare&#8217;s Leg Carbine &#8211; 55 CM &#8211; Black"},"content":{"rendered":"<p>Kolser &#8211; 47-1057 X &#8211; Replica Winchester Mare&#8217;s Leg Carbine &#8211; 55 CM &#8211; Black<br \/><b>REMARQUE Balles r\u00e9pliques et quelques blisters inclus, les balles sont compatibles avec 12 anneaux blister\/capuchon !<br \/>Ce fusil est une r\u00e9plique non-tirante et ne peut pas \u00eatre utilis\u00e9 pour tirer des munitions r\u00e9elles, il est uniquement destin\u00e9 \u00e0 \u00eatre un objet de collection, une d\u00e9coration, une reconstitution historique, etc. Il n&#039;est pas recommand\u00e9 d&#039;utiliser des balles sans amorces car cela peut endommager le fusil et\/ou la balle, il est \u00e9galement recommand\u00e9 de huiler occasionnellement les pi\u00e8ces du m\u00e9canisme de tir\/rechargement<\/b><\/p>\n<p>Made by Kolser, this replica has measurements and weight that perfectly simulate a Winchester of the time as well as comfort when using it, in addition to the classic functional lever mechanism. This model also has a bullet ejection and reloading system, which means it is possible to feed bullets and load them with the lever. It is not possible to fire bullets, we recommend the use of caps (12 rings) for this replica (not 8 rings as they are too small).<\/p>\n<p>Cette r\u00e9plique de Mare&#039;s Leg est une copie fid\u00e8le de celle utilis\u00e9e par le personnage Steve McQueen, r\u00e9alis\u00e9e en m\u00e9tal avec des finitions noir mat, laiton et vieux gris et en r\u00e9sine haute densit\u00e9 qui simule le toucher et l&#039;apparence du bois.<\/p>","protected":false},"excerpt":{"rendered":"<p>Kolser &#8211; 47-1057 X &#8211; Replica Winchester Mare&#8217;s Leg Carbine &#8211; 55 CM &#8211; BlackNOTE Replica bullets and a few blisters included, the bullets are compatible with 12 blister\/cap rings!This rifle is a non firing replica and cannot be made to fire live ammunition, it is only meant as a collection item, decoration, historical reenactment [&#8230;]\n","protected":false},"featured_media":79145,"template":"","meta":[],"product_brand":[],"product_cat":[4805],"product_tag":[],"class_list":{"0":"post-79147","1":"product","2":"type-product","3":"status-publish","4":"has-post-thumbnail","6":"product_cat-replicas-older-historical","8":"first","9":"instock","10":"sale","11":"taxable","12":"shipping-taxable","13":"purchasable","14":"product-type-simple"},"_links":{"self":[{"href":"https:\/\/jjcustomworks.se\/fr\/wp-json\/wp\/v2\/product\/79147","targetHints":{"allow":["GET"]}}],"collection":[{"href":"https:\/\/jjcustomworks.se\/fr\/wp-json\/wp\/v2\/product"}],"about":[{"href":"https:\/\/jjcustomworks.se\/fr\/wp-json\/wp\/v2\/types\/product"}],"wp:featuredmedia":[{"embeddable":true,"href":"https:\/\/jjcustomworks.se\/fr\/wp-json\/wp\/v2\/media\/79145"}],"wp:attachment":[{"href":"https:\/\/jjcustomworks.se\/fr\/wp-json\/wp\/v2\/media?parent=79147"}],"wp:term":[{"taxonomy":"product_brand","embeddable":true,"href":"https:\/\/jjcustomworks.se\/fr\/wp-json\/wp\/v2\/product_brand?post=79147"},{"taxonomy":"product_cat","embeddable":true,"href":"https:\/\/jjcustomworks.se\/fr\/wp-json\/wp\/v2\/product_cat?post=79147"},{"taxonomy":"product_tag","embeddable":true,"href":"https:\/\/jjcustomworks.se\/fr\/wp-json\/wp\/v2\/product_tag?post=79147"}],"curies":[{"name":"wp","href":"https:\/\/api.w.org\/{rel}","templated":true}]}}