{"id":79144,"date":"2025-10-16T22:23:24","date_gmt":"2025-10-16T20:23:24","guid":{"rendered":"https:\/\/jjcustomworks.se\/product\/replica-winchester-carabine-usa-1892-98-cm-old-grey-4\/"},"modified":"2025-10-16T22:23:24","modified_gmt":"2025-10-16T20:23:24","slug":"replica-winchester-carabine-usa-1892-98-cm-old-grey-4","status":"publish","type":"product","link":"https:\/\/jjcustomworks.se\/fr\/produit\/replica-winchester-carabine-usa-1892-98-cm-old-grey-4\/","title":{"rendered":"Replica Winchester carabine USA 1892 &#8211; 98 CM &#8211; Old grey"},"content":{"rendered":"<p>Kolser &#8211; 47-1063 P &#8211; Replica Winchester carabine USA 1892 &#8211; 98 CM &#8211; Old grey<br \/>REMARQUE Nous ne recommandons pas l&#039;utilisation de balles avec ce mod\u00e8le !<br \/>Ce fusil est une r\u00e9plique non tirante et ne peut pas \u00eatre utilis\u00e9 pour tirer, il est destin\u00e9 \u00e0 \u00eatre un objet de collection ou \u00e0 des fins de d\u00e9coration uniquement. Il est recommand\u00e9 de huiler occasionnellement les pi\u00e8ces du m\u00e9canisme de tir\/rechargement.<\/p>\n<p>Replica Winchester carabine 98 cm USA model 1892 rifle from Kolser, this model has a narrow lever.<\/p>\n<p>La r\u00e9plique du fusil Winchester Kolser ne dispose pas du syst\u00e8me d&#039;\u00e9jection et de rechargement des balles. Bien qu&#039;il soit possible d&#039;ins\u00e9rer des r\u00e9pliques de balles, le m\u00e9canisme n&#039;est pas pr\u00e9vu pour cela et elles peuvent se coincer.<\/p>\n<p>Made of metal with matte black, brass and old grey finishes and imitation wood polypropylene, it has a weight very similar to a real &#8217;92 carabine rifle.<\/p>","protected":false},"excerpt":{"rendered":"<p>Kolser &#8211; 47-1063 P &#8211; Replica Winchester carabine USA 1892 &#8211; 98 CM &#8211; Old greyNOTE We do not recommend use of bullets with this model!This rifle is a non firing replica and cannot be made to fire, it is meant as a collection item or for decoration purposes only. It is recommended to oil [&#8230;]\n","protected":false},"featured_media":79142,"template":"","meta":[],"product_brand":[],"product_cat":[4805],"product_tag":[],"class_list":{"0":"post-79144","1":"product","2":"type-product","3":"status-publish","4":"has-post-thumbnail","6":"product_cat-replicas-older-historical","8":"first","9":"outofstock","10":"taxable","11":"shipping-taxable","12":"purchasable","13":"product-type-simple"},"_links":{"self":[{"href":"https:\/\/jjcustomworks.se\/fr\/wp-json\/wp\/v2\/product\/79144","targetHints":{"allow":["GET"]}}],"collection":[{"href":"https:\/\/jjcustomworks.se\/fr\/wp-json\/wp\/v2\/product"}],"about":[{"href":"https:\/\/jjcustomworks.se\/fr\/wp-json\/wp\/v2\/types\/product"}],"wp:featuredmedia":[{"embeddable":true,"href":"https:\/\/jjcustomworks.se\/fr\/wp-json\/wp\/v2\/media\/79142"}],"wp:attachment":[{"href":"https:\/\/jjcustomworks.se\/fr\/wp-json\/wp\/v2\/media?parent=79144"}],"wp:term":[{"taxonomy":"product_brand","embeddable":true,"href":"https:\/\/jjcustomworks.se\/fr\/wp-json\/wp\/v2\/product_brand?post=79144"},{"taxonomy":"product_cat","embeddable":true,"href":"https:\/\/jjcustomworks.se\/fr\/wp-json\/wp\/v2\/product_cat?post=79144"},{"taxonomy":"product_tag","embeddable":true,"href":"https:\/\/jjcustomworks.se\/fr\/wp-json\/wp\/v2\/product_tag?post=79144"}],"curies":[{"name":"wp","href":"https:\/\/api.w.org\/{rel}","templated":true}]}}