{"id":79078,"date":"2025-10-16T22:01:38","date_gmt":"2025-10-16T20:01:38","guid":{"rendered":"https:\/\/jjcustomworks.se\/product\/gasoline-oil-lighter-gentelo-25\/"},"modified":"2025-11-14T05:59:36","modified_gmt":"2025-11-14T04:59:36","slug":"gasoline-oil-lighter-gentelo-25","status":"publish","type":"product","link":"https:\/\/jjcustomworks.se\/fr\/produit\/gasoline-oil-lighter-gentelo-25\/","title":{"rendered":"Gasoline \/ Oil Lighter &#8211; Gentelo"},"content":{"rendered":"<p>Gentelo \u2013 Briquet \u00e0 essence\/huile<\/p>\n<p>Briquet classique bien fait \u00e0 un prix raisonnable<br \/>Tous les accessoires standards du march\u00e9 s&#039;adaptent.<br \/>Livr\u00e9 pr\u00eat \u00e0 l&#039;emploi \u2013 il suffit d&#039;ajouter du carburant.<\/p>","protected":false},"excerpt":{"rendered":"<p>Gentelo &#8211; Gasoline\/Oil Lighter Well made classic lighter at a reasonable priceAll standard accessories on the market fits.Delivered ready for use &#8211; just add fuel.<\/p>","protected":false},"featured_media":79076,"template":"","meta":[],"product_brand":[],"product_cat":[877],"product_tag":[],"class_list":{"0":"post-79078","1":"product","2":"type-product","3":"status-publish","4":"has-post-thumbnail","6":"product_cat-bensintandare","8":"first","9":"instock","10":"sale","11":"taxable","12":"shipping-taxable","13":"purchasable","14":"product-type-simple"},"_links":{"self":[{"href":"https:\/\/jjcustomworks.se\/fr\/wp-json\/wp\/v2\/product\/79078","targetHints":{"allow":["GET"]}}],"collection":[{"href":"https:\/\/jjcustomworks.se\/fr\/wp-json\/wp\/v2\/product"}],"about":[{"href":"https:\/\/jjcustomworks.se\/fr\/wp-json\/wp\/v2\/types\/product"}],"wp:featuredmedia":[{"embeddable":true,"href":"https:\/\/jjcustomworks.se\/fr\/wp-json\/wp\/v2\/media\/79076"}],"wp:attachment":[{"href":"https:\/\/jjcustomworks.se\/fr\/wp-json\/wp\/v2\/media?parent=79078"}],"wp:term":[{"taxonomy":"product_brand","embeddable":true,"href":"https:\/\/jjcustomworks.se\/fr\/wp-json\/wp\/v2\/product_brand?post=79078"},{"taxonomy":"product_cat","embeddable":true,"href":"https:\/\/jjcustomworks.se\/fr\/wp-json\/wp\/v2\/product_cat?post=79078"},{"taxonomy":"product_tag","embeddable":true,"href":"https:\/\/jjcustomworks.se\/fr\/wp-json\/wp\/v2\/product_tag?post=79078"}],"curies":[{"name":"wp","href":"https:\/\/api.w.org\/{rel}","templated":true}]}}