{"id":78858,"date":"2025-10-16T21:05:43","date_gmt":"2025-10-16T19:05:43","guid":{"rendered":"https:\/\/jjcustomworks.se\/product\/replica-ak-47-patron\/"},"modified":"2026-03-21T19:23:36","modified_gmt":"2026-03-21T18:23:36","slug":"replique-cartouche-ak-47-decoration","status":"publish","type":"product","link":"https:\/\/jjcustomworks.se\/fr\/produit\/replique-cartouche-ak-47-decoration\/","title":{"rendered":"R\u00e9plique Cartouche AK-47 | D\u00e9coration"},"content":{"rendered":"<h1><span class=\"ez-toc-section\" id=\"Replique_Cartouche_AK-47\"><\/span>R\u00e9plique Cartouche AK-47<span class=\"ez-toc-section-end\"><\/span><\/h1>\n<h2><span class=\"ez-toc-section\" id=\"Replique_Decorative_de_la_Cartouche_AK-47\"><\/span>R\u00e9plique D\u00e9corative de la Cartouche AK-47<span class=\"ez-toc-section-end\"><\/span><\/h2>\n<p>Cette r\u00e9plique de la cartouche AK-47 est une reproduction fid\u00e8le de la c\u00e9l\u00e8bre cartouche 7.62x39mm, connue du fusil AK47. Parfait pour ceux qui recherchent une d\u00e9coration unique et suscitant la conversation. Ces r\u00e9pliques sans licence sont totalement inoffensives et ne peuvent pas \u00eatre converties en cartouches r\u00e9elles.<\/p>\n<p><strong>Pourquoi choisir cette r\u00e9plique ?<\/strong><\/p>\n<ul>\n <li><strong>Conception authentique :<\/strong> Ressemble \u00e0 la vraie cartouche 7.62x39mm.<\/li>\n <li><strong>S\u00fbr :<\/strong> Ne peut pas \u00eatre converti en munitions r\u00e9elles.<\/li>\n <li><strong>D\u00e9coratif:<\/strong> Parfait pour d\u00e9corer votre maison, votre bureau ou votre collection.<\/li>\n<\/ul>\n<h3><span class=\"ez-toc-section\" id=\"Domaines_dutilisation\"><\/span>Domaines d&#8217;utilisation :<span class=\"ez-toc-section-end\"><\/span><\/h3>\n<p>Ces r\u00e9pliques sont id\u00e9ales pour :<\/p>\n<ul>\n <li><strong>D\u00e9coration:<\/strong> Utilisez-les dans le cadre d'une collection d'armes ou comme d\u00e9tail int\u00e9rieur unique.<\/li>\n <li><strong>Cadeau:<\/strong> Un cadeau appr\u00e9ci\u00e9 pour les passionn\u00e9s d'armes et les collectionneurs.<\/li>\n <li><strong>Exposition :<\/strong> Parfait pour les expositions et les \u00e9v\u00e9nements o\u00f9 vous souhaitez pr\u00e9senter des r\u00e9pliques d\u00e9taill\u00e9es d'accessoires d'armes.<\/li>\n<\/ul>\n<p>Ajoutez une touche d'histoire militaire \u00e0 votre int\u00e9rieur avec cette impressionnante r\u00e9plique de cartouche AK-47. <a href=\"https:\/\/jjcustomworks.se\/fr\/magasin\/\">Consultez notre gamme de cartouches r\u00e9pliques<\/a> pour plus d'options. Chaque r\u00e9plique est vendue individuellement, vous donnant la possibilit\u00e9 de personnaliser votre collection \u00e0 votre guise. Explorez <a href=\"https:\/\/jjcustomworks.se\/fr\/categorie-de-produit\/autres_produits\/replica-guns\/\">notre cat\u00e9gorie d'objets de collection<\/a> pour trouver des produits plus uniques et int\u00e9ressants. Ne manquez pas la chance de poss\u00e9der un morceau d'histoire - visitez <a href=\"https:\/\/jjcustomworks.se\/fr\/\">notre page d&#039;accueil<\/a> pour voir tous nos produits !<\/p>","protected":false},"excerpt":{"rendered":"<p>K\u00f6p en h\u00f6gkvalitativ replika av AK-47 patroner online &#8211; perfekt f\u00f6r samlare och airsoft-entusiaster. Utforska v\u00e5rt breda utbud av replica AK-47 patroner till konkurrenskraftiga priser och njut av autentisk design och detaljer. Best\u00e4ll idag och f\u00e5 snabb och p\u00e5litlig leverans.<\/p>","protected":false},"featured_media":78857,"template":"","meta":[],"product_brand":[],"product_cat":[823],"product_tag":[],"class_list":{"0":"post-78858","1":"product","2":"type-product","3":"status-publish","4":"has-post-thumbnail","6":"product_cat-replica-guns","8":"first","9":"instock","10":"sale","11":"taxable","12":"shipping-taxable","13":"purchasable","14":"product-type-simple"},"_links":{"self":[{"href":"https:\/\/jjcustomworks.se\/fr\/wp-json\/wp\/v2\/product\/78858","targetHints":{"allow":["GET"]}}],"collection":[{"href":"https:\/\/jjcustomworks.se\/fr\/wp-json\/wp\/v2\/product"}],"about":[{"href":"https:\/\/jjcustomworks.se\/fr\/wp-json\/wp\/v2\/types\/product"}],"wp:featuredmedia":[{"embeddable":true,"href":"https:\/\/jjcustomworks.se\/fr\/wp-json\/wp\/v2\/media\/78857"}],"wp:attachment":[{"href":"https:\/\/jjcustomworks.se\/fr\/wp-json\/wp\/v2\/media?parent=78858"}],"wp:term":[{"taxonomy":"product_brand","embeddable":true,"href":"https:\/\/jjcustomworks.se\/fr\/wp-json\/wp\/v2\/product_brand?post=78858"},{"taxonomy":"product_cat","embeddable":true,"href":"https:\/\/jjcustomworks.se\/fr\/wp-json\/wp\/v2\/product_cat?post=78858"},{"taxonomy":"product_tag","embeddable":true,"href":"https:\/\/jjcustomworks.se\/fr\/wp-json\/wp\/v2\/product_tag?post=78858"}],"curies":[{"name":"wp","href":"https:\/\/api.w.org\/{rel}","templated":true}]}}