{"id":78854,"date":"2025-10-16T21:05:30","date_gmt":"2025-10-16T19:05:30","guid":{"rendered":"https:\/\/jjcustomworks.se\/product\/replica-luger-p08-patron-765\/"},"modified":"2025-10-16T21:55:31","modified_gmt":"2025-10-16T19:55:31","slug":"replique-luger-p08-cartouche-765","status":"publish","type":"product","link":"https:\/\/jjcustomworks.se\/fr\/produit\/replique-luger-p08-cartouche-765\/","title":{"rendered":"R\u00e9plique Luger P08 Cartouche 7,65 mm | DENIX"},"content":{"rendered":"<h1><span class=\"ez-toc-section\" id=\"Replique_Luger_P08_Cartouche_765\"><\/span>R\u00e9plique Luger P08 Cartouche 7,65<span class=\"ez-toc-section-end\"><\/span><\/h1>\n<h2><span class=\"ez-toc-section\" id=\"Replique_de_la_Celebre_Cartouche_Luger_P08\"><\/span>R\u00e9plique de la C\u00e9l\u00e8bre Cartouche Luger P08<span class=\"ez-toc-section-end\"><\/span><\/h2>\n<p>R\u00e9plique de la c\u00e9l\u00e8bre cartouche pour le Luger P08. La 7.65x21mm Parabellum (d\u00e9sign\u00e9e 7,65 Parabellum par la C.I.P. et \u00e9galement connue sous le nom de .30 Luger et 7.65mm Luger) a \u00e9t\u00e9 introduite en 1898 par le fabricant d'armes allemand Deutsche Waffen und Munitionsfabriken (DWM) pour son nouveau pistolet Parabellum. Les principaux concepteurs \u00e9taient les concepteurs d'armes \u00e0 feu Georg Luger et Hugo Borchardt, qui ont d\u00e9velopp\u00e9 la cartouche \u00e0 partir de la pr\u00e9c\u00e9dente 7.65x25mm Borchardt tout en travaillant chez DWM. Ces cartouches sont des r\u00e9pliques sans licence qui ne peuvent pas \u00eatre transform\u00e9es en vraies. \u00c9l\u00e9gant et cool comme d\u00e9coration! Vendu individuellement.<\/p>\n<h3><span class=\"ez-toc-section\" id=\"Repliques_Decoratives_sans_Licence\"><\/span>R\u00e9pliques D\u00e9coratives sans Licence<span class=\"ez-toc-section-end\"><\/span><\/h3>\n<p>Ces cartouches de r\u00e9plique sont sans licence et ne peuvent pas \u00eatre converties en munitions r\u00e9elles, ce qui les rend id\u00e9ales pour la d\u00e9coration. Elles sont \u00e9l\u00e9gantes et cool \u00e0 utiliser \u00e0 des fins d\u00e9coratives dans divers contextes. Chaque r\u00e9plique est vendue individuellement.<\/p>\n<ul>\n<li>R\u00e9plique de la c\u00e9l\u00e8bre cartouche pour le Luger P08<\/li>\n<li>R\u00e9pliques sans licence qui ne peuvent pas \u00eatre rendues r\u00e9elles<\/li>\n<li>Vendu individuellement<\/li>\n<li>Parfait pour la d\u00e9coration<\/li>\n<\/ul>\n<p>Explorez notre s\u00e9lection de <a href=\"https:\/\/jjcustomworks.se\/fr\/magasin\/\"> r\u00e9pliques similaires<\/a> et d&#039;autres <a href=\"https:\/\/jjcustomworks.se\/fr\/categorie-de-produit\/autres_produits\/replica-guns\/\">objets d\u00e9coratifs<\/a>. Pour plus d'informations sur notre entreprise, visitez notre <a href=\"https:\/\/jjcustomworks.se\/fr\/\">page d&#039;accueil<\/a>.<\/p>","protected":false},"excerpt":{"rendered":"<p>R\u00e9plique Luger P08 Cartouche 7,65 R\u00e9plique de la C\u00e9l\u00e8bre Cartouche Luger P08 R\u00e9plique de la c\u00e9l\u00e8bre cartouche pour le Luger P08. La 7.65x21mm Parabellum (d\u00e9sign\u00e9e 7,65 Parabellum par la C.I.P. et \u00e9galement connue sous le nom de .30 Luger et 7.65mm Luger) a \u00e9t\u00e9 introduite en 1898 par le fabricant d&#8217;armes allemand Deutsche Waffen und [&#8230;]\n","protected":false},"featured_media":78850,"template":"","meta":[],"product_brand":[],"product_cat":[823],"product_tag":[],"class_list":{"0":"post-78854","1":"product","2":"type-product","3":"status-publish","4":"has-post-thumbnail","6":"product_cat-replica-guns","8":"first","9":"outofstock","10":"sale","11":"taxable","12":"shipping-taxable","13":"purchasable","14":"product-type-simple"},"_links":{"self":[{"href":"https:\/\/jjcustomworks.se\/fr\/wp-json\/wp\/v2\/product\/78854","targetHints":{"allow":["GET"]}}],"collection":[{"href":"https:\/\/jjcustomworks.se\/fr\/wp-json\/wp\/v2\/product"}],"about":[{"href":"https:\/\/jjcustomworks.se\/fr\/wp-json\/wp\/v2\/types\/product"}],"wp:featuredmedia":[{"embeddable":true,"href":"https:\/\/jjcustomworks.se\/fr\/wp-json\/wp\/v2\/media\/78850"}],"wp:attachment":[{"href":"https:\/\/jjcustomworks.se\/fr\/wp-json\/wp\/v2\/media?parent=78854"}],"wp:term":[{"taxonomy":"product_brand","embeddable":true,"href":"https:\/\/jjcustomworks.se\/fr\/wp-json\/wp\/v2\/product_brand?post=78854"},{"taxonomy":"product_cat","embeddable":true,"href":"https:\/\/jjcustomworks.se\/fr\/wp-json\/wp\/v2\/product_cat?post=78854"},{"taxonomy":"product_tag","embeddable":true,"href":"https:\/\/jjcustomworks.se\/fr\/wp-json\/wp\/v2\/product_tag?post=78854"}],"curies":[{"name":"wp","href":"https:\/\/api.w.org\/{rel}","templated":true}]}}