{"id":78845,"date":"2025-10-16T21:05:12","date_gmt":"2025-10-16T19:05:12","guid":{"rendered":"https:\/\/jjcustomworks.se\/product\/replica-k98-karbin-patron\/"},"modified":"2025-10-16T21:55:34","modified_gmt":"2025-10-16T19:55:34","slug":"replique-cartouche-k98-replique-decorative","status":"publish","type":"product","link":"https:\/\/jjcustomworks.se\/fr\/produit\/replique-cartouche-k98-replique-decorative\/","title":{"rendered":"R\u00e9plique Cartouche K98 - R\u00e9plique D\u00e9corative"},"content":{"rendered":"<h1><span class=\"ez-toc-section\" id=\"Replique_de_Cartouche_K98\"><\/span>R\u00e9plique de Cartouche K98<span class=\"ez-toc-section-end\"><\/span><\/h1>\n<h2><span class=\"ez-toc-section\" id=\"Repliques_decoratives_de_cartouches_K98\"><\/span>R\u00e9pliques d\u00e9coratives de cartouches K98<span class=\"ez-toc-section-end\"><\/span><\/h2>\n<p>Ces r\u00e9pliques de cartouches K98 sont un excellent choix pour ceux qui recherchent une d\u00e9coration \u00e9l\u00e9gante et cool. La r\u00e9plique est sans licence et ne peut pas \u00eatre rendue r\u00e9elle, ce qui la rend s\u00fbre \u00e0 utiliser comme ornement. Parfait pour ajouter une touche unique \u00e0 votre maison ou \u00e0 votre collection.<\/p>\n<p>Chaque r\u00e9plique est vendue individuellement, vous donnant la possibilit\u00e9 d'acheter le nombre exact dont vous avez besoin pour votre projet ou d\u00e9coration.<\/p>\n<ul>\n<li><strong>R\u00e9plique sans licence :<\/strong> Peut \u00eatre utilis\u00e9e comme d\u00e9coration sans autorisation.<\/li>\n<li><strong>Non r\u00e9elle :<\/strong> Garanti sans danger \u00e0 manipuler.<\/li>\n<li><strong>D\u00e9coratif:<\/strong> Parfait pour am\u00e9liorer l'esth\u00e9tique de votre maison ou de votre collection.<\/li>\n<li><strong>Vendue individuellement :<\/strong> Achetez le nombre dont vous avez besoin.<\/li>\n<\/ul>\n\n<p>Ces r\u00e9pliques sont id\u00e9ales pour les reconstitutions historiques, les productions th\u00e9\u00e2trales ou comme cadeau unique pour les passionn\u00e9s d'histoire. Avec leur design authentique, elles donnent une impression r\u00e9aliste sans \u00eatre dangereuses. Compl\u00e9tez votre collection avec cette impressionnante r\u00e9plique. Consultez notre gamme d'<a href=\"https:\/\/jjcustomworks.se\/fr\/magasin\/\">autres r\u00e9pliques<\/a>.<\/p>\n\n<p>Pour plus d'informations sur nos produits, veuillez visiter notre <a href=\"https:\/\/jjcustomworks.se\/fr\/categorie-de-produit\/autres_produits\/replica-guns\/\">cat\u00e9gorie de r\u00e9plique d&#039;arme<\/a>. Magasinez en toute s\u00e9curit\u00e9 avec nous. Visitez notre <a href=\"https:\/\/jjcustomworks.se\/fr\/\">page d&#039;accueil<\/a> pour voir la gamme compl\u00e8te.<\/p>","protected":false},"excerpt":{"rendered":"<p>K\u00f6p den b\u00e4sta replikan av K98 Karbin patron &#8211; Perfekt f\u00f6r samlare och entusiaster | H\u00f6gkvalitativ replica K98 Karbin patron tillg\u00e4nglig f\u00f6r k\u00f6p online.<\/p>","protected":false},"featured_media":78841,"template":"","meta":[],"product_brand":[],"product_cat":[823],"product_tag":[],"class_list":{"0":"post-78845","1":"product","2":"type-product","3":"status-publish","4":"has-post-thumbnail","6":"product_cat-replica-guns","8":"first","9":"outofstock","10":"sale","11":"taxable","12":"shipping-taxable","13":"purchasable","14":"product-type-simple"},"_links":{"self":[{"href":"https:\/\/jjcustomworks.se\/fr\/wp-json\/wp\/v2\/product\/78845","targetHints":{"allow":["GET"]}}],"collection":[{"href":"https:\/\/jjcustomworks.se\/fr\/wp-json\/wp\/v2\/product"}],"about":[{"href":"https:\/\/jjcustomworks.se\/fr\/wp-json\/wp\/v2\/types\/product"}],"wp:featuredmedia":[{"embeddable":true,"href":"https:\/\/jjcustomworks.se\/fr\/wp-json\/wp\/v2\/media\/78841"}],"wp:attachment":[{"href":"https:\/\/jjcustomworks.se\/fr\/wp-json\/wp\/v2\/media?parent=78845"}],"wp:term":[{"taxonomy":"product_brand","embeddable":true,"href":"https:\/\/jjcustomworks.se\/fr\/wp-json\/wp\/v2\/product_brand?post=78845"},{"taxonomy":"product_cat","embeddable":true,"href":"https:\/\/jjcustomworks.se\/fr\/wp-json\/wp\/v2\/product_cat?post=78845"},{"taxonomy":"product_tag","embeddable":true,"href":"https:\/\/jjcustomworks.se\/fr\/wp-json\/wp\/v2\/product_tag?post=78845"}],"curies":[{"name":"wp","href":"https:\/\/api.w.org\/{rel}","templated":true}]}}