{"id":78840,"date":"2025-10-16T21:05:05","date_gmt":"2025-10-16T19:05:05","guid":{"rendered":"https:\/\/jjcustomworks.se\/product\/9mm-luger-mp40-patron\/"},"modified":"2025-10-16T21:55:36","modified_gmt":"2025-10-16T19:55:36","slug":"replique-de-cartouche-9mm-luger-mp40","status":"publish","type":"product","link":"https:\/\/jjcustomworks.se\/fr\/produit\/replique-de-cartouche-9mm-luger-mp40\/","title":{"rendered":"R\u00e9plique de Cartouche 9mm Luger \/ MP40 | DENIX"},"content":{"rendered":"<h1><span class=\"ez-toc-section\" id=\"Replique_de_Cartouche_9mm_Luger_MP40\"><\/span>R\u00e9plique de Cartouche 9mm Luger \/ MP40<span class=\"ez-toc-section-end\"><\/span><\/h1>\n<h2><span class=\"ez-toc-section\" id=\"Replique_de_la_Cartouche_Celebre\"><\/span>R\u00e9plique de la Cartouche C\u00e9l\u00e8bre<span class=\"ez-toc-section-end\"><\/span><\/h2>\n<p>R\u00e9plique de la c\u00e9l\u00e8bre cartouche de 9 x 19 mm utilis\u00e9e dans les pistolets Luger et les MP40. Cette cartouche, \u00e9galement connue sous le nom de 9 x 19 mm Parabellum ou 9 x 19 mm OTAN, a \u00e9t\u00e9 con\u00e7ue par Georg Luger et introduite en 1902 par la Deutsche Waffen und Munitionsfabriken (DWM). Le premier pistolet \u00e0 l'utiliser fut le Luger P08, c'est pourquoi on l'appelle souvent 9 mm Luger. Ces r\u00e9pliques sont sans licence et ne peuvent pas \u00eatre rendues actives. Parfait comme d\u00e9coration \u00e9l\u00e9gante et cool !<\/p>\n\n<h2><span class=\"ez-toc-section\" id=\"Utilisation_Moderne\"><\/span>Utilisation Moderne<span class=\"ez-toc-section-end\"><\/span><\/h2>\n<p>Aujourd'hui, la cartouche de 9 mm est utilis\u00e9e dans de nombreuses armes, notamment le H&K MP5, le Glock 17 et l'Uzi. <b>Ces cartouches sont des r\u00e9pliques et ne peuvent pas \u00eatre rendues actives.<\/b><\/p>\n<ul>\n<li>R\u00e9plique de la cartouche de 9 x 19 mm<\/li>\n<li>Utilis\u00e9e dans les pistolets Luger et les MP40 (en tant que r\u00e9plique)<\/li>\n<li>R\u00e9pliques sans licence \u2013 ne peuvent pas \u00eatre rendues actives<\/li>\n<li>Parfait comme d\u00e9coration<\/li>\n<li>Vendu \u00e0 l'unit\u00e9<\/li>\n<\/ul>\n\n<p>D\u00e9couvrez nos autres <a href=\"https:\/\/jjcustomworks.se\/fr\/magasin\/\">r\u00e9pliques authentiques<\/a> pour compl\u00e9ter votre collection. Visitez notre <a href=\"https:\/\/jjcustomworks.se\/fr\/categorie-de-produit\/autres_produits\/replica-guns\/\">cat\u00e9gorie de r\u00e9plique d&#039;arme<\/a> pour voir plus d'options. Explorez notre gamme compl\u00e8te sur <a href=\"https:\/\/jjcustomworks.se\/fr\/\">notre site Web<\/a>.<\/p>","protected":false},"excerpt":{"rendered":"<p>Hitta h\u00f6gkvalitativa 9mm luger \/ MP40 patroner online &#8211; K\u00f6p nu f\u00f6r b\u00e4sta priser och snabb leverans. Utforska v\u00e5rt stora utbud av ammunition f\u00f6r 9mm luger och MP40, perfekt f\u00f6r b\u00e5de sportskytte och sj\u00e4lvf\u00f6rsvar.<\/p>","protected":false},"featured_media":78839,"template":"","meta":[],"product_brand":[],"product_cat":[823],"product_tag":[],"class_list":{"0":"post-78840","1":"product","2":"type-product","3":"status-publish","4":"has-post-thumbnail","6":"product_cat-replica-guns","8":"first","9":"outofstock","10":"sale","11":"taxable","12":"shipping-taxable","13":"purchasable","14":"product-type-simple"},"_links":{"self":[{"href":"https:\/\/jjcustomworks.se\/fr\/wp-json\/wp\/v2\/product\/78840","targetHints":{"allow":["GET"]}}],"collection":[{"href":"https:\/\/jjcustomworks.se\/fr\/wp-json\/wp\/v2\/product"}],"about":[{"href":"https:\/\/jjcustomworks.se\/fr\/wp-json\/wp\/v2\/types\/product"}],"wp:featuredmedia":[{"embeddable":true,"href":"https:\/\/jjcustomworks.se\/fr\/wp-json\/wp\/v2\/media\/78839"}],"wp:attachment":[{"href":"https:\/\/jjcustomworks.se\/fr\/wp-json\/wp\/v2\/media?parent=78840"}],"wp:term":[{"taxonomy":"product_brand","embeddable":true,"href":"https:\/\/jjcustomworks.se\/fr\/wp-json\/wp\/v2\/product_brand?post=78840"},{"taxonomy":"product_cat","embeddable":true,"href":"https:\/\/jjcustomworks.se\/fr\/wp-json\/wp\/v2\/product_cat?post=78840"},{"taxonomy":"product_tag","embeddable":true,"href":"https:\/\/jjcustomworks.se\/fr\/wp-json\/wp\/v2\/product_tag?post=78840"}],"curies":[{"name":"wp","href":"https:\/\/api.w.org\/{rel}","templated":true}]}}