{"id":78838,"date":"2025-10-16T21:04:58","date_gmt":"2025-10-16T19:04:58","guid":{"rendered":"https:\/\/jjcustomworks.se\/product\/replica-patron-revolver\/"},"modified":"2025-10-16T21:55:37","modified_gmt":"2025-10-16T19:55:37","slug":"replique-cartouche-revolver","status":"publish","type":"product","link":"https:\/\/jjcustomworks.se\/fr\/produit\/replique-cartouche-revolver\/","title":{"rendered":"R\u00e9plique Cartouche Revolver | DENIX"},"content":{"rendered":"<h1><span class=\"ez-toc-section\" id=\"Replique_Cartouche_Revolver\"><\/span>R\u00e9plique Cartouche Revolver<span class=\"ez-toc-section-end\"><\/span><\/h1>\n<h2><span class=\"ez-toc-section\" id=\"Munitions_Decoratives_pour_Revolver\"><\/span>Munitions D\u00e9coratives pour Revolver<span class=\"ez-toc-section-end\"><\/span><\/h2>\n<p>Ces r\u00e9pliques de cartouches de revolver DENIX sont destin\u00e9es uniquement \u00e0 des fins d\u00e9coratives et sont parfaitement adapt\u00e9es aux revolvers Colt de type Peacemaker. D'une hauteur de 30 mm, elles sont vendues individuellement. Utilisez ces cartouches pour donner une touche authentique \u00e0 votre collection ou \u00e0 votre exposition. Vous pouvez trouver d'autres <a href=\"https:\/\/jjcustomworks.se\/fr\/magasin\/\">r\u00e9pliques d&#039;armes<\/a> dans notre gamme.<\/p>\n<h3><span class=\"ez-toc-section\" id=\"Specifications\"><\/span>Caract\u00e9ristiques:<span class=\"ez-toc-section-end\"><\/span><\/h3>\n<ul>\n <li><strong>Taper :<\/strong> R\u00e9plique de munitions d\u00e9coratives<\/li>\n <li><strong>Convient pour :<\/strong> Revolver Colt type Peacemaker<\/li>\n <li><strong>Hauteur:<\/strong> 30mm<\/li>\n <li><strong>Vendu :<\/strong> \u00c0 l'unit\u00e9<\/li>\n<\/ul>\n\n<p>Visitez notre <a href=\"https:\/\/jjcustomworks.se\/fr\/categorie-de-produit\/autres_produits\/replica-guns\/\">cat\u00e9gorie de r\u00e9plique d&#039;arme<\/a> pour en voir plus. Pour plus d'informations sur DENIX et nos produits, visitez notre <a href=\"https:\/\/jjcustomworks.se\/fr\/\">page d&#039;accueil<\/a>.<\/p>","protected":false},"excerpt":{"rendered":"<p>R\u00e9plique Cartouche Revolver Munitions D\u00e9coratives pour Revolver Ces r\u00e9pliques de cartouches de revolver DENIX sont destin\u00e9es uniquement \u00e0 des fins d\u00e9coratives et sont parfaitement adapt\u00e9es aux revolvers Colt de type Peacemaker. D&#8217;une hauteur de 30 mm, elles sont vendues individuellement. Utilisez ces cartouches pour donner une touche authentique \u00e0 votre collection ou \u00e0 votre exposition. [&#8230;]\n","protected":false},"featured_media":78837,"template":"","meta":[],"product_brand":[],"product_cat":[823],"product_tag":[],"class_list":{"0":"post-78838","1":"product","2":"type-product","3":"status-publish","4":"has-post-thumbnail","6":"product_cat-replica-guns","8":"first","9":"outofstock","10":"sale","11":"taxable","12":"shipping-taxable","13":"purchasable","14":"product-type-simple"},"_links":{"self":[{"href":"https:\/\/jjcustomworks.se\/fr\/wp-json\/wp\/v2\/product\/78838","targetHints":{"allow":["GET"]}}],"collection":[{"href":"https:\/\/jjcustomworks.se\/fr\/wp-json\/wp\/v2\/product"}],"about":[{"href":"https:\/\/jjcustomworks.se\/fr\/wp-json\/wp\/v2\/types\/product"}],"wp:featuredmedia":[{"embeddable":true,"href":"https:\/\/jjcustomworks.se\/fr\/wp-json\/wp\/v2\/media\/78837"}],"wp:attachment":[{"href":"https:\/\/jjcustomworks.se\/fr\/wp-json\/wp\/v2\/media?parent=78838"}],"wp:term":[{"taxonomy":"product_brand","embeddable":true,"href":"https:\/\/jjcustomworks.se\/fr\/wp-json\/wp\/v2\/product_brand?post=78838"},{"taxonomy":"product_cat","embeddable":true,"href":"https:\/\/jjcustomworks.se\/fr\/wp-json\/wp\/v2\/product_cat?post=78838"},{"taxonomy":"product_tag","embeddable":true,"href":"https:\/\/jjcustomworks.se\/fr\/wp-json\/wp\/v2\/product_tag?post=78838"}],"curies":[{"name":"wp","href":"https:\/\/api.w.org\/{rel}","templated":true}]}}