{"id":78836,"date":"2025-10-16T21:04:52","date_gmt":"2025-10-16T19:04:52","guid":{"rendered":"https:\/\/jjcustomworks.se\/product\/replica-m1-carbine-patron\/"},"modified":"2025-10-16T21:55:38","modified_gmt":"2025-10-16T19:55:38","slug":"replique-cartouche-m1-carbine","status":"publish","type":"product","link":"https:\/\/jjcustomworks.se\/fr\/produit\/replique-cartouche-m1-carbine\/","title":{"rendered":"R\u00e9plique cartouche M1 Carbine | DENIX"},"content":{"rendered":"<h1><span class=\"ez-toc-section\" id=\"Replique_cartouche_M1_Carbine\"><\/span>R\u00e9plique cartouche M1 Carbine<span class=\"ez-toc-section-end\"><\/span><\/h1>\n<h2><span class=\"ez-toc-section\" id=\"Replique_de_la_celebre_cartouche_30_Carbine\"><\/span>R\u00e9plique de la c\u00e9l\u00e8bre cartouche .30 Carbine<span class=\"ez-toc-section-end\"><\/span><\/h2>\n<p>R\u00e9plique de la c\u00e9l\u00e8bre cartouche .30 Carbine ! Les munitions quiConvient \u00e0 la M1 Carbine ont \u00e9t\u00e9 utilis\u00e9es par les Alli\u00e9s pendant la Seconde Guerre mondiale. Ces cartouches sont des r\u00e9pliques sans licence qui ne peuvent pas \u00eatre rendues r\u00e9elles. \u00c9l\u00e9gant et cool comme d\u00e9coration !<\/p>\n<p>Ces r\u00e9pliques de cartouches M1 Carbine sont parfaites pour ceux qui veulent une touche historique dans leur collection ou comme d\u00e9coration. Les cartouches sont des r\u00e9pliques sans licence et ne peuvent pas \u00eatre rendues r\u00e9elles, ce qui les rend s\u00fbres \u00e0 manipuler et \u00e0 exposer. <a href=\"https:\/\/jjcustomworks.se\/fr\/magasin\/\">Compl\u00e9tez votre collection<\/a> avec ces r\u00e9pliques d\u00e9taill\u00e9es qui donnent une sensation authentique de la Seconde Guerre mondiale. Pour plus de produits connexes, visitez notre <a href=\"https:\/\/jjcustomworks.se\/fr\/categorie-de-produit\/autres_produits\/replica-guns\/\">page de cat\u00e9gorie pour les armes de collection<\/a>.<\/p>\n<h3><span class=\"ez-toc-section\" id=\"Repliques_decoratives\"><\/span>R\u00e9pliques d\u00e9coratives<span class=\"ez-toc-section-end\"><\/span><\/h3>\n<ul>\n <li>R\u00e9pliques sans licence de cartouches .30 Carbine<\/li>\n <li>Utilis\u00e9es par les Alli\u00e9s pendant la Seconde Guerre mondiale<\/li>\n <li>S\u00fbres et ne peuvent pas \u00eatre rendues r\u00e9elles<\/li>\n <li>Parfaites comme d\u00e9coration ou objet de collection<\/li>\n<\/ul>\n<p>Ces r\u00e9pliques de cartouches sont un excellent moyen d'honorer l'histoire et de cr\u00e9er une atmosph\u00e8re int\u00e9ressante dans votre maison ou votre bureau. Chaque cartouche est vendue individuellement, vous pouvez donc acheter le nombre dont vous avez besoin pour cr\u00e9er votre propre pr\u00e9sentoir unique. Ne manquez pas la chance de poss\u00e9der un morceau d'histoire ! <a href=\"https:\/\/jjcustomworks.se\/fr\/\">Visitez notre site Web<\/a> pour voir toute notre gamme.<\/p>","protected":false},"excerpt":{"rendered":"<p>R\u00e9plique cartouche M1 Carbine R\u00e9plique de la c\u00e9l\u00e8bre cartouche .30 Carbine R\u00e9plique de la c\u00e9l\u00e8bre cartouche .30 Carbine ! Les munitions quiConvient \u00e0 la M1 Carbine ont \u00e9t\u00e9 utilis\u00e9es par les Alli\u00e9s pendant la Seconde Guerre mondiale. Ces cartouches sont des r\u00e9pliques sans licence qui ne peuvent pas \u00eatre rendues r\u00e9elles. \u00c9l\u00e9gant et cool comme [&#8230;]\n","protected":false},"featured_media":78835,"template":"","meta":[],"product_brand":[],"product_cat":[823],"product_tag":[],"class_list":{"0":"post-78836","1":"product","2":"type-product","3":"status-publish","4":"has-post-thumbnail","6":"product_cat-replica-guns","8":"first","9":"instock","10":"sale","11":"taxable","12":"shipping-taxable","13":"purchasable","14":"product-type-simple"},"_links":{"self":[{"href":"https:\/\/jjcustomworks.se\/fr\/wp-json\/wp\/v2\/product\/78836","targetHints":{"allow":["GET"]}}],"collection":[{"href":"https:\/\/jjcustomworks.se\/fr\/wp-json\/wp\/v2\/product"}],"about":[{"href":"https:\/\/jjcustomworks.se\/fr\/wp-json\/wp\/v2\/types\/product"}],"wp:featuredmedia":[{"embeddable":true,"href":"https:\/\/jjcustomworks.se\/fr\/wp-json\/wp\/v2\/media\/78835"}],"wp:attachment":[{"href":"https:\/\/jjcustomworks.se\/fr\/wp-json\/wp\/v2\/media?parent=78836"}],"wp:term":[{"taxonomy":"product_brand","embeddable":true,"href":"https:\/\/jjcustomworks.se\/fr\/wp-json\/wp\/v2\/product_brand?post=78836"},{"taxonomy":"product_cat","embeddable":true,"href":"https:\/\/jjcustomworks.se\/fr\/wp-json\/wp\/v2\/product_cat?post=78836"},{"taxonomy":"product_tag","embeddable":true,"href":"https:\/\/jjcustomworks.se\/fr\/wp-json\/wp\/v2\/product_tag?post=78836"}],"curies":[{"name":"wp","href":"https:\/\/api.w.org\/{rel}","templated":true}]}}